{"id":7947,"date":"2023-06-14T07:47:47","date_gmt":"2023-06-14T07:47:47","guid":{"rendered":"https:\/\/fcspartaktrnava.com\/?page_id=7947"},"modified":"2024-07-23T16:50:31","modified_gmt":"2024-07-23T14:50:31","slug":"newsletter","status":"publish","type":"page","link":"https:\/\/fcspartaktrnava.com\/en\/newsletter\/","title":{"rendered":"NEWSLETTER"},"content":{"rendered":"<p>Prihl\u00e1ste sa na odber klubov\u00e9ho newslettera a dost\u00e1vajte pravideln\u00e9 novinky z kuchyne Spartaka.<\/p>\n\n\n\n<div class=\"contact-page-wrap\">\n  <div class=\"contact-content\" style=\"padding:0;margin:0;\">\n    <div class=\"cf\">\n      <form method=\"post\" action=\"https:\/\/spartak.ecomailapp.cz\/public\/subscribe\/4\/f67e22c6c3dacfc9b77b6b40399abc16\">\n        <div class=\"cf-row\">\n          <p><span class=\"wpcf7-form-control-wrap\" data-name=\"name\"><input type=\"text\" name=\"name\" class=\"wpcf7-form-control wpcf7-text cf-inp-txt\" placeholder=\"First Name*\"><\/span><\/p>\n        <\/div>\n        <div class=\"cf-row\">\n          <p><span class=\"wpcf7-form-control-wrap\" data-name=\"surname\"><input type=\"text\" name=\"surname\" class=\"wpcf7-form-control wpcf7-text cf-inp-txt\" placeholder=\"Last Name*\"><\/span><\/p>\n        <\/div>\n        <div class=\"cf-row\">\n          <p><span class=\"wpcf7-form-control-wrap\" data-name=\"email\"><input type=\"email\" name=\"email\" class=\"wpcf7-form-control wpcf7-email cf-inp-txt\" placeholder=\"Email*\"><\/span><\/p>\n        <\/div>\n        <div class=\"cf-row\">\n          <p><input class=\"wpcf7-form-control wpcf7-submit has-spinner cf-submit\" type=\"submit\" value=\"Send\"><span class=\"wpcf7-spinner\"><\/span>\n          <\/p>\n        <\/div>\n      <\/form>\n    <\/div>\n  <\/div>\n<\/div>\n\n\n\n<p><\/p>\n\n\n\n<p>S\u00daHLAS SO ZASIELAN\u00cdM NEWSLETTERA<\/p>\n\n\n\n<p>Prihl\u00e1sen\u00edm sa k odberu newslettrov s\u00fahlas\u00edte so sprac\u00favan\u00edm osobn\u00fdch \u00fadajov na \u00fa\u010dely oslovovania s marketingov\u00fdmi ponukami prev\u00e1dzkovate\u013ea spolo\u010dnost\u00ed FC Spartak a.s. Doln\u00e9 ba\u0161ty 14, 917 01 Trnava, I\u010cO: 36&nbsp;247 057 (\u010falej len: \u201eprev\u00e1dzkovate\u013e\u201c).<\/p>\n\n\n\n<p>Pr\u00e1vnym z\u00e1kladom sprac\u00favania osobn\u00fdch \u00fadajov je s\u00fahlas dotknutej osoby, ktor\u00fd m\u00f4\u017eete kedyko\u013evek odvola\u0165 bez toho, aby to malo vplyv na z\u00e1konnos\u0165 sprac\u00favania zalo\u017een\u00e9ho na s\u00fahlase udelenom pred jeho odvolan\u00edm. \u010cas platnosti s\u00fahlasu uplynie po 3 rokoch odo d\u0148a jeho udelenia. Osobn\u00e9 \u00fadaje nebud\u00fa poskytovan\u00e9 do tretej krajiny alebo medzin\u00e1rodnej organiz\u00e1cii. K profilovaniu doch\u00e1dza len na z\u00e1klade demografie a v s\u00favislosti so sprac\u00favan\u00edm osobn\u00fdch \u00fadajov si v\u00e1s s\u00fa\u010dasne dovo\u013eujeme upozorni\u0165 na to, \u017ee poskytnut\u00edm osobn\u00fdch \u00fadajov na\u0161ej spolo\u010dnosti nadob\u00fadate postavenie dotknutej osoby, ktor\u00e1 m\u00e1 najm\u00e4 pr\u00e1vo na pr\u00edstup k osobn\u00fdm \u00fadajom, pr\u00e1vo na opravu osobn\u00fdch \u00fadajov, pr\u00e1vo na vymazanie osobn\u00fdch \u00fadajov, pr\u00e1vo na obmedzenie sprac\u00favania osobn\u00fdch \u00fadajov, pr\u00e1vo na prenosnos\u0165 \u00fadajov, pr\u00e1vo namieta\u0165 proti sprac\u00favaniu osobn\u00fdch \u00fadajov (vr\u00e1tane profilovania) a pr\u00e1vo na to, aby sa na \u0148u nevz\u0165ahovalo rozhodnutie zalo\u017een\u00e9 v\u00fdlu\u010dne na automatizovanom sprac\u00favan\u00ed (vr\u00e1tane profilovania). Dotknut\u00e1 osoba m\u00e1 s\u00fa\u010dasne pr\u00e1vo poda\u0165 s\u0165a\u017enos\u0165 org\u00e1nu dozoru, ktor\u00fdm je \u00darad na ochranu osobn\u00fdch \u00fadajov Slovenskej republiky. Prev\u00e1dzkovate\u013e vyhovie opr\u00e1vnenej \u017eiadosti dotknutej osoby v\u017edy v rozsahu, v akom je to technicky mo\u017en\u00e9. Prihl\u00e1si\u0165 sa m\u00f4\u017ee iba osoba star\u0161ia ako 16 rokov.<\/p>\n\n\n\n<p>Pr\u00edpadn\u00e9 ot\u00e1zky t\u00fdkaj\u00face sa ochrany osobn\u00fdch \u00fadajov adresujte zodpovednej osobe prostredn\u00edctvom e-mailovej adresy:&nbsp;<a href=\"mailto:oznamenia@cine-max.sk\">marketing@fcspartaktrnava.com<\/a><\/p>\n\n\n\n<p>V pr\u00edpade, ak pr\u00e1vnym z\u00e1kladom sprac\u00favania osobn\u00fdch \u00fadajov je s\u00fahlas dotknutej osoby, dotknut\u00e1 osoba je opr\u00e1vnen\u00e1 kedyko\u013evek svoj s\u00fahlas odvola\u0165 bez toho, aby to malo vplyv na z\u00e1konnos\u0165 sprac\u00favania zalo\u017een\u00e9ho na s\u00fahlase udelenom pred jeho odvolan\u00edm.<\/p>\n\n\n\n<p>Pr\u00e1vo kedyko\u013evek odvola\u0165 s\u00fahlas, a to aj pred uplynut\u00edm doby, na ktor\u00fa bol tento s\u00fahlas udelen\u00fd, m\u00f4\u017ee dotknut\u00e1 osoba uplatni\u0165 nasleduj\u00facimi sp\u00f4sobmi:<\/p>\n\n\n\n<ul class=\"wp-block-list\">\n<li>emailovou spr\u00e1vou zaslanou na adresu:&nbsp;<a href=\"mailto:cine-max@cine-max.sk\">marketing@fcspartaktrnava.com<\/a><\/li>\n\n\n\n<li>zaslan\u00edm p\u00edsomnej \u017eiadosti na adresu s\u00eddla prev\u00e1dzkovate\u013ea s uveden\u00edm textu \u201eGDPR \u2013 odvolanie s\u00fahlasu\u201c na ob\u00e1lke.<\/li>\n<\/ul>","protected":false},"excerpt":{"rendered":"<p>&#8230;<\/p>","protected":false},"author":2,"featured_media":0,"parent":0,"menu_order":0,"comment_status":"closed","ping_status":"closed","template":"","meta":{"footnotes":""},"class_list":["post-7947","page","type-page","status-publish","hentry","post-number-1"],"yoast_head":"<!-- This site is optimized with the Yoast SEO plugin v27.1.1 - https:\/\/yoast.com\/product\/yoast-seo-wordpress\/ -->\n<title>NEWSLETTER - FC Spartak Trnava<\/title>\n<meta name=\"robots\" content=\"index, follow, max-snippet:-1, max-image-preview:large, max-video-preview:-1\" \/>\n<link rel=\"canonical\" href=\"https:\/\/fcspartaktrnava.com\/en\/newsletter\/\" \/>\n<meta name=\"twitter:label1\" content=\"Estimated reading time\" \/>\n\t<meta name=\"twitter:data1\" content=\"2 minutes\" \/>\n<script type=\"application\/ld+json\" class=\"yoast-schema-graph\">{\"@context\":\"https:\/\/schema.org\",\"@graph\":[{\"@type\":\"WebPage\",\"@id\":\"https:\/\/fcspartaktrnava.com\/newsletter\/\",\"url\":\"https:\/\/fcspartaktrnava.com\/newsletter\/\",\"name\":\"NEWSLETTER - FC Spartak Trnava\",\"isPartOf\":{\"@id\":\"https:\/\/fcspartaktrnava.com\/#website\"},\"datePublished\":\"2023-06-14T07:47:47+00:00\",\"dateModified\":\"2024-07-23T14:50:31+00:00\",\"breadcrumb\":{\"@id\":\"https:\/\/fcspartaktrnava.com\/newsletter\/#breadcrumb\"},\"inLanguage\":\"en-GB\",\"potentialAction\":[{\"@type\":\"ReadAction\",\"target\":[\"https:\/\/fcspartaktrnava.com\/newsletter\/\"]}]},{\"@type\":\"BreadcrumbList\",\"@id\":\"https:\/\/fcspartaktrnava.com\/newsletter\/#breadcrumb\",\"itemListElement\":[{\"@type\":\"ListItem\",\"position\":1,\"name\":\"Home\",\"item\":\"https:\/\/fcspartaktrnava.com\/\"},{\"@type\":\"ListItem\",\"position\":2,\"name\":\"NEWSLETTER\"}]},{\"@type\":\"WebSite\",\"@id\":\"https:\/\/fcspartaktrnava.com\/#website\",\"url\":\"https:\/\/fcspartaktrnava.com\/\",\"name\":\"FC Spartak Trnava\",\"description\":\"ofici\u00e1lna webstr\u00e1nka futbalov\u00e9ho klubu\",\"publisher\":{\"@id\":\"https:\/\/fcspartaktrnava.com\/#organization\"},\"potentialAction\":[{\"@type\":\"SearchAction\",\"target\":{\"@type\":\"EntryPoint\",\"urlTemplate\":\"https:\/\/fcspartaktrnava.com\/?s={search_term_string}\"},\"query-input\":{\"@type\":\"PropertyValueSpecification\",\"valueRequired\":true,\"valueName\":\"search_term_string\"}}],\"inLanguage\":\"en-GB\"},{\"@type\":\"Organization\",\"@id\":\"https:\/\/fcspartaktrnava.com\/#organization\",\"name\":\"FC Spartak Trnava\",\"alternateName\":\"Spartak\",\"url\":\"https:\/\/fcspartaktrnava.com\/\",\"logo\":{\"@type\":\"ImageObject\",\"inLanguage\":\"en-GB\",\"@id\":\"https:\/\/fcspartaktrnava.com\/#\/schema\/logo\/image\/\",\"url\":\"https:\/\/fcspartaktrnava.com\/wp-content\/uploads\/2022\/08\/cropped-site_logo.png\",\"contentUrl\":\"https:\/\/fcspartaktrnava.com\/wp-content\/uploads\/2022\/08\/cropped-site_logo.png\",\"width\":140,\"height\":140,\"caption\":\"FC Spartak Trnava\"},\"image\":{\"@id\":\"https:\/\/fcspartaktrnava.com\/#\/schema\/logo\/image\/\"},\"sameAs\":[\"https:\/\/www.facebook.com\/SpartakTrnava\",\"https:\/\/x.com\/SpartakTrnava1\",\"https:\/\/www.instagram.com\/spartak_sk\/\"]}]}<\/script>\n<!-- \/ Yoast SEO plugin. -->","yoast_head_json":{"title":"NEWSLETTER - FC Spartak Trnava","robots":{"index":"index","follow":"follow","max-snippet":"max-snippet:-1","max-image-preview":"max-image-preview:large","max-video-preview":"max-video-preview:-1"},"canonical":"https:\/\/fcspartaktrnava.com\/en\/newsletter\/","twitter_misc":{"Estimated reading time":"2 minutes"},"schema":{"@context":"https:\/\/schema.org","@graph":[{"@type":"WebPage","@id":"https:\/\/fcspartaktrnava.com\/newsletter\/","url":"https:\/\/fcspartaktrnava.com\/newsletter\/","name":"NEWSLETTER - FC Spartak Trnava","isPartOf":{"@id":"https:\/\/fcspartaktrnava.com\/#website"},"datePublished":"2023-06-14T07:47:47+00:00","dateModified":"2024-07-23T14:50:31+00:00","breadcrumb":{"@id":"https:\/\/fcspartaktrnava.com\/newsletter\/#breadcrumb"},"inLanguage":"en-GB","potentialAction":[{"@type":"ReadAction","target":["https:\/\/fcspartaktrnava.com\/newsletter\/"]}]},{"@type":"BreadcrumbList","@id":"https:\/\/fcspartaktrnava.com\/newsletter\/#breadcrumb","itemListElement":[{"@type":"ListItem","position":1,"name":"Home","item":"https:\/\/fcspartaktrnava.com\/"},{"@type":"ListItem","position":2,"name":"NEWSLETTER"}]},{"@type":"WebSite","@id":"https:\/\/fcspartaktrnava.com\/#website","url":"https:\/\/fcspartaktrnava.com\/","name":"FC Spartak Trnava","description":"ofici\u00e1lna webstr\u00e1nka futbalov\u00e9ho klubu","publisher":{"@id":"https:\/\/fcspartaktrnava.com\/#organization"},"potentialAction":[{"@type":"SearchAction","target":{"@type":"EntryPoint","urlTemplate":"https:\/\/fcspartaktrnava.com\/?s={search_term_string}"},"query-input":{"@type":"PropertyValueSpecification","valueRequired":true,"valueName":"search_term_string"}}],"inLanguage":"en-GB"},{"@type":"Organization","@id":"https:\/\/fcspartaktrnava.com\/#organization","name":"FC Spartak Trnava","alternateName":"Spartak","url":"https:\/\/fcspartaktrnava.com\/","logo":{"@type":"ImageObject","inLanguage":"en-GB","@id":"https:\/\/fcspartaktrnava.com\/#\/schema\/logo\/image\/","url":"https:\/\/fcspartaktrnava.com\/wp-content\/uploads\/2022\/08\/cropped-site_logo.png","contentUrl":"https:\/\/fcspartaktrnava.com\/wp-content\/uploads\/2022\/08\/cropped-site_logo.png","width":140,"height":140,"caption":"FC Spartak Trnava"},"image":{"@id":"https:\/\/fcspartaktrnava.com\/#\/schema\/logo\/image\/"},"sameAs":["https:\/\/www.facebook.com\/SpartakTrnava","https:\/\/x.com\/SpartakTrnava1","https:\/\/www.instagram.com\/spartak_sk\/"]}]}},"_links":{"self":[{"href":"https:\/\/fcspartaktrnava.com\/en\/wp-json\/wp\/v2\/pages\/7947","targetHints":{"allow":["GET"]}}],"collection":[{"href":"https:\/\/fcspartaktrnava.com\/en\/wp-json\/wp\/v2\/pages"}],"about":[{"href":"https:\/\/fcspartaktrnava.com\/en\/wp-json\/wp\/v2\/types\/page"}],"author":[{"embeddable":true,"href":"https:\/\/fcspartaktrnava.com\/en\/wp-json\/wp\/v2\/users\/2"}],"replies":[{"embeddable":true,"href":"https:\/\/fcspartaktrnava.com\/en\/wp-json\/wp\/v2\/comments?post=7947"}],"version-history":[{"count":0,"href":"https:\/\/fcspartaktrnava.com\/en\/wp-json\/wp\/v2\/pages\/7947\/revisions"}],"wp:attachment":[{"href":"https:\/\/fcspartaktrnava.com\/en\/wp-json\/wp\/v2\/media?parent=7947"}],"curies":[{"name":"wp","href":"https:\/\/api.w.org\/{rel}","templated":true}]}}