{"id":5971,"date":"2023-03-02T12:54:16","date_gmt":"2023-03-02T12:54:16","guid":{"rendered":"https:\/\/fcspartaktrnava.com\/?page_id=5971"},"modified":"2024-04-29T10:07:54","modified_gmt":"2024-04-29T08:07:54","slug":"podcasty","status":"publish","type":"page","link":"https:\/\/fcspartaktrnava.com\/en\/podcasty\/","title":{"rendered":"Podcasty"},"content":{"rendered":"<p class=\"has-vivid-red-color has-text-color has-large-font-size\"><strong>\u010cerveno-\u010d\u00edrny podcast<\/strong><\/p>\n\n\n\n<p><a href=\"https:\/\/open.spotify.com\/episode\/5g05MmCEgYDXyWdfqX5Umh?si=sP20XeHHRWiTokkovhkKQQ&amp;fbclid=IwZXh0bgNhZW0CMTAAAR3yA2REtBc5A0Z5bcq29Eye-Fws0gIZCDkx0oPuH0e68DOBNWAUHpzgf8Y_aem_Aac1haBwchYTyfLRFnrSVDmRdAGU1AK8h9Xntgs-6xBzJM_mQDa8tpOfMtTb0BBwEZzLxDEGHjWB445gLGikQ1Mp&amp;nd=1&amp;dlsi=efab3049153d46dc\">Na fin\u00e1le budeme nachystan\u00ed<\/a><\/p>\n\n\n\n<p>Rozhovor s hlavn\u00fdm tr\u00e9nerom pred fin\u00e1lov\u00fdm z\u00e1pasom Slovensk\u00e9ho poh\u00e1ra s Ru\u017eomberkom<\/p>\n\n\n\n<p>Hos\u0165: Michal Ga\u0161par\u00edk<\/p>\n\n\n\n<p>4\/24 <\/p>\n\n\n\n<p><a href=\"https:\/\/podcasters.spotify.com\/pod\/show\/spartak-trnava\/episodes\/Neutujem--e-som-sa-rozhodol-pre-Spartak---Michal-uri-e2d5826\">Ne\u013eutujem, \u017ee som sa rozhodol pre Spartak<\/a><\/p>\n\n\n\n<p>Rozhovor s \u00fato\u010dn\u00edkom Michalom \u010euri\u0161om, ktor\u00fd m\u00e1 pred sebou posledn\u00e9 dva z\u00e1pasy v spartakovskom drese.<\/p>\n\n\n\n<p>Hos\u0165: Michal \u010euri\u0161<\/p>\n\n\n\n<p>12\/23 <\/p>\n\n\n\n<p><a href=\"https:\/\/podcasters.spotify.com\/pod\/show\/spartak-trnava\/episodes\/Je-sprvny-as--aby-sme-porazili-Slovan-aj-v-lige---Michal-Gapark-e2ap7sm\/a-aage9ej?fbclid=IwAR3ViZVsjHUZvMGYKrU1mhBMF6XX-zSoGHOsNQNduJR1nqEK_LgLsUWih2w\">Je spr\u00e1vny \u010das, aby sme Slovan porazili aj v lige<\/a><\/p>\n\n\n\n<p>Pred derby so Slovanom, o \u00fa\u010dinkovan\u00ed mu\u017estva v skupinovej f\u00e1ze Eur\u00f3pskej konferen\u010dnej ligy, aj o v\u00edzi\u00e1ch klubu do bud\u00facnosti.<\/p>\n\n\n\n<p>Hos\u0165: Michal Ga\u0161par\u00edk, hlavn\u00fd tr\u00e9ner<\/p>\n\n\n\n<p>10\/2023<\/p>\n\n\n\n<p><a href=\"https:\/\/open.spotify.com\/episode\/3xKmHQqTj9Wknjix8xHEaT\" target=\"_blank\" rel=\"noreferrer noopener\">Je pre m\u0148a \u010des\u0165 by\u0165 s\u00fa\u010das\u0165ou Spartaka Trnava<\/a><\/p>\n\n\n\n<p>O zimnej pr\u00edprave pred \u0161tartom jarnej \u010dasti Fortuna ligy hovoril jeden z najsk\u00fasenej\u0161\u00edch v k\u00e1dri.<\/p>\n\n\n\n<p>Hos\u0165: Roman Proch\u00e1zka<\/p>\n\n\n\n<p>2\/2023<\/p>\n\n\n\n<p><\/p>\n\n\n\n<p><a href=\"https:\/\/open.spotify.com\/episode\/3DB2PYyRlobL284tYDFHyz\" target=\"_blank\" rel=\"noreferrer noopener\">Predviano\u010dn\u00e9 hodnotenie jesennej \u010dasti<\/a><\/p>\n\n\n\n<p>Tr\u00e9ner Spartaka a najprodukt\u00edvnej\u0161\u00ed hr\u00e1\u010d hodnotia jesenn\u00fa \u010das\u0165 Fortuna ligy v sez\u00f3ne 2022\/2023<\/p>\n\n\n\n<p>Hostia: Michal Ga\u0161par\u00edk, Samuel \u0160tef\u00e1nik<\/p>\n\n\n\n<p>12\/2022<\/p>\n\n\n\n<p> <\/p>\n\n\n\n<p><a href=\"https:\/\/open.spotify.com\/episode\/5cHyeTqzuDxi1zoq67jnUR\" target=\"_blank\" rel=\"noreferrer noopener\">Najsl\u00e1vnej\u0161ie slovensk\u00e9 derby<\/a><\/p>\n\n\n\n<p>Tr\u00e9ner Spartaka a odchovanec klubu pred najd\u00f4le\u017eitej\u0161\u00edm z\u00e1pasom v slovenskej lige<\/p>\n\n\n\n<p>Hostia: Michal Ga\u0161par\u00edk, Kristi\u00e1n Ko\u0161trna<\/p>\n\n\n\n<p>9\/2022<\/p>","protected":false},"excerpt":{"rendered":"<p>&#8230;<\/p>","protected":false},"author":2,"featured_media":0,"parent":0,"menu_order":0,"comment_status":"closed","ping_status":"closed","template":"","meta":{"footnotes":""},"class_list":["post-5971","page","type-page","status-publish","hentry","post-number-1"],"yoast_head":"<!-- This site is optimized with the Yoast SEO plugin v27.1.1 - https:\/\/yoast.com\/product\/yoast-seo-wordpress\/ -->\n<title>Podcasty - FC Spartak Trnava<\/title>\n<meta name=\"robots\" content=\"index, follow, max-snippet:-1, max-image-preview:large, max-video-preview:-1\" \/>\n<link rel=\"canonical\" href=\"https:\/\/fcspartaktrnava.com\/en\/podcasty\/\" \/>\n<meta name=\"twitter:label1\" content=\"Estimated reading time\" \/>\n\t<meta name=\"twitter:data1\" content=\"1 minute\" \/>\n<script type=\"application\/ld+json\" class=\"yoast-schema-graph\">{\"@context\":\"https:\/\/schema.org\",\"@graph\":[{\"@type\":\"WebPage\",\"@id\":\"https:\/\/fcspartaktrnava.com\/podcasty\/\",\"url\":\"https:\/\/fcspartaktrnava.com\/podcasty\/\",\"name\":\"Podcasty - FC Spartak Trnava\",\"isPartOf\":{\"@id\":\"https:\/\/fcspartaktrnava.com\/#website\"},\"datePublished\":\"2023-03-02T12:54:16+00:00\",\"dateModified\":\"2024-04-29T08:07:54+00:00\",\"breadcrumb\":{\"@id\":\"https:\/\/fcspartaktrnava.com\/podcasty\/#breadcrumb\"},\"inLanguage\":\"en-GB\",\"potentialAction\":[{\"@type\":\"ReadAction\",\"target\":[\"https:\/\/fcspartaktrnava.com\/podcasty\/\"]}]},{\"@type\":\"BreadcrumbList\",\"@id\":\"https:\/\/fcspartaktrnava.com\/podcasty\/#breadcrumb\",\"itemListElement\":[{\"@type\":\"ListItem\",\"position\":1,\"name\":\"Home\",\"item\":\"https:\/\/fcspartaktrnava.com\/\"},{\"@type\":\"ListItem\",\"position\":2,\"name\":\"Podcasty\"}]},{\"@type\":\"WebSite\",\"@id\":\"https:\/\/fcspartaktrnava.com\/#website\",\"url\":\"https:\/\/fcspartaktrnava.com\/\",\"name\":\"FC Spartak Trnava\",\"description\":\"ofici\u00e1lna webstr\u00e1nka futbalov\u00e9ho klubu\",\"publisher\":{\"@id\":\"https:\/\/fcspartaktrnava.com\/#organization\"},\"potentialAction\":[{\"@type\":\"SearchAction\",\"target\":{\"@type\":\"EntryPoint\",\"urlTemplate\":\"https:\/\/fcspartaktrnava.com\/?s={search_term_string}\"},\"query-input\":{\"@type\":\"PropertyValueSpecification\",\"valueRequired\":true,\"valueName\":\"search_term_string\"}}],\"inLanguage\":\"en-GB\"},{\"@type\":\"Organization\",\"@id\":\"https:\/\/fcspartaktrnava.com\/#organization\",\"name\":\"FC Spartak Trnava\",\"alternateName\":\"Spartak\",\"url\":\"https:\/\/fcspartaktrnava.com\/\",\"logo\":{\"@type\":\"ImageObject\",\"inLanguage\":\"en-GB\",\"@id\":\"https:\/\/fcspartaktrnava.com\/#\/schema\/logo\/image\/\",\"url\":\"https:\/\/fcspartaktrnava.com\/wp-content\/uploads\/2022\/08\/cropped-site_logo.png\",\"contentUrl\":\"https:\/\/fcspartaktrnava.com\/wp-content\/uploads\/2022\/08\/cropped-site_logo.png\",\"width\":140,\"height\":140,\"caption\":\"FC Spartak Trnava\"},\"image\":{\"@id\":\"https:\/\/fcspartaktrnava.com\/#\/schema\/logo\/image\/\"},\"sameAs\":[\"https:\/\/www.facebook.com\/SpartakTrnava\",\"https:\/\/x.com\/SpartakTrnava1\",\"https:\/\/www.instagram.com\/spartak_sk\/\"]}]}<\/script>\n<!-- \/ Yoast SEO plugin. -->","yoast_head_json":{"title":"Podcasty - FC Spartak Trnava","robots":{"index":"index","follow":"follow","max-snippet":"max-snippet:-1","max-image-preview":"max-image-preview:large","max-video-preview":"max-video-preview:-1"},"canonical":"https:\/\/fcspartaktrnava.com\/en\/podcasty\/","twitter_misc":{"Estimated reading time":"1 minute"},"schema":{"@context":"https:\/\/schema.org","@graph":[{"@type":"WebPage","@id":"https:\/\/fcspartaktrnava.com\/podcasty\/","url":"https:\/\/fcspartaktrnava.com\/podcasty\/","name":"Podcasty - FC Spartak Trnava","isPartOf":{"@id":"https:\/\/fcspartaktrnava.com\/#website"},"datePublished":"2023-03-02T12:54:16+00:00","dateModified":"2024-04-29T08:07:54+00:00","breadcrumb":{"@id":"https:\/\/fcspartaktrnava.com\/podcasty\/#breadcrumb"},"inLanguage":"en-GB","potentialAction":[{"@type":"ReadAction","target":["https:\/\/fcspartaktrnava.com\/podcasty\/"]}]},{"@type":"BreadcrumbList","@id":"https:\/\/fcspartaktrnava.com\/podcasty\/#breadcrumb","itemListElement":[{"@type":"ListItem","position":1,"name":"Home","item":"https:\/\/fcspartaktrnava.com\/"},{"@type":"ListItem","position":2,"name":"Podcasty"}]},{"@type":"WebSite","@id":"https:\/\/fcspartaktrnava.com\/#website","url":"https:\/\/fcspartaktrnava.com\/","name":"FC Spartak Trnava","description":"ofici\u00e1lna webstr\u00e1nka futbalov\u00e9ho klubu","publisher":{"@id":"https:\/\/fcspartaktrnava.com\/#organization"},"potentialAction":[{"@type":"SearchAction","target":{"@type":"EntryPoint","urlTemplate":"https:\/\/fcspartaktrnava.com\/?s={search_term_string}"},"query-input":{"@type":"PropertyValueSpecification","valueRequired":true,"valueName":"search_term_string"}}],"inLanguage":"en-GB"},{"@type":"Organization","@id":"https:\/\/fcspartaktrnava.com\/#organization","name":"FC Spartak Trnava","alternateName":"Spartak","url":"https:\/\/fcspartaktrnava.com\/","logo":{"@type":"ImageObject","inLanguage":"en-GB","@id":"https:\/\/fcspartaktrnava.com\/#\/schema\/logo\/image\/","url":"https:\/\/fcspartaktrnava.com\/wp-content\/uploads\/2022\/08\/cropped-site_logo.png","contentUrl":"https:\/\/fcspartaktrnava.com\/wp-content\/uploads\/2022\/08\/cropped-site_logo.png","width":140,"height":140,"caption":"FC Spartak Trnava"},"image":{"@id":"https:\/\/fcspartaktrnava.com\/#\/schema\/logo\/image\/"},"sameAs":["https:\/\/www.facebook.com\/SpartakTrnava","https:\/\/x.com\/SpartakTrnava1","https:\/\/www.instagram.com\/spartak_sk\/"]}]}},"_links":{"self":[{"href":"https:\/\/fcspartaktrnava.com\/en\/wp-json\/wp\/v2\/pages\/5971","targetHints":{"allow":["GET"]}}],"collection":[{"href":"https:\/\/fcspartaktrnava.com\/en\/wp-json\/wp\/v2\/pages"}],"about":[{"href":"https:\/\/fcspartaktrnava.com\/en\/wp-json\/wp\/v2\/types\/page"}],"author":[{"embeddable":true,"href":"https:\/\/fcspartaktrnava.com\/en\/wp-json\/wp\/v2\/users\/2"}],"replies":[{"embeddable":true,"href":"https:\/\/fcspartaktrnava.com\/en\/wp-json\/wp\/v2\/comments?post=5971"}],"version-history":[{"count":0,"href":"https:\/\/fcspartaktrnava.com\/en\/wp-json\/wp\/v2\/pages\/5971\/revisions"}],"wp:attachment":[{"href":"https:\/\/fcspartaktrnava.com\/en\/wp-json\/wp\/v2\/media?parent=5971"}],"curies":[{"name":"wp","href":"https:\/\/api.w.org\/{rel}","templated":true}]}}