{"id":5131,"date":"2023-02-08T14:55:46","date_gmt":"2023-02-08T14:55:46","guid":{"rendered":"https:\/\/fcspartaktrnava.com\/?page_id=5131"},"modified":"2025-08-06T15:17:47","modified_gmt":"2025-08-06T13:17:47","slug":"press","status":"publish","type":"page","link":"https:\/\/fcspartaktrnava.com\/en\/press\/","title":{"rendered":"PRESS &#8211; M\u00c9DI\u00c1"},"content":{"rendered":"<h2 class=\"wp-block-heading\">Accreditation rules<\/h2>\n\n\n\n<p><\/p>\n\n\n\n<p>There is a one-time club accreditation for home games of FC Spartak Trnava, which you can apply for after filling in the accreditation form \u201cApplication for accreditation\u201d on our website. You can apply for accreditation by email no later than last working day till 12.00 before the the game. <a href=\"mailto:popovec@fcspartaktrnava.com\">durinsky@fcspartaktrnava.com<\/a> and enter \"application for accreditation\" <strong><em>\u017diados\u0165 o\u00a0akredit\u00e1ciu.<\/em><\/strong> Subsequently, the club will send feedback on the status of accreditation.<\/p>\n\n\n\n<p>V \u017eiadosti o akredit\u00e1cie je nutn\u00e9 uvies\u0165 redakciu, meno a priezvisko a typ akredit\u00e1cie (print, foto, TV redaktor, TV kameraman, video). K \u017eiadosti je nutn\u00e9 prilo\u017ei\u0165 do pr\u00edlohy preukaz SSN, K\u0160R alebo potvrdenie redakcie. <\/p>\n\n\n\n<p>FC Spartak Trnava has the right to not give you accreditation or take away already given accreditation.<\/p>\n\n\n\n<p><strong>For journalists with accreditation:<\/strong><\/p>\n\n\n\n<p>1. Akredita\u010dn\u00e9 karty si je mo\u017en\u00e9 prevzia\u0165 v de\u0148 z\u00e1pasu, najsk\u00f4r 120 min\u00fat a najnesk\u00f4r 15 min\u00fat pred za\u010diatkom z\u00e1pasu (v tomto \u010dase je spr\u00edstupnen\u00fd aj PRESS ROOM) na recepcii \u0161tadi\u00f3na pri vchode (gate) H (od parkoviska -1. podla\u017eie).<\/p>\n\n\n\n<div class=\"wp-block-group\"><div class=\"wp-block-group__inner-container is-layout-constrained wp-block-group-is-layout-constrained\">\n<p>2. Parkovanie je mo\u017en\u00e9 v podzemnom parkovisku City Arena od Koll\u00e1rovej ulice (-1. podla\u017eie).<\/p>\n\n\n\n<p>3. Vstup na \u0161tadi\u00f3n je mo\u017en\u00fd iba cez vchod (gate) H (pe\u0161ia z\u00f3na, Ulica Doln\u00e9 Ba\u0161ty 1\/A).<\/p>\n\n\n\n<p>4. Bez akredita\u010dnej karty nie je mo\u017en\u00fd pohyb ani vstup do \u0161tadi\u00f3na!<\/p>\n\n\n\n<p>5. PRESS ROOM je na 3 podla\u017e\u00ed a miestnos\u0165 na tla\u010dov\u00e9 konferencie PRESS CONFERENCE je na -1. podla\u017e\u00ed (ak nie je v schv\u00e1lenej \u017eiadosti uveden\u00e9 inak). Obe miestnosti disponuj\u00fa wifi pripojen\u00edm.<\/p>\n\n\n\n<p>6. MIX Z\u00d3NA sa nach\u00e1dza na podla\u017e\u00ed -1 (medzi hr\u00e1\u010dskymi kab\u00ednami).<\/p>\n\n\n\n<p>7. Po skon\u010den\u00ed z\u00e1pasu sa odch\u00e1dza op\u00e4\u0165 cez vchod H, kde treba odovzda\u0165 sp\u00e4\u0165 akredita\u010dn\u00fa kartu, pr\u00edpadne vesty, ak ste si ich zapo\u017ei\u010dali.<\/p>\n\n\n\n<p><strong>Accredited photographers, TV and video<\/strong><\/p>\n\n\n\n<p>1. Photographers and TV camera-man will get returnable vests with specific identification, which will be distributed to them based on their Press Pass.<\/p>\n\n\n\n<p>2. During the games it is possible to take photographs and shoot video only behind the goals. It is forbidden to go near team benches.<br><br>3. Vzh\u013eadom na vysielacie pr\u00e1va je pr\u00edsny z\u00e1kaz publikova\u0165 z\u00e1bery priamo z ihriska u\u017e po\u010das z\u00e1pasu.<\/p>\n\n\n\n<p><\/p>\n\n\n<div class=\"wp-block-image\">\n<figure class=\"aligncenter size-large\"><img loading=\"lazy\" decoding=\"async\" width=\"1024\" height=\"705\" src=\"https:\/\/fcspartaktrnava.com\/wp-content\/uploads\/2023\/02\/sektor_plan-1024x705.jpg\" alt=\"\" class=\"wp-image-5138\" srcset=\"https:\/\/fcspartaktrnava.com\/wp-content\/uploads\/2023\/02\/sektor_plan-1024x705.jpg 1024w, https:\/\/fcspartaktrnava.com\/wp-content\/uploads\/2023\/02\/sektor_plan-300x207.jpg 300w, https:\/\/fcspartaktrnava.com\/wp-content\/uploads\/2023\/02\/sektor_plan-768x529.jpg 768w, https:\/\/fcspartaktrnava.com\/wp-content\/uploads\/2023\/02\/sektor_plan-18x12.jpg 18w, https:\/\/fcspartaktrnava.com\/wp-content\/uploads\/2023\/02\/sektor_plan.jpg 1028w\" sizes=\"auto, (max-width: 1024px) 100vw, 1024px\" \/><\/figure>\n<\/div><\/div><\/div>","protected":false},"excerpt":{"rendered":"<p>&#8230;<\/p>","protected":false},"author":2,"featured_media":0,"parent":0,"menu_order":0,"comment_status":"closed","ping_status":"closed","template":"","meta":{"footnotes":""},"class_list":["post-5131","page","type-page","status-publish","hentry","post-number-1"],"yoast_head":"<!-- This site is optimized with the Yoast SEO plugin v27.1.1 - https:\/\/yoast.com\/product\/yoast-seo-wordpress\/ -->\n<title>PRESS - M\u00c9DI\u00c1 - FC Spartak Trnava<\/title>\n<meta name=\"robots\" content=\"index, follow, max-snippet:-1, max-image-preview:large, max-video-preview:-1\" \/>\n<link rel=\"canonical\" href=\"https:\/\/fcspartaktrnava.com\/en\/press\/\" \/>\n<meta name=\"twitter:label1\" content=\"Estimated reading time\" \/>\n\t<meta name=\"twitter:data1\" content=\"2 minutes\" \/>\n<script type=\"application\/ld+json\" class=\"yoast-schema-graph\">{\"@context\":\"https:\/\/schema.org\",\"@graph\":[{\"@type\":\"WebPage\",\"@id\":\"https:\/\/fcspartaktrnava.com\/press\/\",\"url\":\"https:\/\/fcspartaktrnava.com\/press\/\",\"name\":\"PRESS - M\u00c9DI\u00c1 - FC Spartak Trnava\",\"isPartOf\":{\"@id\":\"https:\/\/fcspartaktrnava.com\/#website\"},\"primaryImageOfPage\":{\"@id\":\"https:\/\/fcspartaktrnava.com\/press\/#primaryimage\"},\"image\":{\"@id\":\"https:\/\/fcspartaktrnava.com\/press\/#primaryimage\"},\"thumbnailUrl\":\"https:\/\/fcspartaktrnava.com\/wp-content\/uploads\/2023\/02\/sektor_plan-1024x705.jpg\",\"datePublished\":\"2023-02-08T14:55:46+00:00\",\"dateModified\":\"2025-08-06T13:17:47+00:00\",\"breadcrumb\":{\"@id\":\"https:\/\/fcspartaktrnava.com\/press\/#breadcrumb\"},\"inLanguage\":\"en-GB\",\"potentialAction\":[{\"@type\":\"ReadAction\",\"target\":[\"https:\/\/fcspartaktrnava.com\/press\/\"]}]},{\"@type\":\"ImageObject\",\"inLanguage\":\"en-GB\",\"@id\":\"https:\/\/fcspartaktrnava.com\/press\/#primaryimage\",\"url\":\"https:\/\/fcspartaktrnava.com\/wp-content\/uploads\/2023\/02\/sektor_plan-1024x705.jpg\",\"contentUrl\":\"https:\/\/fcspartaktrnava.com\/wp-content\/uploads\/2023\/02\/sektor_plan-1024x705.jpg\"},{\"@type\":\"BreadcrumbList\",\"@id\":\"https:\/\/fcspartaktrnava.com\/press\/#breadcrumb\",\"itemListElement\":[{\"@type\":\"ListItem\",\"position\":1,\"name\":\"Home\",\"item\":\"https:\/\/fcspartaktrnava.com\/\"},{\"@type\":\"ListItem\",\"position\":2,\"name\":\"PRESS &#8211; M\u00c9DI\u00c1\"}]},{\"@type\":\"WebSite\",\"@id\":\"https:\/\/fcspartaktrnava.com\/#website\",\"url\":\"https:\/\/fcspartaktrnava.com\/\",\"name\":\"FC Spartak Trnava\",\"description\":\"ofici\u00e1lna webstr\u00e1nka futbalov\u00e9ho klubu\",\"publisher\":{\"@id\":\"https:\/\/fcspartaktrnava.com\/#organization\"},\"potentialAction\":[{\"@type\":\"SearchAction\",\"target\":{\"@type\":\"EntryPoint\",\"urlTemplate\":\"https:\/\/fcspartaktrnava.com\/?s={search_term_string}\"},\"query-input\":{\"@type\":\"PropertyValueSpecification\",\"valueRequired\":true,\"valueName\":\"search_term_string\"}}],\"inLanguage\":\"en-GB\"},{\"@type\":\"Organization\",\"@id\":\"https:\/\/fcspartaktrnava.com\/#organization\",\"name\":\"FC Spartak Trnava\",\"alternateName\":\"Spartak\",\"url\":\"https:\/\/fcspartaktrnava.com\/\",\"logo\":{\"@type\":\"ImageObject\",\"inLanguage\":\"en-GB\",\"@id\":\"https:\/\/fcspartaktrnava.com\/#\/schema\/logo\/image\/\",\"url\":\"https:\/\/fcspartaktrnava.com\/wp-content\/uploads\/2022\/08\/cropped-site_logo.png\",\"contentUrl\":\"https:\/\/fcspartaktrnava.com\/wp-content\/uploads\/2022\/08\/cropped-site_logo.png\",\"width\":140,\"height\":140,\"caption\":\"FC Spartak Trnava\"},\"image\":{\"@id\":\"https:\/\/fcspartaktrnava.com\/#\/schema\/logo\/image\/\"},\"sameAs\":[\"https:\/\/www.facebook.com\/SpartakTrnava\",\"https:\/\/x.com\/SpartakTrnava1\",\"https:\/\/www.instagram.com\/spartak_sk\/\"]}]}<\/script>\n<!-- \/ Yoast SEO plugin. -->","yoast_head_json":{"title":"PRESS - M\u00c9DI\u00c1 - FC Spartak Trnava","robots":{"index":"index","follow":"follow","max-snippet":"max-snippet:-1","max-image-preview":"max-image-preview:large","max-video-preview":"max-video-preview:-1"},"canonical":"https:\/\/fcspartaktrnava.com\/en\/press\/","twitter_misc":{"Estimated reading time":"2 minutes"},"schema":{"@context":"https:\/\/schema.org","@graph":[{"@type":"WebPage","@id":"https:\/\/fcspartaktrnava.com\/press\/","url":"https:\/\/fcspartaktrnava.com\/press\/","name":"PRESS - M\u00c9DI\u00c1 - FC Spartak Trnava","isPartOf":{"@id":"https:\/\/fcspartaktrnava.com\/#website"},"primaryImageOfPage":{"@id":"https:\/\/fcspartaktrnava.com\/press\/#primaryimage"},"image":{"@id":"https:\/\/fcspartaktrnava.com\/press\/#primaryimage"},"thumbnailUrl":"https:\/\/fcspartaktrnava.com\/wp-content\/uploads\/2023\/02\/sektor_plan-1024x705.jpg","datePublished":"2023-02-08T14:55:46+00:00","dateModified":"2025-08-06T13:17:47+00:00","breadcrumb":{"@id":"https:\/\/fcspartaktrnava.com\/press\/#breadcrumb"},"inLanguage":"en-GB","potentialAction":[{"@type":"ReadAction","target":["https:\/\/fcspartaktrnava.com\/press\/"]}]},{"@type":"ImageObject","inLanguage":"en-GB","@id":"https:\/\/fcspartaktrnava.com\/press\/#primaryimage","url":"https:\/\/fcspartaktrnava.com\/wp-content\/uploads\/2023\/02\/sektor_plan-1024x705.jpg","contentUrl":"https:\/\/fcspartaktrnava.com\/wp-content\/uploads\/2023\/02\/sektor_plan-1024x705.jpg"},{"@type":"BreadcrumbList","@id":"https:\/\/fcspartaktrnava.com\/press\/#breadcrumb","itemListElement":[{"@type":"ListItem","position":1,"name":"Home","item":"https:\/\/fcspartaktrnava.com\/"},{"@type":"ListItem","position":2,"name":"PRESS &#8211; M\u00c9DI\u00c1"}]},{"@type":"WebSite","@id":"https:\/\/fcspartaktrnava.com\/#website","url":"https:\/\/fcspartaktrnava.com\/","name":"FC Spartak Trnava","description":"ofici\u00e1lna webstr\u00e1nka futbalov\u00e9ho klubu","publisher":{"@id":"https:\/\/fcspartaktrnava.com\/#organization"},"potentialAction":[{"@type":"SearchAction","target":{"@type":"EntryPoint","urlTemplate":"https:\/\/fcspartaktrnava.com\/?s={search_term_string}"},"query-input":{"@type":"PropertyValueSpecification","valueRequired":true,"valueName":"search_term_string"}}],"inLanguage":"en-GB"},{"@type":"Organization","@id":"https:\/\/fcspartaktrnava.com\/#organization","name":"FC Spartak Trnava","alternateName":"Spartak","url":"https:\/\/fcspartaktrnava.com\/","logo":{"@type":"ImageObject","inLanguage":"en-GB","@id":"https:\/\/fcspartaktrnava.com\/#\/schema\/logo\/image\/","url":"https:\/\/fcspartaktrnava.com\/wp-content\/uploads\/2022\/08\/cropped-site_logo.png","contentUrl":"https:\/\/fcspartaktrnava.com\/wp-content\/uploads\/2022\/08\/cropped-site_logo.png","width":140,"height":140,"caption":"FC Spartak Trnava"},"image":{"@id":"https:\/\/fcspartaktrnava.com\/#\/schema\/logo\/image\/"},"sameAs":["https:\/\/www.facebook.com\/SpartakTrnava","https:\/\/x.com\/SpartakTrnava1","https:\/\/www.instagram.com\/spartak_sk\/"]}]}},"_links":{"self":[{"href":"https:\/\/fcspartaktrnava.com\/en\/wp-json\/wp\/v2\/pages\/5131","targetHints":{"allow":["GET"]}}],"collection":[{"href":"https:\/\/fcspartaktrnava.com\/en\/wp-json\/wp\/v2\/pages"}],"about":[{"href":"https:\/\/fcspartaktrnava.com\/en\/wp-json\/wp\/v2\/types\/page"}],"author":[{"embeddable":true,"href":"https:\/\/fcspartaktrnava.com\/en\/wp-json\/wp\/v2\/users\/2"}],"replies":[{"embeddable":true,"href":"https:\/\/fcspartaktrnava.com\/en\/wp-json\/wp\/v2\/comments?post=5131"}],"version-history":[{"count":0,"href":"https:\/\/fcspartaktrnava.com\/en\/wp-json\/wp\/v2\/pages\/5131\/revisions"}],"wp:attachment":[{"href":"https:\/\/fcspartaktrnava.com\/en\/wp-json\/wp\/v2\/media?parent=5131"}],"curies":[{"name":"wp","href":"https:\/\/api.w.org\/{rel}","templated":true}]}}