{"id":46,"date":"2022-08-10T11:13:11","date_gmt":"2022-08-10T11:13:11","guid":{"rendered":"https:\/\/fcspartaktrnava.com\/?page_id=46"},"modified":"2024-09-30T10:12:00","modified_gmt":"2024-09-30T08:12:00","slug":"zmluvne-podmienky","status":"publish","type":"page","link":"https:\/\/fcspartaktrnava.com\/en\/zmluvne-podmienky\/","title":{"rendered":"V\u0161eobecn\u00e9 obchodn\u00e9 podmienky"},"content":{"rendered":"<p><strong>V\u0160EOBECN\u00c9 OBCHODN\u00c9 PODMIENKY &#8211; predaj vstupeniek<\/strong><\/p>\n\n\n\n<p>V\u0161eobecn\u00e9 obchodn\u00e9 podmienky upravuj\u00fa pr\u00e1vne vz\u0165ahy medzi majite\u013eom zak\u00fapenej vstupenky na strane jednej a\u00a0FC Spartak Trnava na strane druhej (\u010falej len \u201eVOP\u201c).<\/p>\n\n\n\n<p><strong>1 Defin\u00edcia pojmov&nbsp;<\/strong><\/p>\n\n\n\n<p>1.1\u00a0FC Spartak Trnava je opr\u00e1vnen\u00fd na z\u00e1klade dohody so zmluvn\u00fdmi partnermi (\u010falej len \u201eusporiadate\u013e\u201c) vyu\u017e\u00edvaj\u00facimi syst\u00e9m predpredaj.sk na spr\u00e1vu svojich podujat\u00ed, na tieto podujatia zaraden\u00e9 v syst\u00e9me\u00a0predpredaj.sk zabezpe\u010dova\u0165 predaj vstupeniek prostredn\u00edctvom syst\u00e9mu\u00a0predpredaj.sk\u00a0kone\u010dn\u00fdm z\u00e1ujemcom (n\u00e1v\u0161tevn\u00edkom), a to v mene\u00a0usporiadate\u013ea\u00a0a na jeho \u00fa\u010det.<\/p>\n\n\n\n<p>1.2\u00a0Usporiadate\u013e\u00a0 na predaj a elektronick\u00fa distrib\u00faciu vstupeniek na svoje podujatia vyu\u017e\u00edva syst\u00e9m\u00a0predpredaj.sk<\/p>\n\n\n\n<p>1.3\u00a0Podujatie\u00a0je futbalov\u00fd z\u00e1pas (ligov\u00fd z\u00e1pas, z\u00e1pas Slovnaft Cup-u, exhibi\u010dn\u00fd z\u00e1pas),\u00a0na ktor\u00fd sa pred\u00e1vaj\u00fa vstupenky prostredn\u00edctvom syst\u00e9mu predpredaj.sk. Podujatia organizuje a usporad\u00fava usporiadate\u013e (\u010falej len \u201epodujatie\u201c).<\/p>\n\n\n\n<p>1.4&nbsp;Vstupenka&nbsp;je cenina a z\u00e1rove\u0148 potvrdenie umo\u017e\u0148uj\u00face jej majite\u013eovi spravidla jednorazov\u00fd vstup na&nbsp;podujatie, na ktor\u00e9 bola zak\u00fapen\u00e1. Vstupenka je platn\u00e1 len na&nbsp;podujatie, na ktor\u00e9 bola zak\u00fapen\u00e1, nie je mo\u017en\u00e9 ju pou\u017ei\u0165 na vstup na in\u00e9&nbsp;podujatie&nbsp;ani ju vymeni\u0165 za vstupenku na in\u00e9&nbsp;podujatie. Aktu\u00e1lne ceny&nbsp;vstupeniek&nbsp;s\u00fa uverejnen\u00e9 na internetovej str\u00e1nke usporiadate\u013ea.<\/p>\n\n\n\n<p>Vstupenka&nbsp;obsahuje: n\u00e1zov, d\u00e1tum, \u010das za\u010diatku a miesto konania&nbsp;podujatia,&nbsp;presn\u00fd popis miesta sedenia ak je toto ur\u010den\u00e9, cenu vstupenky, 2D \u010diarov\u00fd k\u00f3d s unik\u00e1tnym \u010d\u00edslom vstupenky, identifik\u00e1ciu&nbsp;usporiadate\u013ea&nbsp;podujatia&nbsp;a pr\u00edpadn\u00fd ochrann\u00fd prvok ak je tento s\u00fa\u010das\u0165ou&nbsp;vstupenky.<\/p>\n\n\n\n<p>1.5\u00a0Majite\u013e vstupenky\u00a0je osoba, ktor\u00e1 si zak\u00fapila Vstupenku prostredn\u00edctvom syst\u00e9mu\u00a0predpredaj.sk, cez internetov\u00fa str\u00e1nku\u00a0<a href=\"https:\/\/predpredaj.zoznam.sk\/sk\/\">https:\/\/predpredaj.zoznam.sk\/sk\/<\/a>, internetov\u00fa str\u00e1nku\u00a0Usporiadate\u013ea\u00a0alebo cez partnersk\u00e9 webov\u00e9 str\u00e1nky, alebo v\u00a0predajni usporiadate\u013ea.<\/p>\n\n\n\n<p>1.6&nbsp;Typy vstupenky<\/p>\n\n\n\n<p>1.6.1 papierov\u00e1\u00a0vstupenka\u00a0s ochrann\u00fdmi prvkami (\u010falej ako \u201evstupenka\u201c) je \u0161tandardn\u00e1 vstupenka vystaven\u00e1 syst\u00e9mom predpredaj.sk\u00a0a doru\u010den\u00e1\u00a0majite\u013eovi vstupenky\u00a0kuri\u00e9rom alebo po\u0161tou. N\u00e1klady na po\u0161tovn\u00e9 a baln\u00e9 zn\u00e1\u0161a\u00a0majite\u013e vstupenky.\u00a0Majite\u013eovi vstupenky\u00a0s\u00fa tieto n\u00e1klady zar\u00e1tan\u00e9 do celkovej ceny objedn\u00e1vky po ozna\u010den\u00ed pr\u00edslu\u0161nej vo\u013eby v kol\u00f3nke sp\u00f4sob doru\u010denia.<\/p>\n\n\n\n<p>1.6.2\u00a0Elektronick\u00e1 vstupenka\u00a0je elektronick\u00e1 forma vstupenky s 2D \u010diarov\u00fdm k\u00f3dom bez ochrann\u00fdch prvkov doru\u010den\u00e1 majite\u013eovi vstupenky na e-mailov\u00fa adresu alebo pr\u00edstupn\u00e1 majite\u013eovi vstupenky na stiahnutie z\u00a0internetovej str\u00e1nky po zadan\u00ed emailovej adresy a\u00a0u\u017e\u00edvate\u013esk\u00e9ho hesla, ktor\u00e9 s\u00fa majite\u013eovi vstupenky poskytnut\u00e9 po zaplaten\u00ed ceny vstupenky.\u00a0Elektronick\u00e1 vstupenka\u00a0je vytla\u010den\u00e1 majite\u013eom vstupenky v jeho vlastnej r\u00e9\u017eii.<\/p>\n\n\n\n<p>1.6.3 Elektronick\u00e1 vstupenka s 2D \u010diarov\u00fdm k\u00f3dom ulo\u017een\u00e1 v mobilnom telef\u00f3ne je elektronick\u00e1 vstupenka ulo\u017een\u00e1 v mobilnom telef\u00f3ne alebo tablete majite\u013ea vstupenky.<\/p>\n\n\n\n<p>Dostupnos\u0165 jednotliv\u00fdch druhov&nbsp;vstupeniek&nbsp;z\u00e1vis\u00ed od konkr\u00e9tneho&nbsp;podujatia&nbsp;a mo\u017enost\u00ed&nbsp;usporiadate\u013ea.<\/p>\n\n\n\n<p>1.6.4. Permanentka je viacvstupov\u00e1 vstupenka vo forme plastikovej karty s&nbsp;\u010dipom. Je prenosn\u00e1.<\/p>\n\n\n\n<p>1.6.5 VIP vstupenka je vstupenka do Biznis z\u00f3ny, kde je v\u00a0priebehu podujatia poskytovan\u00e9 ob\u010derstvenie. <\/p>\n\n\n\n<p>1.6.6. VIP permanentka je viacvstupov\u00e1 vstupenka do biznis z\u00f3ny. VIP permanentku je mo\u017en\u00e9 k\u00fapi\u0165 pre firmu na \u00fa\u010dely obchodn\u00fdch rokovan\u00ed. Tak\u00e1to permanentka bude ozna\u010den\u00e1 I\u010cO firmy.<\/p>\n\n\n\n<p><strong>2 \u00davodn\u00e9 ustanovenia<\/strong><\/p>\n\n\n\n<p>2.1\u00a0FC Spartak Trnava\u00a0zabezpe\u010duje predaj\u00a0vstupeniek\u00a0na\u00a0podujatia\u00a0 a z\u00e1rove\u0148 v mene\u00a0usporiadate\u013ea\u00a0prij\u00edma od z\u00e1ujemcov finan\u010dn\u00e9 prostriedky zodpovedaj\u00face k\u00fapnej cene\u00a0vstupeniek. Uhraden\u00edm ceny vstupenky prostredn\u00edctvom internetovej str\u00e1nky <a href=\"https:\/\/predpredaj.zoznam.sk\/sk\/\">https:\/\/predpredaj.zoznam.sk\/sk\/<\/a>\u00a0vstupuje\u00a0majite\u013e vstupenky\u00a0do pr\u00e1vneho vz\u0165ahu priamo s konkr\u00e9tnym usporiadate\u013eom\u00a0vybran\u00e9ho\u00a0podujatia.<\/p>\n\n\n\n<p>2.2\u00a0FC Spartak Trnava\u00a0nezodpoved\u00e1 za zru\u0161enie\u00a0podujatia a\u00a0to z\u00a0d\u00f4vodu nie na strane usporiadate\u013ea,\u00a0 t. j. v\u00a0pr\u00edpade zru\u0161enia podujatia na z\u00e1klade rozhodnutia pr\u00edslu\u0161n\u00fdch \u0161t\u00e1tnych org\u00e1nov, org\u00e1nov riadiacich pr\u00edslu\u0161n\u00e9 podujatia, resp. in\u00fdch d\u00f4vodov, takisto nezodpoved\u00e1 ani za rozhodnutia, ktor\u00e9 obmedzia, resp. pr\u00edpadne zru\u0161ia \u00fa\u010das\u0165 div\u00e1kov na podujat\u00ed. V\u00a0takom pr\u00edpade nevznik\u00e1 majite\u013eovi \u00a0vstupenky n\u00e1rok na kompenz\u00e1ciu.\u00a0Pr\u00e1vny vz\u0165ah medzi\u00a0usporiadate\u013eom\u00a0podujatia\u00a0a majite\u013eom vstupenky\u00a0upravuj\u00fa platn\u00e9 obchodn\u00e9 podmienky dan\u00e9ho\u00a0podujatia,\u00a0pr\u00edpadne pokyny\u00a0usporiadate\u013ea.\u00a0<\/p>\n\n\n\n<p>2.3 Zodpovednos\u0165 za zverejnenie inform\u00e1cie o zmene alebo zru\u0161en\u00ed&nbsp;podujatia&nbsp;m\u00e1&nbsp;usporiadate\u013e, ktor\u00fd t\u00fato skuto\u010dnos\u0165 uverejnen\u00ed na jeho internetovej str\u00e1nke.<\/p>\n\n\n\n<p><strong>3 Platba za vstupenky<\/strong><\/p>\n\n\n\n<p>3.1 V\u00a0pr\u00edpade internetov\u00e9ho n\u00e1kupu je mo\u017en\u00e9 kone\u010dn\u00fa, resp. v\u00fdsledn\u00fa cenu vybran\u00fdch vstupeniek uhradi\u0165 platobnou kartou\/bezhotovostne prostredn\u00edctvom slu\u017eby CardPay (pre z\u00e1kazn\u00edkov v\u0161etk\u00fdch b\u00e1nk) alebo prostredn\u00edctvom internetbankingu (pre z\u00e1kazn\u00edkov vybran\u00fdch b\u00e1nk). Sp\u00f4sob \u00fahrady ceny Vstupenky si ur\u010d\u00ed U\u017e\u00edvate\u013e pri k\u00fape.<\/p>\n\n\n\n<p>3.2 V&nbsp;pr\u00edpade n\u00e1kupu v&nbsp;predajni je mo\u017en\u00e9 plati\u0165 hotovos\u0165ou alebo platobnou kartou spolo\u010dnost\u00ed VISA a&nbsp;EUROCARD\/MASTERCARD.<\/p>\n\n\n\n<p>3.3 Firemn\u00e1 klientela m\u00f4\u017ee plati\u0165 bankov\u00fdm prevodom na z\u00e1klade fakt\u00fary.<\/p>\n\n\n\n<p>3.4\u00a0Syst\u00e9m predpredaj.sk zabezpe\u010duje predaj vstupeniek na podujatia v mene a na \u00fa\u010det usporiadate\u013ea podujatia, k\u00fapou vstupenky ste vst\u00fapili do pr\u00e1vneho vz\u0165ahu &#8211; zmluvy na uskuto\u010dnenie podujatia &#8211; priamo s konkr\u00e9tnym usporiadate\u013eom vybran\u00e9ho podujatia.\u00a0Ustanovenia z\u00e1kona \u010d. 102\/2014 Z.z. o ochrane spotrebite\u013ea pri predaji tovaru na dia\u013eku alebo mimo prev\u00e1dzkov\u00fdch priestorov v platnom znen\u00ed: &#8222;Spotrebite\u013e\u00a0nem\u00f4\u017ee odst\u00fapi\u0165 od zmluvy, predmetom ktorej je poskytnutie ubytovac\u00edch slu\u017eieb na in\u00fd ako ubytovac\u00ed \u00fa\u010del, preprava tovaru, n\u00e1jom automobilov, poskytnutie stravovac\u00edch slu\u017eieb alebo\u00a0poskytnutie slu\u017eieb s\u00favisiacich s \u010dinnos\u0165ami v r\u00e1mci vo\u013en\u00e9ho \u010dasu a pod\u013ea ktorej sa pred\u00e1vaj\u00faci zav\u00e4zuje poskytn\u00fa\u0165 tieto slu\u017eby v dohodnutom \u010dase\u00a0alebo v dohodnutej lehote.&#8220;\u00a0<\/p>\n\n\n\n<p>FC Spartak Trnava\u00a0nie je opr\u00e1vnen\u00fd akceptova\u0165 vr\u00e1tenie u\u017e zaplatenej sumy za vstupenku a\u00a0to ani v\u00a0pr\u00edpade \u017eiadosti o\u00a0vr\u00e1tenie zaplatenej sumy za nevyu\u017eit\u00fa vstupenku.<\/p>\n\n\n\n<p>3.5 V pr\u00edpade zru\u0161enia\u00a0Podujatia\u00a0z\u00a0d\u00f4vodov na strane usporiadate\u013ea bude majite\u013e vstupenky informovan\u00fd prostredn\u00edctvom internetovej str\u00e1nky\u00a0<a href=\"https:\/\/predpredaj.zoznam.sk\/sk\/\">https:\/\/predpredaj.zoznam.sk\/sk\/<\/a> a\/alebo formou elektronickej po\u0161ty zaslanej na e-mail Kupuj\u00faceho uveden\u00e9ho v Z\u00e1kazn\u00edckom profile.<\/p>\n\n\n\n<p><strong>4 Sp\u00f4sob dodania vstupeniek a dodacie podmienky pre predaj na internete<\/strong><\/p>\n\n\n\n<p>4.1 V n\u00e1kupnom ko\u0161\u00edku&nbsp;je mo\u017en\u00e9 si vybra\u0165 z nasledovn\u00fdch sp\u00f4sobov&nbsp;dodania vstupenky:<\/p>\n\n\n\n<p>4.1.1 po\u0161tou doporu\u010dene, pri\u010dom po\u0161tov\u00fd poplatok bude \u00fa\u010dtovan\u00fd v plnej v\u00fd\u0161ke\u00a0majite\u013eovi vstupenky. Aktu\u00e1lna v\u00fd\u0161ka po\u0161tovn\u00e9ho je v\u017edy uveden\u00e1 ako spracovate\u013esk\u00fd poplatok. Vstupenky bud\u00fa majite\u013eovi  zaslan\u00e9 usporiadate\u013eom\u00a0v lehote do 2 pracovn\u00fdch dn\u00ed od realiz\u00e1cie platby na adresu uveden\u00fa pri n\u00e1kupe vstupeniek.<\/p>\n\n\n\n<p>4.1.2 internetov\u00e9 doru\u010denie na email majite\u013ea vstupenky ako\u00a0elektronick\u00e1 vstupenka. Aktu\u00e1lna v\u00fd\u0161ka poplatku, ak je tento\u00a0usporiadate\u013eom\u00a0vy\u017eadovan\u00fd, je v\u017edy uveden\u00e1 ako spracovate\u013esk\u00fd poplatok. Vstupenky bud\u00fa majite\u013eovi vstupenky zaslan\u00e9 v lehote do 24 hod\u00edn od realiz\u00e1cie platby na emailov\u00fa adresu uveden\u00fa pri n\u00e1kupe vstupeniek.<\/p>\n\n\n\n<p>4.1.3 V&nbsp;pr\u00edpade permanentiek si kupuj\u00faci vymen\u00ed voucher z\u00edskan\u00fd pri internetovom predaji za permanentku v&nbsp;pokladni usporiadate\u013ea.<\/p>\n\n\n\n<p>4.2&nbsp;Usporiadate\u013e&nbsp;nenesie zodpovednos\u0165:<\/p>\n\n\n\n<p>4.2.1 za oneskoren\u00e9 dodanie objednan\u00fdch vstupeniek zavinen\u00e9 po\u0161tou, resp. expresnou z\u00e1sielkovou slu\u017ebou,<\/p>\n\n\n\n<p>4.2.2 za oneskoren\u00e9 dodanie objednan\u00fdch vstupeniek zavinen\u00e9 majite\u013eom vstupenky, ktor\u00fd nere\u0161pektuje dodacie podmienky po\u0161ty,<\/p>\n\n\n\n<p>4.2.3 za po\u0161kodenie a stratu z\u00e1sielky zavinen\u00e9 po\u0161tou, resp. expresnou z\u00e1sielkovou slu\u017ebou.<\/p>\n\n\n\n<p><strong>5 Pr\u00e1va a povinnosti majite\u013ea vstupenky<\/strong><\/p>\n\n\n\n<p>5.1.&nbsp;Majite\u013e vstupenky&nbsp;je opr\u00e1vnen\u00fd pou\u017ei\u0165&nbsp;vstupenku&nbsp;na jednorazov\u00fd vstup na&nbsp;podujatie, na ktor\u00e9 bola zak\u00fapen\u00e1. Po opusten\u00ed priestoru, v ktorom sa podujatie uskuto\u010d\u0148uje, str\u00e1ca&nbsp;vstupenka&nbsp;(s v\u00fdnimkou permanentky) platnos\u0165, pokia\u013e nie je&nbsp;usporiadate\u013eom&nbsp;v\u00fdslovne stanoven\u00e9 v pr\u00edpade konkr\u00e9tneho&nbsp;podujatia&nbsp;inak.<\/p>\n\n\n\n<p>5.2&nbsp;Majite\u013e vstupenky&nbsp;k\u00fapou&nbsp;vstupenky&nbsp;vstupuje do zmluvn\u00e9ho vz\u0165ahu s&nbsp;usporiadate\u013eom&nbsp;dan\u00e9ho&nbsp;podujatia. Predlo\u017een\u00edm&nbsp;vstupenky&nbsp;pri vstupe na&nbsp;podujatie&nbsp;vyjadruje&nbsp;majite\u013e vstupenky&nbsp;s\u00fahlas s pokynmi&nbsp;usporiadate\u013ea&nbsp;v mieste konania&nbsp;podujatia&nbsp;a podmienkami, ktor\u00e9 sa k nim via\u017eu.<\/p>\n\n\n\n<p>5.3\u00a0Majite\u013e vstupenky\u00a0je povinn\u00fd skontrolova\u0165 si\u00a0vstupenku,\u00a0Elektronick\u00fa vstupenku\u00a0a \u00fadaje na nej okam\u017eite po doru\u010den\u00ed alebo prevzat\u00ed. Pr\u00edpadn\u00e9 chyby m\u00f4\u017ee\u00a0majite\u013e vstupenky\u00a0bezodkladne namieta\u0165 postupom pod\u013ea bodu 6 t\u00fdchto VOP.<\/p>\n\n\n\n<p>5.4 Na \u0161tadi\u00f3ne je po\u010das z\u00e1pasu pr\u00edsne zak\u00e1zan\u00e9 vytv\u00e1ra\u0165 a&nbsp;\u0161\u00edri\u0165 ak\u00e9ko\u013evek inform\u00e1cie alebo \u00fadaje t\u00fdkaj\u00face sa v\u00fdvoja z\u00e1pasu, spr\u00e1vania sa os\u00f4b z\u00fa\u010dastnen\u00fdch na z\u00e1pase alebo in\u00fdch skuto\u010dnost\u00ed maj\u00facich vplyv na z\u00e1pas, vyhotovova\u0165 audioz\u00e1znam, videoz\u00e1znam alebo audiovizu\u00e1lny z\u00e1znam zo z\u00e1pasu a tento \u0161\u00edri\u0165 resp. inak spr\u00edstup\u0148ova\u0165 tret\u00edm osob\u00e1m na \u00fa\u010dely akejko\u013evek formy st\u00e1vkovania, hazardn\u00fdch hier alebo komer\u010dn\u00fdch aktiv\u00edt, ktor\u00e9 neboli vopred povolen\u00e9. Mobiln\u00e9 telef\u00f3ny sa m\u00f4\u017eu pou\u017e\u00edva\u0165 len na osobn\u00e9, s\u00fakromn\u00e9 \u00fa\u010dely. V pr\u00edpade poru\u0161enia t\u00fdchto podmienok m\u00f4\u017ee by\u0165 n\u00e1v\u0161tevn\u00edkovi odmietnut\u00fd vstup na \u0161tadi\u00f3n alebo m\u00f4\u017ee by\u0165 zo \u0161tadi\u00f3na vyveden\u00fd.<\/p>\n\n\n\n<p><strong>6 Reklama\u010dn\u00fd poriadok<\/strong><\/p>\n\n\n\n<p>6.1 V pr\u00edpade, ak zak\u00fapen\u00e1\u00a0vstupenka\u00a0obsahuje vady (t.j. s\u00fa na nej uveden\u00e9 chybn\u00e9 \u00fadaje alebo niektor\u00e9 \u00fadaje ch\u00fdbaj\u00fa, je vystaven\u00e1 na in\u00e9 ako\u00a0majite\u013eom vstupenky\u00a0objednan\u00e9\u00a0podujatie\u00a0a pod.), je\u00a0majite\u013e vstupenky\u00a0povinn\u00fd bez zbyto\u010dn\u00e9ho odkladu po jej obdr\u017ean\u00ed tieto vady u usporiadate\u013ea\u00a0reklamova\u0165. Reklam\u00e1ciu m\u00f4\u017ee vykona\u0165 zaslan\u00edm e-mailovej spr\u00e1vy na adresu<strong> office@fcspartaktrnava.sk<\/strong>, p\u00edsomnej reklam\u00e1cie formou po\u0161tovej z\u00e1sielky na adresu usporiadate\u013ea\u00a0alebo osobne na predajnom mieste\u00a0usporiadate\u013ea, na ktorom bola\u00a0vstupenka\u00a0zak\u00fapen\u00e1.<\/p>\n\n\n\n<p><strong>7. Zodpovednos\u0165<\/strong><\/p>\n\n\n\n<p>7.1&nbsp;Usporiadate\u013e&nbsp;nenesie nijak\u00fa zodpovednos\u0165 za stratu, odcudzenie, po\u0161kodenie alebo zni\u010denie vstupenky a nie s\u00fa ani povinn\u00ed poskytn\u00fa\u0165&nbsp;majite\u013eom vstupenky&nbsp;n\u00e1hradn\u00fa&nbsp;vstupenku.<\/p>\n\n\n\n<p><strong>8. S\u00fahlas so spracovan\u00edm osobn\u00fdch \u00fadajov<\/strong><\/p>\n\n\n\n<p>8.1 V zmysle z\u00e1kona \u010d. 18\/2018 Z. z. o ochrane osobn\u00fdch \u00fadajov v znen\u00ed neskor\u0161\u00edch predpisov&nbsp;majite\u013e vstupenky dobrovo\u013ene poskytuje svoje osobn\u00e9 \u00fadaje a ude\u013euje svoj s\u00fahlas na zaradenie a spracovanie osobn\u00fdch \u00fadajov do datab\u00e1zy usporiadate\u013ea&nbsp;na \u00fa\u010dely poskytnutia slu\u017eieb. Poskytnut\u00e9 osobn\u00e9 \u00fadaje bude vyu\u017e\u00edva\u0165&nbsp;usporiadate\u013e&nbsp;v\u00fdhradne na plnenie vypl\u00fdvaj\u00face z k\u00fapy vstupenky, na uplatnenie mo\u017enosti vr\u00e1tenia vstupn\u00e9ho a na zasielanie reklamn\u00fdch, marketingov\u00fdch a propaga\u010dn\u00fdch materi\u00e1lov, ktor\u00fdmi bud\u00fa informova\u0165&nbsp;majite\u013ea vstupenky&nbsp;o ponuke svojich v\u00fdrobkov a slu\u017eieb. Uveden\u00e9 s\u00fahlasy so sprac\u00favan\u00edm osobn\u00fdch \u00fadajov a poskytnutie t\u00fdchto osobn\u00fdch \u00fadajov sa ude\u013euj\u00fa na vopred neur\u010den\u00fa dobu.<\/p>\n\n\n\n<p>8.2&nbsp;Majite\u013eom vstupenky&nbsp;udelen\u00fd&nbsp;s\u00fahlas m\u00f4\u017ee majite\u013e vstupenky odvola\u0165 v pr\u00edpade, \u017ee jeho osobn\u00e9 \u00fadaje bud\u00fa uchov\u00e1van\u00e9 a spracovan\u00e9 usporiadate\u013eom v rozpore s udelen\u00fdm s\u00fahlasom.<\/p>\n\n\n\n<p>8.3 Zak\u00fapen\u00edm vstupenky fan\u00fa\u0161ik berie na vedomie a s\u00fahlas\u00ed s vyhotovovan\u00edm jeho biometrick\u00fdch sn\u00edmok tv\u00e1re pri prechode turniketom.<\/p>\n\n\n\n<p>8.4  Upozor\u0148ujeme, \u017ee na podujat\u00ed sa m\u00f4\u017eu vyhotovova\u0165 obrazov\u00e9 a&nbsp;zvukov\u00e9 z\u00e1znamy, ktor\u00e9 m\u00f4\u017eu by\u0165 pou\u017eit\u00e9 na propaga\u010dn\u00e9\/marketingov\u00e9 \u00fa\u010dely klubu, uverejnen\u00e9 na ofici\u00e1lnej klubovej webstr\u00e1nke a kan\u00e1loch na soci\u00e1lnych sie\u0165ach. Ka\u017ed\u00fd n\u00e1v\u0161tevn\u00edk podujatia d\u00e1va FC Spartak a.s.. v\u00fdslovn\u00e9 povolenie pou\u017e\u00edva\u0165 obrazov\u00e9 z\u00e1znamy z&nbsp;podujatia, na ktor\u00fdch sa dan\u00fd n\u00e1v\u0161tevn\u00edk m\u00f4\u017ee objavi\u0165 a&nbsp;\u0161\u00edri\u0165 ich prostredn\u00edctvom ak\u00e9hoko\u013evek typu materi\u00e1lu. Ka\u017ed\u00fd n\u00e1v\u0161tevn\u00edk si je taktie\u017e vedom\u00fd a&nbsp;d\u00e1va s\u00fahlas, aby z\u00edskan\u00e9 \u00fadaje boli uschovan\u00e9 elektronicky.<\/p>\n\n\n\n<p><strong>9. Z\u00e1vere\u010dn\u00e9 ustanovenia<\/strong><\/p>\n\n\n\n<p>9.1\u00a0FC Spartak Trnava je opr\u00e1vnen\u00fd jednostranne meni\u0165 alebo doplni\u0165 ustanovenia VOP z d\u00f4vodov doplnenia ch\u00fdbaj\u00facich podmienok, alebo zmeny legislat\u00edvy Slovenskej republiky. Zmena VOP je \u00fa\u010dinn\u00e1 d\u0148om zverejnenia nov\u00e9ho \u00fapln\u00e9ho znenia VOP na internetovej adrese\u00a0<a href=\"https:\/\/predpredaj.zoznam.sk\/sk\/\">https:\/\/predpredaj.zoznam.sk\/sk\/<\/a><\/p>\n\n\n\n<p>9.2 N\u00e1v\u0161tevn\u00edk a\/alebo pou\u017e\u00edvate\u013e potvrden\u00edm z\u00e1ujmu o k\u00fapu vstupenky na vybran\u00e9 podujatie v syst\u00e9me\u00a0predpredaj.sk s\u00fahlas\u00ed so znen\u00edm t\u00fdchto VOP, s ktor\u00fdmi bol pri uzatvoren\u00ed k\u00fapy vstupeniek plne obozn\u00e1men\u00fd a akceptoval ich.<\/p>\n\n\n\n<p>9.3 V\u0161etky vz\u0165ahy neupraven\u00e9 t\u00fdmito VOP sa riadia v\u0161eobecne z\u00e1v\u00e4zn\u00fdmi pr\u00e1vnymi predpismi platn\u00fdmi na \u00fazem\u00ed Slovenskej republiky.<\/p>","protected":false},"excerpt":{"rendered":"<p>&#8230;<\/p>","protected":false},"author":5,"featured_media":0,"parent":0,"menu_order":0,"comment_status":"closed","ping_status":"closed","template":"","meta":{"footnotes":""},"class_list":["post-46","page","type-page","status-publish","hentry","post-number-1"],"yoast_head":"<!-- This site is optimized with the Yoast SEO plugin v27.1.1 - https:\/\/yoast.com\/product\/yoast-seo-wordpress\/ -->\n<title>V\u0161eobecn\u00e9 obchodn\u00e9 podmienky - FC Spartak Trnava<\/title>\n<meta name=\"robots\" content=\"index, follow, max-snippet:-1, max-image-preview:large, max-video-preview:-1\" \/>\n<link rel=\"canonical\" href=\"https:\/\/fcspartaktrnava.com\/en\/zmluvne-podmienky\/\" \/>\n<meta name=\"twitter:label1\" content=\"Estimated reading time\" \/>\n\t<meta name=\"twitter:data1\" content=\"9 minutes\" \/>\n<script type=\"application\/ld+json\" class=\"yoast-schema-graph\">{\"@context\":\"https:\/\/schema.org\",\"@graph\":[{\"@type\":\"WebPage\",\"@id\":\"https:\/\/fcspartaktrnava.com\/zmluvne-podmienky\/\",\"url\":\"https:\/\/fcspartaktrnava.com\/zmluvne-podmienky\/\",\"name\":\"V\u0161eobecn\u00e9 obchodn\u00e9 podmienky - FC Spartak Trnava\",\"isPartOf\":{\"@id\":\"https:\/\/fcspartaktrnava.com\/#website\"},\"datePublished\":\"2022-08-10T11:13:11+00:00\",\"dateModified\":\"2024-09-30T08:12:00+00:00\",\"breadcrumb\":{\"@id\":\"https:\/\/fcspartaktrnava.com\/zmluvne-podmienky\/#breadcrumb\"},\"inLanguage\":\"en-GB\",\"potentialAction\":[{\"@type\":\"ReadAction\",\"target\":[\"https:\/\/fcspartaktrnava.com\/zmluvne-podmienky\/\"]}]},{\"@type\":\"BreadcrumbList\",\"@id\":\"https:\/\/fcspartaktrnava.com\/zmluvne-podmienky\/#breadcrumb\",\"itemListElement\":[{\"@type\":\"ListItem\",\"position\":1,\"name\":\"Home\",\"item\":\"https:\/\/fcspartaktrnava.com\/\"},{\"@type\":\"ListItem\",\"position\":2,\"name\":\"V\u0161eobecn\u00e9 obchodn\u00e9 podmienky\"}]},{\"@type\":\"WebSite\",\"@id\":\"https:\/\/fcspartaktrnava.com\/#website\",\"url\":\"https:\/\/fcspartaktrnava.com\/\",\"name\":\"FC Spartak Trnava\",\"description\":\"ofici\u00e1lna webstr\u00e1nka futbalov\u00e9ho klubu\",\"publisher\":{\"@id\":\"https:\/\/fcspartaktrnava.com\/#organization\"},\"potentialAction\":[{\"@type\":\"SearchAction\",\"target\":{\"@type\":\"EntryPoint\",\"urlTemplate\":\"https:\/\/fcspartaktrnava.com\/?s={search_term_string}\"},\"query-input\":{\"@type\":\"PropertyValueSpecification\",\"valueRequired\":true,\"valueName\":\"search_term_string\"}}],\"inLanguage\":\"en-GB\"},{\"@type\":\"Organization\",\"@id\":\"https:\/\/fcspartaktrnava.com\/#organization\",\"name\":\"FC Spartak Trnava\",\"alternateName\":\"Spartak\",\"url\":\"https:\/\/fcspartaktrnava.com\/\",\"logo\":{\"@type\":\"ImageObject\",\"inLanguage\":\"en-GB\",\"@id\":\"https:\/\/fcspartaktrnava.com\/#\/schema\/logo\/image\/\",\"url\":\"https:\/\/fcspartaktrnava.com\/wp-content\/uploads\/2022\/08\/cropped-site_logo.png\",\"contentUrl\":\"https:\/\/fcspartaktrnava.com\/wp-content\/uploads\/2022\/08\/cropped-site_logo.png\",\"width\":140,\"height\":140,\"caption\":\"FC Spartak Trnava\"},\"image\":{\"@id\":\"https:\/\/fcspartaktrnava.com\/#\/schema\/logo\/image\/\"},\"sameAs\":[\"https:\/\/www.facebook.com\/SpartakTrnava\",\"https:\/\/x.com\/SpartakTrnava1\",\"https:\/\/www.instagram.com\/spartak_sk\/\"]}]}<\/script>\n<!-- \/ Yoast SEO plugin. -->","yoast_head_json":{"title":"V\u0161eobecn\u00e9 obchodn\u00e9 podmienky - FC Spartak Trnava","robots":{"index":"index","follow":"follow","max-snippet":"max-snippet:-1","max-image-preview":"max-image-preview:large","max-video-preview":"max-video-preview:-1"},"canonical":"https:\/\/fcspartaktrnava.com\/en\/zmluvne-podmienky\/","twitter_misc":{"Estimated reading time":"9 minutes"},"schema":{"@context":"https:\/\/schema.org","@graph":[{"@type":"WebPage","@id":"https:\/\/fcspartaktrnava.com\/zmluvne-podmienky\/","url":"https:\/\/fcspartaktrnava.com\/zmluvne-podmienky\/","name":"V\u0161eobecn\u00e9 obchodn\u00e9 podmienky - FC Spartak Trnava","isPartOf":{"@id":"https:\/\/fcspartaktrnava.com\/#website"},"datePublished":"2022-08-10T11:13:11+00:00","dateModified":"2024-09-30T08:12:00+00:00","breadcrumb":{"@id":"https:\/\/fcspartaktrnava.com\/zmluvne-podmienky\/#breadcrumb"},"inLanguage":"en-GB","potentialAction":[{"@type":"ReadAction","target":["https:\/\/fcspartaktrnava.com\/zmluvne-podmienky\/"]}]},{"@type":"BreadcrumbList","@id":"https:\/\/fcspartaktrnava.com\/zmluvne-podmienky\/#breadcrumb","itemListElement":[{"@type":"ListItem","position":1,"name":"Home","item":"https:\/\/fcspartaktrnava.com\/"},{"@type":"ListItem","position":2,"name":"V\u0161eobecn\u00e9 obchodn\u00e9 podmienky"}]},{"@type":"WebSite","@id":"https:\/\/fcspartaktrnava.com\/#website","url":"https:\/\/fcspartaktrnava.com\/","name":"FC Spartak Trnava","description":"ofici\u00e1lna webstr\u00e1nka futbalov\u00e9ho klubu","publisher":{"@id":"https:\/\/fcspartaktrnava.com\/#organization"},"potentialAction":[{"@type":"SearchAction","target":{"@type":"EntryPoint","urlTemplate":"https:\/\/fcspartaktrnava.com\/?s={search_term_string}"},"query-input":{"@type":"PropertyValueSpecification","valueRequired":true,"valueName":"search_term_string"}}],"inLanguage":"en-GB"},{"@type":"Organization","@id":"https:\/\/fcspartaktrnava.com\/#organization","name":"FC Spartak Trnava","alternateName":"Spartak","url":"https:\/\/fcspartaktrnava.com\/","logo":{"@type":"ImageObject","inLanguage":"en-GB","@id":"https:\/\/fcspartaktrnava.com\/#\/schema\/logo\/image\/","url":"https:\/\/fcspartaktrnava.com\/wp-content\/uploads\/2022\/08\/cropped-site_logo.png","contentUrl":"https:\/\/fcspartaktrnava.com\/wp-content\/uploads\/2022\/08\/cropped-site_logo.png","width":140,"height":140,"caption":"FC Spartak Trnava"},"image":{"@id":"https:\/\/fcspartaktrnava.com\/#\/schema\/logo\/image\/"},"sameAs":["https:\/\/www.facebook.com\/SpartakTrnava","https:\/\/x.com\/SpartakTrnava1","https:\/\/www.instagram.com\/spartak_sk\/"]}]}},"_links":{"self":[{"href":"https:\/\/fcspartaktrnava.com\/en\/wp-json\/wp\/v2\/pages\/46","targetHints":{"allow":["GET"]}}],"collection":[{"href":"https:\/\/fcspartaktrnava.com\/en\/wp-json\/wp\/v2\/pages"}],"about":[{"href":"https:\/\/fcspartaktrnava.com\/en\/wp-json\/wp\/v2\/types\/page"}],"author":[{"embeddable":true,"href":"https:\/\/fcspartaktrnava.com\/en\/wp-json\/wp\/v2\/users\/5"}],"replies":[{"embeddable":true,"href":"https:\/\/fcspartaktrnava.com\/en\/wp-json\/wp\/v2\/comments?post=46"}],"version-history":[{"count":0,"href":"https:\/\/fcspartaktrnava.com\/en\/wp-json\/wp\/v2\/pages\/46\/revisions"}],"wp:attachment":[{"href":"https:\/\/fcspartaktrnava.com\/en\/wp-json\/wp\/v2\/media?parent=46"}],"curies":[{"name":"wp","href":"https:\/\/api.w.org\/{rel}","templated":true}]}}