{"id":28,"date":"2022-08-10T10:07:18","date_gmt":"2022-08-10T10:07:18","guid":{"rendered":"https:\/\/fcspartaktrnava.com\/?page_id=28"},"modified":"2026-01-14T12:52:54","modified_gmt":"2026-01-14T10:52:54","slug":"zakladne-udaje","status":"publish","type":"page","link":"https:\/\/fcspartaktrnava.com\/en\/zakladne-udaje\/","title":{"rendered":"General info"},"content":{"rendered":"<div class=\"wp-block-group\"><div class=\"wp-block-group__inner-container is-layout-constrained wp-block-group-is-layout-constrained\">\n<div class=\"wp-block-group content-inner has-medium-font-size\"><div class=\"wp-block-group__inner-container is-layout-flow wp-block-group-is-layout-flow\">\n<h4 class=\"wp-block-heading\">Klubov\u00e1 \u0161trukt\u00fara a kontakty<\/h4>\n\n\n\n<figure class=\"wp-block-table table-data-2c is-style-regular\"><table><tbody><tr><td><strong>President<\/strong> <strong>klubu<\/strong><\/td><td class=\"has-text-align-center\" data-align=\"center\">PETER MACHO<\/td><\/tr><tr><td><strong>General manager<\/strong><\/td><td class=\"has-text-align-center\" data-align=\"center\">MARTIN HUDEC<br>E-mail: <a href=\"mailto:hudec@fcspartaktrnava.com\">hudec@fcspartaktrnava.com<\/a><\/td><\/tr><tr><td><strong>\u0160portov\u00fd riadite\u013e<\/strong><\/td><td class=\"has-text-align-center\" data-align=\"center\">MARTIN \u0160KRTEL<br>E-mail: <a href=\"mailto:skrtel@fcspartaktrnava.com\">skrtel@fcspartaktrnava.com<\/a><\/td><\/tr><tr><td><strong>Head Scout<\/strong><\/td><td class=\"has-text-align-center\" data-align=\"center\">OLIVER BURIAN<br>E-mail: <a href=\"mailto:burian@fcspartaktrnava.com\">burian@fcspartaktrnava.com<\/a><\/td><\/tr><tr><td><strong>Kancel\u00e1ria prv\u00e9ho kontaktu<\/strong><\/td><td class=\"has-text-align-center\" data-align=\"center\">PAVLA VAJD\u00cdKOV\u00c1<br>Tel.: +421 918 408 607<br>E-mail: <a href=\"mailto:office@fcspartaktrnava.com\" target=\"_blank\" rel=\"noreferrer noopener\">office@fcspartaktrnava.com<\/a><\/td><\/tr><tr><td><strong>Marketing &amp; PR<\/strong> <strong>mana\u017e\u00e9r<\/strong><\/td><td class=\"has-text-align-center\" data-align=\"center\">MARIANNA PROCH\u00c1ZKOV\u00c1<br>E-mail:<br>&nbsp;<a href=\"mailto:prochazkova@fcspartaktrnava.com\">prochazkova@fcspartaktrnava.com<\/a><\/td><\/tr><tr><td><strong>Medi\u00e1lny mana\u017e\u00e9r<\/strong><\/td><td class=\"has-text-align-center\" data-align=\"center\">SAMUEL \u010eURINSK\u00dd<br>E-mail:&nbsp;<a href=\"mailto:durinsky@fcspartaktrnava.com\">durinsky@fcspartaktrnava.com<\/a><\/td><\/tr><tr><td><strong>Prev\u00e1dzkov\u00fd mana\u017e\u00e9r<\/strong><\/td><td class=\"has-text-align-center\" data-align=\"center\">PAVOL BIELIK<br>E-mail:&nbsp;<a href=\"mailto:bielik@fcspartaktrnava.com\" target=\"_blank\" rel=\"noreferrer noopener\">bielik@fcspartaktrnava.com<\/a><\/td><\/tr><tr><td><strong>Sports and technical manager, ISSF and TMS manager<\/strong><\/td><td class=\"has-text-align-center\" data-align=\"center\">MICHAL MARON<br>E-mail:&nbsp;<a href=\"mailto:maron@fcspartaktrnava.com\" target=\"_blank\" rel=\"noreferrer noopener\">maron@fcspartaktrnava.com<\/a><\/td><\/tr><tr><td><strong>Youth sports director<\/strong><\/td><td class=\"has-text-align-center\" data-align=\"center\">MARI\u00c1N H\u00ddBELA<br>Tel. \u010d.:&nbsp;+421 908 118 531<br>E-mail:&nbsp;<a href=\"mailto:mladez@fcspartaktrnava.com\">mladez@fcspartaktrnava.com<\/a><\/td><\/tr><tr><td><strong>Ekonomick<\/strong>\u00e9 <strong>oddelenie<\/strong><\/td><td class=\"has-text-align-center\" data-align=\"center\">JANA JELENEKOV\u00c1<br>E-mail: <a href=\"mailto:sekretariat@fcspartaktrnava.com\">sekretariat@fcspartaktrnava.com<\/a><\/td><\/tr><tr><td><strong>Coordinator for relations with fans<\/strong><\/td><td class=\"has-text-align-center\" data-align=\"center\">ANTON KRIPPEL<br>Tel.:&nbsp;+421 904 410 706<\/td><\/tr><tr><td><strong>Main organizer<\/strong><\/td><td class=\"has-text-align-center\" data-align=\"center\">MARI\u00c1N LUSCON<\/td><\/tr><tr><td><strong>Coordinator of security and organizational measures<\/strong><\/td><td class=\"has-text-align-center\" data-align=\"center\">VLADIM\u00cdR STUPALA<br>Email:&nbsp;<a href=\"mailto:bezpecnost@fcspartaktrnava.com\" target=\"_blank\" rel=\"noreferrer noopener\">bezpecnost@fcspartaktrnava.com<\/a><\/td><\/tr><\/tbody><\/table><\/figure>\n<\/div><\/div>\n<\/div><\/div>","protected":false},"excerpt":{"rendered":"<p>&#8230;<\/p>","protected":false},"author":5,"featured_media":34543,"parent":0,"menu_order":0,"comment_status":"closed","ping_status":"closed","template":"general-info-template.php","meta":{"footnotes":""},"class_list":["post-28","page","type-page","status-publish","has-post-thumbnail","hentry","post-number-1"],"yoast_head":"<!-- This site is optimized with the Yoast SEO plugin v27.1.1 - https:\/\/yoast.com\/product\/yoast-seo-wordpress\/ -->\n<title>Z\u00e1kladn\u00e9 \u00fadaje - FC Spartak Trnava<\/title>\n<meta name=\"robots\" content=\"index, follow, max-snippet:-1, max-image-preview:large, max-video-preview:-1\" \/>\n<link rel=\"canonical\" href=\"https:\/\/fcspartaktrnava.com\/en\/zakladne-udaje\/\" \/>\n<meta name=\"twitter:label1\" content=\"Estimated reading time\" \/>\n\t<meta name=\"twitter:data1\" content=\"1 minute\" \/>\n<script type=\"application\/ld+json\" class=\"yoast-schema-graph\">{\"@context\":\"https:\/\/schema.org\",\"@graph\":[{\"@type\":\"WebPage\",\"@id\":\"https:\/\/fcspartaktrnava.com\/zakladne-udaje\/\",\"url\":\"https:\/\/fcspartaktrnava.com\/zakladne-udaje\/\",\"name\":\"Z\u00e1kladn\u00e9 \u00fadaje - FC Spartak Trnava\",\"isPartOf\":{\"@id\":\"https:\/\/fcspartaktrnava.com\/#website\"},\"primaryImageOfPage\":{\"@id\":\"https:\/\/fcspartaktrnava.com\/zakladne-udaje\/#primaryimage\"},\"image\":{\"@id\":\"https:\/\/fcspartaktrnava.com\/zakladne-udaje\/#primaryimage\"},\"thumbnailUrl\":\"https:\/\/fcspartaktrnava.com\/wp-content\/uploads\/2025\/10\/Primarne-Logo-FCST-1695x2048-1.png\",\"datePublished\":\"2022-08-10T10:07:18+00:00\",\"dateModified\":\"2026-01-14T10:52:54+00:00\",\"breadcrumb\":{\"@id\":\"https:\/\/fcspartaktrnava.com\/zakladne-udaje\/#breadcrumb\"},\"inLanguage\":\"en-GB\",\"potentialAction\":[{\"@type\":\"ReadAction\",\"target\":[\"https:\/\/fcspartaktrnava.com\/zakladne-udaje\/\"]}]},{\"@type\":\"ImageObject\",\"inLanguage\":\"en-GB\",\"@id\":\"https:\/\/fcspartaktrnava.com\/zakladne-udaje\/#primaryimage\",\"url\":\"https:\/\/fcspartaktrnava.com\/wp-content\/uploads\/2025\/10\/Primarne-Logo-FCST-1695x2048-1.png\",\"contentUrl\":\"https:\/\/fcspartaktrnava.com\/wp-content\/uploads\/2025\/10\/Primarne-Logo-FCST-1695x2048-1.png\",\"width\":1695,\"height\":2048},{\"@type\":\"BreadcrumbList\",\"@id\":\"https:\/\/fcspartaktrnava.com\/zakladne-udaje\/#breadcrumb\",\"itemListElement\":[{\"@type\":\"ListItem\",\"position\":1,\"name\":\"Home\",\"item\":\"https:\/\/fcspartaktrnava.com\/\"},{\"@type\":\"ListItem\",\"position\":2,\"name\":\"Z\u00e1kladn\u00e9 \u00fadaje\"}]},{\"@type\":\"WebSite\",\"@id\":\"https:\/\/fcspartaktrnava.com\/#website\",\"url\":\"https:\/\/fcspartaktrnava.com\/\",\"name\":\"FC Spartak Trnava\",\"description\":\"ofici\u00e1lna webstr\u00e1nka futbalov\u00e9ho klubu\",\"publisher\":{\"@id\":\"https:\/\/fcspartaktrnava.com\/#organization\"},\"potentialAction\":[{\"@type\":\"SearchAction\",\"target\":{\"@type\":\"EntryPoint\",\"urlTemplate\":\"https:\/\/fcspartaktrnava.com\/?s={search_term_string}\"},\"query-input\":{\"@type\":\"PropertyValueSpecification\",\"valueRequired\":true,\"valueName\":\"search_term_string\"}}],\"inLanguage\":\"en-GB\"},{\"@type\":\"Organization\",\"@id\":\"https:\/\/fcspartaktrnava.com\/#organization\",\"name\":\"FC Spartak Trnava\",\"alternateName\":\"Spartak\",\"url\":\"https:\/\/fcspartaktrnava.com\/\",\"logo\":{\"@type\":\"ImageObject\",\"inLanguage\":\"en-GB\",\"@id\":\"https:\/\/fcspartaktrnava.com\/#\/schema\/logo\/image\/\",\"url\":\"https:\/\/fcspartaktrnava.com\/wp-content\/uploads\/2022\/08\/cropped-site_logo.png\",\"contentUrl\":\"https:\/\/fcspartaktrnava.com\/wp-content\/uploads\/2022\/08\/cropped-site_logo.png\",\"width\":140,\"height\":140,\"caption\":\"FC Spartak Trnava\"},\"image\":{\"@id\":\"https:\/\/fcspartaktrnava.com\/#\/schema\/logo\/image\/\"},\"sameAs\":[\"https:\/\/www.facebook.com\/SpartakTrnava\",\"https:\/\/x.com\/SpartakTrnava1\",\"https:\/\/www.instagram.com\/spartak_sk\/\"]}]}<\/script>\n<!-- \/ Yoast SEO plugin. -->","yoast_head_json":{"title":"Z\u00e1kladn\u00e9 \u00fadaje - FC Spartak Trnava","robots":{"index":"index","follow":"follow","max-snippet":"max-snippet:-1","max-image-preview":"max-image-preview:large","max-video-preview":"max-video-preview:-1"},"canonical":"https:\/\/fcspartaktrnava.com\/en\/zakladne-udaje\/","twitter_misc":{"Estimated reading time":"1 minute"},"schema":{"@context":"https:\/\/schema.org","@graph":[{"@type":"WebPage","@id":"https:\/\/fcspartaktrnava.com\/zakladne-udaje\/","url":"https:\/\/fcspartaktrnava.com\/zakladne-udaje\/","name":"Z\u00e1kladn\u00e9 \u00fadaje - FC Spartak Trnava","isPartOf":{"@id":"https:\/\/fcspartaktrnava.com\/#website"},"primaryImageOfPage":{"@id":"https:\/\/fcspartaktrnava.com\/zakladne-udaje\/#primaryimage"},"image":{"@id":"https:\/\/fcspartaktrnava.com\/zakladne-udaje\/#primaryimage"},"thumbnailUrl":"https:\/\/fcspartaktrnava.com\/wp-content\/uploads\/2025\/10\/Primarne-Logo-FCST-1695x2048-1.png","datePublished":"2022-08-10T10:07:18+00:00","dateModified":"2026-01-14T10:52:54+00:00","breadcrumb":{"@id":"https:\/\/fcspartaktrnava.com\/zakladne-udaje\/#breadcrumb"},"inLanguage":"en-GB","potentialAction":[{"@type":"ReadAction","target":["https:\/\/fcspartaktrnava.com\/zakladne-udaje\/"]}]},{"@type":"ImageObject","inLanguage":"en-GB","@id":"https:\/\/fcspartaktrnava.com\/zakladne-udaje\/#primaryimage","url":"https:\/\/fcspartaktrnava.com\/wp-content\/uploads\/2025\/10\/Primarne-Logo-FCST-1695x2048-1.png","contentUrl":"https:\/\/fcspartaktrnava.com\/wp-content\/uploads\/2025\/10\/Primarne-Logo-FCST-1695x2048-1.png","width":1695,"height":2048},{"@type":"BreadcrumbList","@id":"https:\/\/fcspartaktrnava.com\/zakladne-udaje\/#breadcrumb","itemListElement":[{"@type":"ListItem","position":1,"name":"Home","item":"https:\/\/fcspartaktrnava.com\/"},{"@type":"ListItem","position":2,"name":"Z\u00e1kladn\u00e9 \u00fadaje"}]},{"@type":"WebSite","@id":"https:\/\/fcspartaktrnava.com\/#website","url":"https:\/\/fcspartaktrnava.com\/","name":"FC Spartak Trnava","description":"ofici\u00e1lna webstr\u00e1nka futbalov\u00e9ho klubu","publisher":{"@id":"https:\/\/fcspartaktrnava.com\/#organization"},"potentialAction":[{"@type":"SearchAction","target":{"@type":"EntryPoint","urlTemplate":"https:\/\/fcspartaktrnava.com\/?s={search_term_string}"},"query-input":{"@type":"PropertyValueSpecification","valueRequired":true,"valueName":"search_term_string"}}],"inLanguage":"en-GB"},{"@type":"Organization","@id":"https:\/\/fcspartaktrnava.com\/#organization","name":"FC Spartak Trnava","alternateName":"Spartak","url":"https:\/\/fcspartaktrnava.com\/","logo":{"@type":"ImageObject","inLanguage":"en-GB","@id":"https:\/\/fcspartaktrnava.com\/#\/schema\/logo\/image\/","url":"https:\/\/fcspartaktrnava.com\/wp-content\/uploads\/2022\/08\/cropped-site_logo.png","contentUrl":"https:\/\/fcspartaktrnava.com\/wp-content\/uploads\/2022\/08\/cropped-site_logo.png","width":140,"height":140,"caption":"FC Spartak Trnava"},"image":{"@id":"https:\/\/fcspartaktrnava.com\/#\/schema\/logo\/image\/"},"sameAs":["https:\/\/www.facebook.com\/SpartakTrnava","https:\/\/x.com\/SpartakTrnava1","https:\/\/www.instagram.com\/spartak_sk\/"]}]}},"_links":{"self":[{"href":"https:\/\/fcspartaktrnava.com\/en\/wp-json\/wp\/v2\/pages\/28","targetHints":{"allow":["GET"]}}],"collection":[{"href":"https:\/\/fcspartaktrnava.com\/en\/wp-json\/wp\/v2\/pages"}],"about":[{"href":"https:\/\/fcspartaktrnava.com\/en\/wp-json\/wp\/v2\/types\/page"}],"author":[{"embeddable":true,"href":"https:\/\/fcspartaktrnava.com\/en\/wp-json\/wp\/v2\/users\/5"}],"replies":[{"embeddable":true,"href":"https:\/\/fcspartaktrnava.com\/en\/wp-json\/wp\/v2\/comments?post=28"}],"version-history":[{"count":0,"href":"https:\/\/fcspartaktrnava.com\/en\/wp-json\/wp\/v2\/pages\/28\/revisions"}],"wp:featuredmedia":[{"embeddable":true,"href":"https:\/\/fcspartaktrnava.com\/en\/wp-json\/wp\/v2\/media\/34543"}],"wp:attachment":[{"href":"https:\/\/fcspartaktrnava.com\/en\/wp-json\/wp\/v2\/media?parent=28"}],"curies":[{"name":"wp","href":"https:\/\/api.w.org\/{rel}","templated":true}]}}