{"id":26,"date":"2022-08-10T09:53:47","date_gmt":"2022-08-10T09:53:47","guid":{"rendered":"https:\/\/fcspartaktrnava.com\/?page_id=26"},"modified":"2025-12-03T12:16:08","modified_gmt":"2025-12-03T10:16:08","slug":"kontaktuj-nas","status":"publish","type":"page","link":"https:\/\/fcspartaktrnava.com\/en\/kontaktuj-nas\/","title":{"rendered":"Contact us"},"content":{"rendered":"<div class=\"wp-block-group content-inner\"><div class=\"wp-block-group__inner-container is-layout-flow wp-block-group-is-layout-flow\">\n<hr class=\"wp-block-separator has-alpha-channel-opacity is-style-wide hr_v1em_alt\"\/>\n\n\n\n<p><strong>ADRESA KLUBU:<\/strong><br>Doln\u00e9 ba\u0161ty 14<br>91701&nbsp;Trnava<\/p>\n\n\n\n<hr class=\"wp-block-separator has-alpha-channel-opacity is-style-wide hr_v1em_alt\"\/>\n\n\n\n<p><strong>S\u00cdDLO SEKRETARI\u00c1TU:<br><\/strong>FC Spartak Trnava<br>City Arena &#8211; \u0160tadi\u00f3n A. Malatinsk\u00e9ho, vchod H<br>Doln\u00e9 ba\u0161ty 1\/A<br>917 01 Trnava<br><span>Phone:<\/span> +421 33 \/ 59 22 930<br>E-mail:&nbsp;<a href=\"mailto:sekretariat@fcspartaktrnava.com\">sekretariat@fcspartaktrnava.com<\/a><\/p>\n\n\n\n<hr class=\"wp-block-separator has-alpha-channel-opacity is-style-wide hr_v1em_alt\"\/>\n\n\n\n<p><strong>MARKETING &amp; SPONZORING:<\/strong><br>E-mail:&nbsp;marketing@fcspartaktrnava.com<\/p>\n\n\n\n<hr class=\"wp-block-separator has-alpha-channel-opacity is-style-wide hr_v1em_alt\"\/>\n\n\n\n<p><strong>MARKETING &amp; PR MANA\u017d\u00c9R KLUBU<br><\/strong>Marianna Proch\u00e1zkov\u00e1<br>E-mail:\u00a0<a href=\"\/en\/prochazkova@fcspartaktrnava.com\/\">prochazkova@fcspartaktrnava.com <\/a><\/p>\n\n\n\n<hr class=\"wp-block-separator has-alpha-channel-opacity\"\/>\n\n\n\n<p><strong>PREV\u00c1DZKOV\u00dd MANA\u017d\u00c9R &#8211; \u0160TADI\u00d3N (skyboxy &amp; catering)<\/strong><br>Pavol Bielik<br>E-mail:&nbsp;<a href=\"mailto:bielik@fcspartaktrnava.com\" target=\"_blank\" rel=\"noreferrer noopener\">bielik@fcspartaktrnava.com<\/a><\/p>\n\n\n\n<hr class=\"wp-block-separator has-alpha-channel-opacity is-style-wide hr_v1em_alt\"\/>\n\n\n\n<p><strong>KOORDIN\u00c1TOR BEZPE\u010cNOSTNO &#8211; ORGANIZA\u010cN\u00ddCH OPATREN\u00cd<\/strong><br>Vladim\u00edr Stupala<br>E-mail:&nbsp;<a href=\"mailto:bezpecnost@fcspartaktrnava.com\" target=\"_blank\" rel=\"noreferrer noopener\">bezpecnost@fcspartaktrnava.com<\/a><\/p>\n\n\n\n<hr class=\"wp-block-separator has-alpha-channel-opacity is-style-wide hr_v1em_alt\"\/>\n\n\n\n<p><strong>SCOUTING HR\u00c1\u010cOV:<br><\/strong>E-mail:&nbsp;<a href=\"mailto:macho@fcspartaktrnava.com\">scouting@fcspartaktrnava.com<\/a><\/p>\n\n\n\n<hr class=\"wp-block-separator has-alpha-channel-opacity is-style-wide hr_v1em_alt\"\/>\n\n\n\n<p><strong>ML\u00c1DE\u017d:<br><\/strong>Mari\u00e1n H\u00fdbela<br>E-mail:&nbsp;<a href=\"mailto:mladez@fcspartaktrnava.com\">mladez@fcspartaktrnava.com<\/a><\/p>\n\n\n\n<hr class=\"wp-block-separator has-alpha-channel-opacity is-style-wide hr_v1em_alt\"\/>\n\n\n\n<p><strong>TICKETING &#8211; PREDPREDAJ.SK<br><\/strong>E-mail:&nbsp;<a href=\"mailto:info@predpredaj.sk\">info@predpredaj.sk<\/a><\/p>\n<\/div><\/div>","protected":false},"excerpt":{"rendered":"<p>&#8230;<\/p>","protected":false},"author":5,"featured_media":0,"parent":0,"menu_order":0,"comment_status":"closed","ping_status":"closed","template":"page-template-contact.php","meta":{"footnotes":""},"class_list":["post-26","page","type-page","status-publish","hentry","post-number-1"],"yoast_head":"<!-- This site is optimized with the Yoast SEO plugin v27.1.1 - https:\/\/yoast.com\/product\/yoast-seo-wordpress\/ -->\n<title>Kontaktuj n\u00e1s - FC Spartak Trnava<\/title>\n<meta name=\"robots\" content=\"index, follow, max-snippet:-1, max-image-preview:large, max-video-preview:-1\" \/>\n<link rel=\"canonical\" href=\"https:\/\/fcspartaktrnava.com\/en\/kontaktuj-nas\/\" \/>\n<meta name=\"twitter:label1\" content=\"Estimated reading time\" \/>\n\t<meta name=\"twitter:data1\" content=\"1 minute\" \/>\n<script type=\"application\/ld+json\" class=\"yoast-schema-graph\">{\"@context\":\"https:\/\/schema.org\",\"@graph\":[{\"@type\":\"WebPage\",\"@id\":\"https:\/\/fcspartaktrnava.com\/kontaktuj-nas\/\",\"url\":\"https:\/\/fcspartaktrnava.com\/kontaktuj-nas\/\",\"name\":\"Kontaktuj n\u00e1s - FC Spartak Trnava\",\"isPartOf\":{\"@id\":\"https:\/\/fcspartaktrnava.com\/#website\"},\"datePublished\":\"2022-08-10T09:53:47+00:00\",\"dateModified\":\"2025-12-03T10:16:08+00:00\",\"breadcrumb\":{\"@id\":\"https:\/\/fcspartaktrnava.com\/kontaktuj-nas\/#breadcrumb\"},\"inLanguage\":\"en-GB\",\"potentialAction\":[{\"@type\":\"ReadAction\",\"target\":[\"https:\/\/fcspartaktrnava.com\/kontaktuj-nas\/\"]}]},{\"@type\":\"BreadcrumbList\",\"@id\":\"https:\/\/fcspartaktrnava.com\/kontaktuj-nas\/#breadcrumb\",\"itemListElement\":[{\"@type\":\"ListItem\",\"position\":1,\"name\":\"Home\",\"item\":\"https:\/\/fcspartaktrnava.com\/\"},{\"@type\":\"ListItem\",\"position\":2,\"name\":\"Kontaktuj n\u00e1s\"}]},{\"@type\":\"WebSite\",\"@id\":\"https:\/\/fcspartaktrnava.com\/#website\",\"url\":\"https:\/\/fcspartaktrnava.com\/\",\"name\":\"FC Spartak Trnava\",\"description\":\"ofici\u00e1lna webstr\u00e1nka futbalov\u00e9ho klubu\",\"publisher\":{\"@id\":\"https:\/\/fcspartaktrnava.com\/#organization\"},\"potentialAction\":[{\"@type\":\"SearchAction\",\"target\":{\"@type\":\"EntryPoint\",\"urlTemplate\":\"https:\/\/fcspartaktrnava.com\/?s={search_term_string}\"},\"query-input\":{\"@type\":\"PropertyValueSpecification\",\"valueRequired\":true,\"valueName\":\"search_term_string\"}}],\"inLanguage\":\"en-GB\"},{\"@type\":\"Organization\",\"@id\":\"https:\/\/fcspartaktrnava.com\/#organization\",\"name\":\"FC Spartak Trnava\",\"alternateName\":\"Spartak\",\"url\":\"https:\/\/fcspartaktrnava.com\/\",\"logo\":{\"@type\":\"ImageObject\",\"inLanguage\":\"en-GB\",\"@id\":\"https:\/\/fcspartaktrnava.com\/#\/schema\/logo\/image\/\",\"url\":\"https:\/\/fcspartaktrnava.com\/wp-content\/uploads\/2022\/08\/cropped-site_logo.png\",\"contentUrl\":\"https:\/\/fcspartaktrnava.com\/wp-content\/uploads\/2022\/08\/cropped-site_logo.png\",\"width\":140,\"height\":140,\"caption\":\"FC Spartak Trnava\"},\"image\":{\"@id\":\"https:\/\/fcspartaktrnava.com\/#\/schema\/logo\/image\/\"},\"sameAs\":[\"https:\/\/www.facebook.com\/SpartakTrnava\",\"https:\/\/x.com\/SpartakTrnava1\",\"https:\/\/www.instagram.com\/spartak_sk\/\"]}]}<\/script>\n<!-- \/ Yoast SEO plugin. -->","yoast_head_json":{"title":"Kontaktuj n\u00e1s - FC Spartak Trnava","robots":{"index":"index","follow":"follow","max-snippet":"max-snippet:-1","max-image-preview":"max-image-preview:large","max-video-preview":"max-video-preview:-1"},"canonical":"https:\/\/fcspartaktrnava.com\/en\/kontaktuj-nas\/","twitter_misc":{"Estimated reading time":"1 minute"},"schema":{"@context":"https:\/\/schema.org","@graph":[{"@type":"WebPage","@id":"https:\/\/fcspartaktrnava.com\/kontaktuj-nas\/","url":"https:\/\/fcspartaktrnava.com\/kontaktuj-nas\/","name":"Kontaktuj n\u00e1s - FC Spartak Trnava","isPartOf":{"@id":"https:\/\/fcspartaktrnava.com\/#website"},"datePublished":"2022-08-10T09:53:47+00:00","dateModified":"2025-12-03T10:16:08+00:00","breadcrumb":{"@id":"https:\/\/fcspartaktrnava.com\/kontaktuj-nas\/#breadcrumb"},"inLanguage":"en-GB","potentialAction":[{"@type":"ReadAction","target":["https:\/\/fcspartaktrnava.com\/kontaktuj-nas\/"]}]},{"@type":"BreadcrumbList","@id":"https:\/\/fcspartaktrnava.com\/kontaktuj-nas\/#breadcrumb","itemListElement":[{"@type":"ListItem","position":1,"name":"Home","item":"https:\/\/fcspartaktrnava.com\/"},{"@type":"ListItem","position":2,"name":"Kontaktuj n\u00e1s"}]},{"@type":"WebSite","@id":"https:\/\/fcspartaktrnava.com\/#website","url":"https:\/\/fcspartaktrnava.com\/","name":"FC Spartak Trnava","description":"ofici\u00e1lna webstr\u00e1nka futbalov\u00e9ho klubu","publisher":{"@id":"https:\/\/fcspartaktrnava.com\/#organization"},"potentialAction":[{"@type":"SearchAction","target":{"@type":"EntryPoint","urlTemplate":"https:\/\/fcspartaktrnava.com\/?s={search_term_string}"},"query-input":{"@type":"PropertyValueSpecification","valueRequired":true,"valueName":"search_term_string"}}],"inLanguage":"en-GB"},{"@type":"Organization","@id":"https:\/\/fcspartaktrnava.com\/#organization","name":"FC Spartak Trnava","alternateName":"Spartak","url":"https:\/\/fcspartaktrnava.com\/","logo":{"@type":"ImageObject","inLanguage":"en-GB","@id":"https:\/\/fcspartaktrnava.com\/#\/schema\/logo\/image\/","url":"https:\/\/fcspartaktrnava.com\/wp-content\/uploads\/2022\/08\/cropped-site_logo.png","contentUrl":"https:\/\/fcspartaktrnava.com\/wp-content\/uploads\/2022\/08\/cropped-site_logo.png","width":140,"height":140,"caption":"FC Spartak Trnava"},"image":{"@id":"https:\/\/fcspartaktrnava.com\/#\/schema\/logo\/image\/"},"sameAs":["https:\/\/www.facebook.com\/SpartakTrnava","https:\/\/x.com\/SpartakTrnava1","https:\/\/www.instagram.com\/spartak_sk\/"]}]}},"_links":{"self":[{"href":"https:\/\/fcspartaktrnava.com\/en\/wp-json\/wp\/v2\/pages\/26","targetHints":{"allow":["GET"]}}],"collection":[{"href":"https:\/\/fcspartaktrnava.com\/en\/wp-json\/wp\/v2\/pages"}],"about":[{"href":"https:\/\/fcspartaktrnava.com\/en\/wp-json\/wp\/v2\/types\/page"}],"author":[{"embeddable":true,"href":"https:\/\/fcspartaktrnava.com\/en\/wp-json\/wp\/v2\/users\/5"}],"replies":[{"embeddable":true,"href":"https:\/\/fcspartaktrnava.com\/en\/wp-json\/wp\/v2\/comments?post=26"}],"version-history":[{"count":0,"href":"https:\/\/fcspartaktrnava.com\/en\/wp-json\/wp\/v2\/pages\/26\/revisions"}],"wp:attachment":[{"href":"https:\/\/fcspartaktrnava.com\/en\/wp-json\/wp\/v2\/media?parent=26"}],"curies":[{"name":"wp","href":"https:\/\/api.w.org\/{rel}","templated":true}]}}