{"id":25482,"date":"2025-01-28T14:04:15","date_gmt":"2025-01-28T12:04:15","guid":{"rendered":"https:\/\/fcspartaktrnava.com\/?page_id=25482"},"modified":"2026-01-26T15:13:41","modified_gmt":"2026-01-26T13:13:41","slug":"venujte-detom-2","status":"publish","type":"page","link":"https:\/\/fcspartaktrnava.com\/en\/venujte-detom-2\/","title":{"rendered":"VENUJTE 2% DE\u0164OM"},"content":{"rendered":"<p class=\"has-text-align-center has-medium-font-size\"><strong>Spartakovsk\u00e1 ml\u00e1de\u017e je jedn\u00fdm zo z\u00e1kladn\u00fdch pilierov n\u00e1\u0161ho klubu. Aj tento rok m\u00f4\u017eete podpori\u0165 mlad\u00e9 talenty, ich rozvoj a futbalov\u00fa cestu a Ob\u010dianske zdru\u017eenie Spartakovsk\u00e1 ml\u00e1de\u017e.<\/strong><\/p>\n\n\n\n<p class=\"has-text-align-center has-medium-font-size\">V\u010faka va\u0161im pr\u00edspevkom z dan\u00ed sme v minulom roku podporili viacer\u00e9 aktivity ml\u00e1de\u017en\u00edckych t\u00edmov, nak\u00fapili sa r\u00f4zne prospe\u0161n\u00e9 materi\u00e1lne veci.<\/p>\n\n\n\n<p class=\"has-text-align-center has-medium-font-size\"><strong>Pou\u017eitie 2% v roku 2025:<\/strong><\/p>\n\n\n\n<p class=\"has-text-align-center has-medium-font-size\">&#8211; tr\u00e9ningov\u00e1 pom\u00f4cka pre brank\u00e1rov Blazepod 533,-<\/p>\n\n\n\n<p class=\"has-text-align-center has-medium-font-size\">&#8211; lopty 1 980,-<\/p>\n\n\n\n<p class=\"has-text-align-center has-medium-font-size\">&#8211; pom\u00f4cky pre mas\u00e9rov a fyzioterapeutov 1 482,-<\/p>\n\n\n\n<p class=\"has-text-align-center has-medium-font-size\">&#8211; tr\u00e9ningov\u00e9 pom\u00f4cky 4 220,-<\/p>\n\n\n\n<p class=\"has-text-align-center has-medium-font-size\">&#8211; turnaje \u010cesko, Franc\u00fazsko, 3x Taliansko, 2x \u0160panielsko, Po\u013esko a turnaje na Slovensku 14 000,-<\/p>\n\n\n\n<p class=\"has-text-align-center has-medium-font-size\">&#8211; tr\u00e9ningov\u00e9 tri\u010dk\u00e1 1 327,-<\/p>\n\n\n\n<p class=\"has-text-align-center has-medium-font-size\">&#8211; intern\u00e1t pre hr\u00e1\u010dov po\u010das letn\u00fdch pr\u00e1zdnin 2 310,-<\/p>\n\n\n\n<p class=\"has-text-align-center has-medium-font-size\">&#8211; strava hr\u00e1\u010dov na intern\u00e1te po\u010das letn\u00fdch pr\u00e1zdnin 5 017,-<\/p>\n\n\n\n<p class=\"has-text-align-center has-medium-font-size\">&#8211; nov\u00e1 VEO kamera + licencie 7 957,-<\/p>\n\n\n\n<p class=\"has-text-align-center has-medium-font-size\">&#8211; nos\u00edtka k ihrisk\u00e1m na prv\u00fa pomoc 445,-&nbsp;<\/p>\n\n\n\n<p class=\"has-text-align-center has-medium-font-size\">&#8211; grafick\u00fd program pre tr\u00e9nerov 2 715,-<\/p>\n\n\n\n<hr class=\"wp-block-separator has-alpha-channel-opacity\"\/>\n\n\n\n<p class=\"has-text-align-center has-medium-font-size\"><strong>\u201eV prvom rade by som chcel po\u010fakova\u0165 v\u0161etk\u00fdm, ktor\u00ed n\u00e1m venovali svoje dve percent\u00e1 v minulom roku. V\u0161etky prostriedky sme vynalo\u017eili na skvalitnenie tr\u00e9ningov\u00e9ho procesu a n\u00e1kup \u0161portov\u00fdch pom\u00f4cok pre amat\u00e9rske ml\u00e1de\u017en\u00edcke t\u00edmy. Chceme pre t\u00fdch najmen\u0161\u00edch vytvori\u0165 podmienky, aby sa mohli naplno s\u00fastredi\u0165 na \u0161port, ktor\u00fd maj\u00fa radi. Po\u010das tohto obdobia si vytv\u00e1raj\u00fa priate\u013estv\u00e1 na cel\u00fd \u017eivot. Na\u0161ou \u00falohou je nielen ich u\u010di\u0165 futbalov\u00e9 z\u00e1klady, ale aj vies\u0165 ich k hodnot\u00e1m fair play, aby boli prospe\u0161n\u00ed celej komunite aj v dospelosti. Preto sa uch\u00e1dzame o prostriedky z dan\u00ed a garantujeme, \u017ee bud\u00fa vynalo\u017een\u00e9 na dobr\u00fa vec,\u201c<\/strong><em>&nbsp;<\/em>hovor\u00ed \u0161portov\u00fd riadite\u013e ml\u00e1de\u017ee v Spartaku Mari\u00e1n H\u00fdbela.<\/p>\n\n\n\n<hr class=\"wp-block-separator has-alpha-channel-opacity\"\/>\n\n\n<div class=\"wp-block-image\">\n<figure class=\"aligncenter size-large\"><img loading=\"lazy\" decoding=\"async\" width=\"1024\" height=\"682\" src=\"https:\/\/fcspartaktrnava.com\/wp-content\/uploads\/2026\/01\/548192822_1352598320209020_3809899241313113000_n-1024x682.jpg\" alt=\"\" class=\"wp-image-39137\" srcset=\"https:\/\/fcspartaktrnava.com\/wp-content\/uploads\/2026\/01\/548192822_1352598320209020_3809899241313113000_n-1024x682.jpg 1024w, https:\/\/fcspartaktrnava.com\/wp-content\/uploads\/2026\/01\/548192822_1352598320209020_3809899241313113000_n-300x200.jpg 300w, https:\/\/fcspartaktrnava.com\/wp-content\/uploads\/2026\/01\/548192822_1352598320209020_3809899241313113000_n-768x512.jpg 768w, https:\/\/fcspartaktrnava.com\/wp-content\/uploads\/2026\/01\/548192822_1352598320209020_3809899241313113000_n-1536x1024.jpg 1536w, https:\/\/fcspartaktrnava.com\/wp-content\/uploads\/2026\/01\/548192822_1352598320209020_3809899241313113000_n-18x12.jpg 18w, https:\/\/fcspartaktrnava.com\/wp-content\/uploads\/2026\/01\/548192822_1352598320209020_3809899241313113000_n.jpg 1901w\" sizes=\"auto, (max-width: 1024px) 100vw, 1024px\" \/><\/figure>\n<\/div>\n\n\n<p class=\"has-text-align-center\"><strong>Momentka z turnaja v Mardide, kde si na\u0161a U14 zmerala sily s lond\u00fdnskym ve\u013ekoklubom Chelsea FC.<\/strong><\/p>\n\n\n\n<h2 class=\"wp-block-heading has-text-align-center\">D\u00d4LE\u017dIT\u00c9 TERM\u00cdNY<\/h2>\n\n\n\n<ul class=\"wp-block-list\">\n<li><strong>do 31. marca 2026<\/strong>\u00a0&#8211; Podanie da\u0148ov\u00fdch priznan\u00ed zo strany da\u0148ovn\u00edkov (fyzick\u00e9 osoby), ktor\u00ed pod\u00e1vaj\u00fa da\u0148ov\u00e9 priznanie + podanie da\u0148ov\u00fdch priznan\u00ed pr\u00e1vnick\u00fdmi osobami &#8211; Vyhl\u00e1senie je u\u017e s\u00fa\u010das\u0165ou da\u0148ov\u00e9ho priznania<\/li>\n\n\n\n<li><strong>do 30. apr\u00edla 2026<\/strong>\u00a0&#8211; Zasielanie vyhl\u00e1sen\u00ed zo strany da\u0148ovn\u00edkov, za ktor\u00fdch da\u0148ov\u00fa povinnos\u0165 vyrovn\u00e1 zamestn\u00e1vate\u013e (zamestnanec okrem vyhl\u00e1senia zasiela aj Potvrdenie o zaplaten\u00ed dane)<\/li>\n<\/ul>\n\n\n\n<hr class=\"wp-block-separator has-text-color has-vivid-red-color has-alpha-channel-opacity has-vivid-red-background-color has-background\"\/>\n\n\n\n<p class=\"has-text-align-center has-black-color has-white-background-color has-text-color has-background has-link-color has-medium-font-size wp-elements-8633f0b8360ba5a85b0ec0d017b0050c\"><strong>Darova\u0165 2 percent\u00e1 z va\u0161ich dan\u00ed nie je platbou navy\u0161e. Vypln\u00edte iba 2 \u00fadaje<\/strong>:<\/p>\n\n\n\n<p class=\"has-text-align-center has-black-color has-white-background-color has-text-color has-background has-link-color has-medium-font-size wp-elements-71558ce20efeadd3f083c64b458b1d0f\"><strong>Ob\u010dianske zdru\u017eenie: SPARTAKOVSK\u00c1 ML\u00c1DE\u017d<\/strong><\/p>\n\n\n\n<p class=\"has-text-align-center has-black-color has-white-background-color has-text-color has-background has-link-color has-medium-font-size wp-elements-fa1a3b500cd1ce53c20d52590f97279c\"><strong>I\u010cO: 52973948<\/strong><\/p>\n\n\n\n<p class=\"has-text-align-center has-black-color has-white-background-color has-text-color has-background has-link-color has-medium-font-size wp-elements-8bf72853d8d438b3de1d1fadde689dc3\"><strong>IBAN pre 2% z dane: SK40 0900 0000 0052 4214 4384<\/strong><br><strong>(n\u00e1zov \u00fa\u010dtu: 2% Spartakovsk\u00e1 ml\u00e1de\u017e)<\/strong><\/p>\n\n\n\n<p class=\"has-text-align-center has-black-color has-white-background-color has-text-color has-background has-link-color has-medium-font-size wp-elements-42babcec44f9daa9a1f665028f1d9809\"><strong>IBAN pre finan\u010dn\u00e9 dary a sponzorsk\u00e9: SK13 0900 0000 0051 7559 6080<\/strong><br><strong>(n\u00e1zov \u00fa\u010dtu: Spartakovsk\u00e1 ml\u00e1de\u017e)<\/strong><\/p>\n\n\n\n<div data-wp-interactive=\"core\/file\" class=\"wp-block-file aligncenter\"><object data-wp-bind--hidden=\"!state.hasPdfPreview\" hidden class=\"wp-block-file__embed\" data=\"https:\/\/fcspartaktrnava.com\/wp-content\/uploads\/2026\/01\/2__tlacivo_2026.pdf\" type=\"application\/pdf\" style=\"width:100%;height:600px\" aria-label=\"Embed of 2__tla\u010divo_2026.\"><\/object><a id=\"wp-block-file--media-3ecc16ca-8b70-4548-9eac-aff1dd023056\" href=\"https:\/\/fcspartaktrnava.com\/wp-content\/uploads\/2026\/01\/2__tlacivo_2026.pdf\">2__tla\u010divo_2026<\/a><a href=\"https:\/\/fcspartaktrnava.com\/wp-content\/uploads\/2026\/01\/2__tlacivo_2026.pdf\" class=\"wp-block-file__button wp-element-button\" download aria-describedby=\"wp-block-file--media-3ecc16ca-8b70-4548-9eac-aff1dd023056\">Stiahnu\u0165<\/a><\/div>\n\n\n\n<hr class=\"wp-block-separator has-alpha-channel-opacity\"\/>\n\n\n\n<p class=\"has-text-align-center has-large-font-size\"><strong>\u010eAKUJEME PEKNE! <\/strong><\/p>","protected":false},"excerpt":{"rendered":"<p>&#8230;<\/p>","protected":false},"author":5,"featured_media":0,"parent":0,"menu_order":0,"comment_status":"closed","ping_status":"closed","template":"","meta":{"footnotes":""},"class_list":["post-25482","page","type-page","status-publish","hentry","post-number-1"],"yoast_head":"<!-- This site is optimized with the Yoast SEO plugin v27.1.1 - https:\/\/yoast.com\/product\/yoast-seo-wordpress\/ -->\n<title>VENUJTE 2% DE\u0164OM - FC Spartak Trnava<\/title>\n<meta name=\"robots\" content=\"index, follow, max-snippet:-1, max-image-preview:large, max-video-preview:-1\" \/>\n<link rel=\"canonical\" href=\"https:\/\/fcspartaktrnava.com\/en\/venujte-detom-2\/\" \/>\n<meta name=\"twitter:label1\" content=\"Estimated reading time\" \/>\n\t<meta name=\"twitter:data1\" content=\"3 minutes\" \/>\n<script type=\"application\/ld+json\" class=\"yoast-schema-graph\">{\"@context\":\"https:\/\/schema.org\",\"@graph\":[{\"@type\":\"WebPage\",\"@id\":\"https:\/\/fcspartaktrnava.com\/venujte-detom-2\/\",\"url\":\"https:\/\/fcspartaktrnava.com\/venujte-detom-2\/\",\"name\":\"VENUJTE 2% DE\u0164OM - FC Spartak Trnava\",\"isPartOf\":{\"@id\":\"https:\/\/fcspartaktrnava.com\/#website\"},\"primaryImageOfPage\":{\"@id\":\"https:\/\/fcspartaktrnava.com\/venujte-detom-2\/#primaryimage\"},\"image\":{\"@id\":\"https:\/\/fcspartaktrnava.com\/venujte-detom-2\/#primaryimage\"},\"thumbnailUrl\":\"https:\/\/fcspartaktrnava.com\/wp-content\/uploads\/2026\/01\/548192822_1352598320209020_3809899241313113000_n-1024x682.jpg\",\"datePublished\":\"2025-01-28T12:04:15+00:00\",\"dateModified\":\"2026-01-26T13:13:41+00:00\",\"breadcrumb\":{\"@id\":\"https:\/\/fcspartaktrnava.com\/venujte-detom-2\/#breadcrumb\"},\"inLanguage\":\"en-GB\",\"potentialAction\":[{\"@type\":\"ReadAction\",\"target\":[\"https:\/\/fcspartaktrnava.com\/venujte-detom-2\/\"]}]},{\"@type\":\"ImageObject\",\"inLanguage\":\"en-GB\",\"@id\":\"https:\/\/fcspartaktrnava.com\/venujte-detom-2\/#primaryimage\",\"url\":\"https:\/\/fcspartaktrnava.com\/wp-content\/uploads\/2026\/01\/548192822_1352598320209020_3809899241313113000_n-1024x682.jpg\",\"contentUrl\":\"https:\/\/fcspartaktrnava.com\/wp-content\/uploads\/2026\/01\/548192822_1352598320209020_3809899241313113000_n-1024x682.jpg\"},{\"@type\":\"BreadcrumbList\",\"@id\":\"https:\/\/fcspartaktrnava.com\/venujte-detom-2\/#breadcrumb\",\"itemListElement\":[{\"@type\":\"ListItem\",\"position\":1,\"name\":\"Home\",\"item\":\"https:\/\/fcspartaktrnava.com\/\"},{\"@type\":\"ListItem\",\"position\":2,\"name\":\"VENUJTE 2% DE\u0164OM\"}]},{\"@type\":\"WebSite\",\"@id\":\"https:\/\/fcspartaktrnava.com\/#website\",\"url\":\"https:\/\/fcspartaktrnava.com\/\",\"name\":\"FC Spartak Trnava\",\"description\":\"ofici\u00e1lna webstr\u00e1nka futbalov\u00e9ho klubu\",\"publisher\":{\"@id\":\"https:\/\/fcspartaktrnava.com\/#organization\"},\"potentialAction\":[{\"@type\":\"SearchAction\",\"target\":{\"@type\":\"EntryPoint\",\"urlTemplate\":\"https:\/\/fcspartaktrnava.com\/?s={search_term_string}\"},\"query-input\":{\"@type\":\"PropertyValueSpecification\",\"valueRequired\":true,\"valueName\":\"search_term_string\"}}],\"inLanguage\":\"en-GB\"},{\"@type\":\"Organization\",\"@id\":\"https:\/\/fcspartaktrnava.com\/#organization\",\"name\":\"FC Spartak Trnava\",\"alternateName\":\"Spartak\",\"url\":\"https:\/\/fcspartaktrnava.com\/\",\"logo\":{\"@type\":\"ImageObject\",\"inLanguage\":\"en-GB\",\"@id\":\"https:\/\/fcspartaktrnava.com\/#\/schema\/logo\/image\/\",\"url\":\"https:\/\/fcspartaktrnava.com\/wp-content\/uploads\/2022\/08\/cropped-site_logo.png\",\"contentUrl\":\"https:\/\/fcspartaktrnava.com\/wp-content\/uploads\/2022\/08\/cropped-site_logo.png\",\"width\":140,\"height\":140,\"caption\":\"FC Spartak Trnava\"},\"image\":{\"@id\":\"https:\/\/fcspartaktrnava.com\/#\/schema\/logo\/image\/\"},\"sameAs\":[\"https:\/\/www.facebook.com\/SpartakTrnava\",\"https:\/\/x.com\/SpartakTrnava1\",\"https:\/\/www.instagram.com\/spartak_sk\/\"]}]}<\/script>\n<!-- \/ Yoast SEO plugin. -->","yoast_head_json":{"title":"VENUJTE 2% DE\u0164OM - FC Spartak Trnava","robots":{"index":"index","follow":"follow","max-snippet":"max-snippet:-1","max-image-preview":"max-image-preview:large","max-video-preview":"max-video-preview:-1"},"canonical":"https:\/\/fcspartaktrnava.com\/en\/venujte-detom-2\/","twitter_misc":{"Estimated reading time":"3 minutes"},"schema":{"@context":"https:\/\/schema.org","@graph":[{"@type":"WebPage","@id":"https:\/\/fcspartaktrnava.com\/venujte-detom-2\/","url":"https:\/\/fcspartaktrnava.com\/venujte-detom-2\/","name":"VENUJTE 2% DE\u0164OM - FC Spartak Trnava","isPartOf":{"@id":"https:\/\/fcspartaktrnava.com\/#website"},"primaryImageOfPage":{"@id":"https:\/\/fcspartaktrnava.com\/venujte-detom-2\/#primaryimage"},"image":{"@id":"https:\/\/fcspartaktrnava.com\/venujte-detom-2\/#primaryimage"},"thumbnailUrl":"https:\/\/fcspartaktrnava.com\/wp-content\/uploads\/2026\/01\/548192822_1352598320209020_3809899241313113000_n-1024x682.jpg","datePublished":"2025-01-28T12:04:15+00:00","dateModified":"2026-01-26T13:13:41+00:00","breadcrumb":{"@id":"https:\/\/fcspartaktrnava.com\/venujte-detom-2\/#breadcrumb"},"inLanguage":"en-GB","potentialAction":[{"@type":"ReadAction","target":["https:\/\/fcspartaktrnava.com\/venujte-detom-2\/"]}]},{"@type":"ImageObject","inLanguage":"en-GB","@id":"https:\/\/fcspartaktrnava.com\/venujte-detom-2\/#primaryimage","url":"https:\/\/fcspartaktrnava.com\/wp-content\/uploads\/2026\/01\/548192822_1352598320209020_3809899241313113000_n-1024x682.jpg","contentUrl":"https:\/\/fcspartaktrnava.com\/wp-content\/uploads\/2026\/01\/548192822_1352598320209020_3809899241313113000_n-1024x682.jpg"},{"@type":"BreadcrumbList","@id":"https:\/\/fcspartaktrnava.com\/venujte-detom-2\/#breadcrumb","itemListElement":[{"@type":"ListItem","position":1,"name":"Home","item":"https:\/\/fcspartaktrnava.com\/"},{"@type":"ListItem","position":2,"name":"VENUJTE 2% DE\u0164OM"}]},{"@type":"WebSite","@id":"https:\/\/fcspartaktrnava.com\/#website","url":"https:\/\/fcspartaktrnava.com\/","name":"FC Spartak Trnava","description":"ofici\u00e1lna webstr\u00e1nka futbalov\u00e9ho klubu","publisher":{"@id":"https:\/\/fcspartaktrnava.com\/#organization"},"potentialAction":[{"@type":"SearchAction","target":{"@type":"EntryPoint","urlTemplate":"https:\/\/fcspartaktrnava.com\/?s={search_term_string}"},"query-input":{"@type":"PropertyValueSpecification","valueRequired":true,"valueName":"search_term_string"}}],"inLanguage":"en-GB"},{"@type":"Organization","@id":"https:\/\/fcspartaktrnava.com\/#organization","name":"FC Spartak Trnava","alternateName":"Spartak","url":"https:\/\/fcspartaktrnava.com\/","logo":{"@type":"ImageObject","inLanguage":"en-GB","@id":"https:\/\/fcspartaktrnava.com\/#\/schema\/logo\/image\/","url":"https:\/\/fcspartaktrnava.com\/wp-content\/uploads\/2022\/08\/cropped-site_logo.png","contentUrl":"https:\/\/fcspartaktrnava.com\/wp-content\/uploads\/2022\/08\/cropped-site_logo.png","width":140,"height":140,"caption":"FC Spartak Trnava"},"image":{"@id":"https:\/\/fcspartaktrnava.com\/#\/schema\/logo\/image\/"},"sameAs":["https:\/\/www.facebook.com\/SpartakTrnava","https:\/\/x.com\/SpartakTrnava1","https:\/\/www.instagram.com\/spartak_sk\/"]}]}},"_links":{"self":[{"href":"https:\/\/fcspartaktrnava.com\/en\/wp-json\/wp\/v2\/pages\/25482","targetHints":{"allow":["GET"]}}],"collection":[{"href":"https:\/\/fcspartaktrnava.com\/en\/wp-json\/wp\/v2\/pages"}],"about":[{"href":"https:\/\/fcspartaktrnava.com\/en\/wp-json\/wp\/v2\/types\/page"}],"author":[{"embeddable":true,"href":"https:\/\/fcspartaktrnava.com\/en\/wp-json\/wp\/v2\/users\/5"}],"replies":[{"embeddable":true,"href":"https:\/\/fcspartaktrnava.com\/en\/wp-json\/wp\/v2\/comments?post=25482"}],"version-history":[{"count":0,"href":"https:\/\/fcspartaktrnava.com\/en\/wp-json\/wp\/v2\/pages\/25482\/revisions"}],"wp:attachment":[{"href":"https:\/\/fcspartaktrnava.com\/en\/wp-json\/wp\/v2\/media?parent=25482"}],"curies":[{"name":"wp","href":"https:\/\/api.w.org\/{rel}","templated":true}]}}