{"id":24277,"date":"2024-11-21T12:31:29","date_gmt":"2024-11-21T10:31:29","guid":{"rendered":"https:\/\/fcspartaktrnava.com\/?page_id=24277"},"modified":"2025-05-29T11:19:23","modified_gmt":"2025-05-29T09:19:23","slug":"eticky-kodex-fanusika-fc-spartak-trnava-na-socialnych-sietach","status":"publish","type":"page","link":"https:\/\/fcspartaktrnava.com\/en\/eticky-kodex-fanusika-fc-spartak-trnava-na-socialnych-sietach\/","title":{"rendered":"ETICK\u00dd K\u00d3DEX FAN\u00da\u0160IKA"},"content":{"rendered":"<p><\/p>\n\n\n\n<p class=\"has-text-align-center has-medium-font-size\"><strong>Etick\u00fd k\u00f3dex fan\u00fa\u0161ika stanovuje pravidl\u00e1 slu\u0161nej komunik\u00e1cie fan\u00fa\u0161ikov FC Spartak na soci\u00e1lnych sie\u0165ach klubu. Uk\u00e1\u017eme silu komunity a vz\u00e1jomn\u00fd re\u0161pekt. Preto\u017ee spolu sme v\u017edy silnej\u0161\u00ed!<\/strong><\/p>\n\n\n\n<hr class=\"wp-block-separator has-alpha-channel-opacity\"\/>\n\n\n\n<p class=\"has-text-align-center has-medium-font-size\"><strong>1., RE\u0160PEKTUJEME SA NAVZ\u00c1JOM<\/strong><\/p>\n\n\n\n<p class=\"has-text-align-center has-medium-font-size\">Komentuj\u00faci vystupuje, resp. pristupuje k ostatn\u00fdm pou\u017e\u00edvate\u013eom a diskut\u00e9rom korektne, s \u00factou a re\u0161pektom. Osobn\u00e9 \u00fatoky, vyhr\u00e1\u017eky a ob\u0165a\u017eovanie \u013eud\u00ed bud\u00fa ma\u0165 za n\u00e1sledok zablokovanie pou\u017e\u00edvate\u013ea.<\/p>\n\n\n\n<p class=\"has-text-align-center has-medium-font-size\"><strong>2., BEZ N\u00c1SILIA A VULGARIZMOV<\/strong><\/p>\n\n\n\n<p class=\"has-text-align-center has-medium-font-size\">Nepr\u00edpustn\u00e9 s\u00fa koment\u00e1re, obsahuj\u00face alebo podnecuj\u00face n\u00e1silie, rasizmus, nen\u00e1vis\u0165 ku konkr\u00e9tnym \u013eu\u010fom alebo ku skupin\u00e1m obyvate\u013eov, najm\u00e4 k etnick\u00fdm alebo n\u00e1bo\u017eensk\u00fdm skupin\u00e1m, rovnako ako koment\u00e1re, obsahuj\u00face obsc\u00e9nnosti alebo vulgarizmy.<\/p>\n\n\n\n<p class=\"has-text-align-center has-medium-font-size\"><strong>3., NEVYTV\u00c1RAME FALO\u0160N\u00c9 PROFILY<\/strong><\/p>\n\n\n\n<p class=\"has-text-align-center has-medium-font-size\">Zak\u00e1zan\u00e9 je komentova\u0165 v cudzom mene, t.j. vyd\u00e1va\u0165 sa za in\u00fa verejne zn\u00e1mu osobu. Komentuj\u00faci by mal vystupova\u0165 pod svojim skuto\u010dn\u00fdm menom a nie pod prez\u00fdvkou, \u010di anonymne, preto\u017ee jeho re\u00e1lne meno d\u00e1va pr\u00edspevku v\u00e4\u010d\u0161iu d\u00f4veryhodnos\u0165.<\/p>\n\n\n\n<p class=\"has-text-align-center has-medium-font-size\"><strong>4., NE\u0160\u00cdRIME SPAM<\/strong><\/p>\n\n\n\n<p class=\"has-text-align-center has-medium-font-size\">Nepr\u00edpustn\u00e9 je aj zahlcovanie koment\u00e1rov viackr\u00e1t s t\u00fdm ist\u00fdm pr\u00edspevkom, \u010di linkom na extern\u00e9 webov\u00e9 str\u00e1nky (tzv. spam).<\/p>\n\n\n\n<p class=\"has-text-align-center has-medium-font-size\"><strong>5., NEZVEREJ\u0147UJEME CITILIV\u00c9 \u00daDAJE<\/strong><\/p>\n\n\n\n<p class=\"has-text-align-center has-medium-font-size\">Zak\u00e1zan\u00e9 je vklada\u0165 do diskusi\u00ed, \u010di pr\u00edspevkov inform\u00e1cie o identite in\u00fdch pou\u017e\u00edvate\u013eov bez ich s\u00fahlasu, najm\u00e4 osobn\u00e9 \u00fadaje ako s\u00fa telef\u00f3nne \u010d\u00edslo, adresa a pod.<\/p>\n\n\n\n<p class=\"has-text-align-center has-medium-font-size\"><strong>6., V\u0160ETCI DODR\u017dIAVAME K\u00d3DEX<\/strong><\/p>\n\n\n\n<p class=\"has-text-align-center has-medium-font-size\">Pou\u017e\u00edvatelia na facebookovej str\u00e1nke FC Spartak Trnava s\u00fa povinn\u00ed dodr\u017eiava\u0165 tento k\u00f3dex. Nedodr\u017eanie m\u00f4\u017ee ma\u0165 za n\u00e1sledok napomenutie, pri opakovanom, \u010di hrubom poru\u0161en\u00ed aj zablokovanie pr\u00edstupu k danej str\u00e1nke.<\/p>\n\n\n\n<p class=\"has-text-align-center has-medium-font-size\"><strong>7., K\u00d3DEX UPRAVUJEME, IBA AK JE TO POTREBN\u00c9<\/strong><\/p>\n\n\n\n<p class=\"has-text-align-center has-medium-font-size\">FC Spartak Trnava si vyhradzuje pr\u00e1ve tento k\u00f3dex upravova\u0165, preto odpor\u00fa\u010da n\u00e1v\u0161tevn\u00edkom tejto str\u00e1nky pravidelne k\u00f3dex, umiestnen\u00fd na webe fcspartaktrnava.com pre\u010d\u00edta\u0165 si a ubezpe\u010di\u0165 sa, \u010di konaj\u00fa v s\u00falade s&nbsp;pravidlami, nap\u00edsan\u00fdmi v \u0148om.<\/p>\n\n\n\n<p class=\"has-text-align-center has-medium-font-size\"><strong>8., M\u00c1ME SPOLO\u010cN\u00dd CIE\u013d<\/strong><\/p>\n\n\n\n<p class=\"has-text-align-center has-medium-font-size\">My v\u0161etci m\u00e1me spolo\u010dn\u00fd cie\u013e. Futbalov\u00fd sen. A v\u0161etci chceme podporova\u0165 Spartak. Preto dr\u017eme spolu, \u010di u\u017e na trib\u00fanach alebo v diskusi\u00e1ch na soci\u00e1lnych sie\u0165ach. Hrd\u00ed ke\u010f sa vyhr\u00e1va, vern\u00ed ke\u010f sa prehr\u00e1va. <strong>TO MY SME SPARTAK!<\/strong><\/p>\n\n\n<div class=\"wp-block-image\">\n<figure class=\"aligncenter size-large\"><img loading=\"lazy\" decoding=\"async\" width=\"1024\" height=\"682\" src=\"https:\/\/fcspartaktrnava.com\/wp-content\/uploads\/2024\/11\/DSC_3643-1024x682.jpg\" alt=\"\" class=\"wp-image-24158\" srcset=\"https:\/\/fcspartaktrnava.com\/wp-content\/uploads\/2024\/11\/DSC_3643-1024x682.jpg 1024w, https:\/\/fcspartaktrnava.com\/wp-content\/uploads\/2024\/11\/DSC_3643-300x200.jpg 300w, https:\/\/fcspartaktrnava.com\/wp-content\/uploads\/2024\/11\/DSC_3643-768x512.jpg 768w, https:\/\/fcspartaktrnava.com\/wp-content\/uploads\/2024\/11\/DSC_3643-18x12.jpg 18w, https:\/\/fcspartaktrnava.com\/wp-content\/uploads\/2024\/11\/DSC_3643.jpg 1520w\" sizes=\"auto, (max-width: 1024px) 100vw, 1024px\" \/><\/figure>\n<\/div>","protected":false},"excerpt":{"rendered":"<p>&#8230;<\/p>","protected":false},"author":2,"featured_media":24202,"parent":0,"menu_order":0,"comment_status":"closed","ping_status":"closed","template":"","meta":{"footnotes":""},"class_list":["post-24277","page","type-page","status-publish","has-post-thumbnail","hentry","post-number-1"],"yoast_head":"<!-- This site is optimized with the Yoast SEO plugin v27.1.1 - https:\/\/yoast.com\/product\/yoast-seo-wordpress\/ -->\n<title>ETICK\u00dd K\u00d3DEX FAN\u00da\u0160IKA - FC Spartak Trnava<\/title>\n<meta name=\"robots\" content=\"index, follow, max-snippet:-1, max-image-preview:large, max-video-preview:-1\" \/>\n<link rel=\"canonical\" href=\"https:\/\/fcspartaktrnava.com\/en\/eticky-kodex-fanusika-fc-spartak-trnava-na-socialnych-sietach\/\" \/>\n<meta name=\"twitter:label1\" content=\"Estimated reading time\" \/>\n\t<meta name=\"twitter:data1\" content=\"3 minutes\" \/>\n<script type=\"application\/ld+json\" class=\"yoast-schema-graph\">{\"@context\":\"https:\/\/schema.org\",\"@graph\":[{\"@type\":\"WebPage\",\"@id\":\"https:\/\/fcspartaktrnava.com\/eticky-kodex-fanusika-fc-spartak-trnava-na-socialnych-sietach\/\",\"url\":\"https:\/\/fcspartaktrnava.com\/eticky-kodex-fanusika-fc-spartak-trnava-na-socialnych-sietach\/\",\"name\":\"ETICK\u00dd K\u00d3DEX FAN\u00da\u0160IKA - FC Spartak Trnava\",\"isPartOf\":{\"@id\":\"https:\/\/fcspartaktrnava.com\/#website\"},\"primaryImageOfPage\":{\"@id\":\"https:\/\/fcspartaktrnava.com\/eticky-kodex-fanusika-fc-spartak-trnava-na-socialnych-sietach\/#primaryimage\"},\"image\":{\"@id\":\"https:\/\/fcspartaktrnava.com\/eticky-kodex-fanusika-fc-spartak-trnava-na-socialnych-sietach\/#primaryimage\"},\"thumbnailUrl\":\"https:\/\/fcspartaktrnava.com\/wp-content\/uploads\/2024\/11\/DSC_4076.jpg\",\"datePublished\":\"2024-11-21T10:31:29+00:00\",\"dateModified\":\"2025-05-29T09:19:23+00:00\",\"breadcrumb\":{\"@id\":\"https:\/\/fcspartaktrnava.com\/eticky-kodex-fanusika-fc-spartak-trnava-na-socialnych-sietach\/#breadcrumb\"},\"inLanguage\":\"en-GB\",\"potentialAction\":[{\"@type\":\"ReadAction\",\"target\":[\"https:\/\/fcspartaktrnava.com\/eticky-kodex-fanusika-fc-spartak-trnava-na-socialnych-sietach\/\"]}]},{\"@type\":\"ImageObject\",\"inLanguage\":\"en-GB\",\"@id\":\"https:\/\/fcspartaktrnava.com\/eticky-kodex-fanusika-fc-spartak-trnava-na-socialnych-sietach\/#primaryimage\",\"url\":\"https:\/\/fcspartaktrnava.com\/wp-content\/uploads\/2024\/11\/DSC_4076.jpg\",\"contentUrl\":\"https:\/\/fcspartaktrnava.com\/wp-content\/uploads\/2024\/11\/DSC_4076.jpg\",\"width\":1520,\"height\":1013},{\"@type\":\"BreadcrumbList\",\"@id\":\"https:\/\/fcspartaktrnava.com\/eticky-kodex-fanusika-fc-spartak-trnava-na-socialnych-sietach\/#breadcrumb\",\"itemListElement\":[{\"@type\":\"ListItem\",\"position\":1,\"name\":\"Home\",\"item\":\"https:\/\/fcspartaktrnava.com\/\"},{\"@type\":\"ListItem\",\"position\":2,\"name\":\"ETICK\u00dd K\u00d3DEX FAN\u00da\u0160IKA\"}]},{\"@type\":\"WebSite\",\"@id\":\"https:\/\/fcspartaktrnava.com\/#website\",\"url\":\"https:\/\/fcspartaktrnava.com\/\",\"name\":\"FC Spartak Trnava\",\"description\":\"ofici\u00e1lna webstr\u00e1nka futbalov\u00e9ho klubu\",\"publisher\":{\"@id\":\"https:\/\/fcspartaktrnava.com\/#organization\"},\"potentialAction\":[{\"@type\":\"SearchAction\",\"target\":{\"@type\":\"EntryPoint\",\"urlTemplate\":\"https:\/\/fcspartaktrnava.com\/?s={search_term_string}\"},\"query-input\":{\"@type\":\"PropertyValueSpecification\",\"valueRequired\":true,\"valueName\":\"search_term_string\"}}],\"inLanguage\":\"en-GB\"},{\"@type\":\"Organization\",\"@id\":\"https:\/\/fcspartaktrnava.com\/#organization\",\"name\":\"FC Spartak Trnava\",\"alternateName\":\"Spartak\",\"url\":\"https:\/\/fcspartaktrnava.com\/\",\"logo\":{\"@type\":\"ImageObject\",\"inLanguage\":\"en-GB\",\"@id\":\"https:\/\/fcspartaktrnava.com\/#\/schema\/logo\/image\/\",\"url\":\"https:\/\/fcspartaktrnava.com\/wp-content\/uploads\/2022\/08\/cropped-site_logo.png\",\"contentUrl\":\"https:\/\/fcspartaktrnava.com\/wp-content\/uploads\/2022\/08\/cropped-site_logo.png\",\"width\":140,\"height\":140,\"caption\":\"FC Spartak Trnava\"},\"image\":{\"@id\":\"https:\/\/fcspartaktrnava.com\/#\/schema\/logo\/image\/\"},\"sameAs\":[\"https:\/\/www.facebook.com\/SpartakTrnava\",\"https:\/\/x.com\/SpartakTrnava1\",\"https:\/\/www.instagram.com\/spartak_sk\/\"]}]}<\/script>\n<!-- \/ Yoast SEO plugin. -->","yoast_head_json":{"title":"ETICK\u00dd K\u00d3DEX FAN\u00da\u0160IKA - FC Spartak Trnava","robots":{"index":"index","follow":"follow","max-snippet":"max-snippet:-1","max-image-preview":"max-image-preview:large","max-video-preview":"max-video-preview:-1"},"canonical":"https:\/\/fcspartaktrnava.com\/en\/eticky-kodex-fanusika-fc-spartak-trnava-na-socialnych-sietach\/","twitter_misc":{"Estimated reading time":"3 minutes"},"schema":{"@context":"https:\/\/schema.org","@graph":[{"@type":"WebPage","@id":"https:\/\/fcspartaktrnava.com\/eticky-kodex-fanusika-fc-spartak-trnava-na-socialnych-sietach\/","url":"https:\/\/fcspartaktrnava.com\/eticky-kodex-fanusika-fc-spartak-trnava-na-socialnych-sietach\/","name":"ETICK\u00dd K\u00d3DEX FAN\u00da\u0160IKA - FC Spartak Trnava","isPartOf":{"@id":"https:\/\/fcspartaktrnava.com\/#website"},"primaryImageOfPage":{"@id":"https:\/\/fcspartaktrnava.com\/eticky-kodex-fanusika-fc-spartak-trnava-na-socialnych-sietach\/#primaryimage"},"image":{"@id":"https:\/\/fcspartaktrnava.com\/eticky-kodex-fanusika-fc-spartak-trnava-na-socialnych-sietach\/#primaryimage"},"thumbnailUrl":"https:\/\/fcspartaktrnava.com\/wp-content\/uploads\/2024\/11\/DSC_4076.jpg","datePublished":"2024-11-21T10:31:29+00:00","dateModified":"2025-05-29T09:19:23+00:00","breadcrumb":{"@id":"https:\/\/fcspartaktrnava.com\/eticky-kodex-fanusika-fc-spartak-trnava-na-socialnych-sietach\/#breadcrumb"},"inLanguage":"en-GB","potentialAction":[{"@type":"ReadAction","target":["https:\/\/fcspartaktrnava.com\/eticky-kodex-fanusika-fc-spartak-trnava-na-socialnych-sietach\/"]}]},{"@type":"ImageObject","inLanguage":"en-GB","@id":"https:\/\/fcspartaktrnava.com\/eticky-kodex-fanusika-fc-spartak-trnava-na-socialnych-sietach\/#primaryimage","url":"https:\/\/fcspartaktrnava.com\/wp-content\/uploads\/2024\/11\/DSC_4076.jpg","contentUrl":"https:\/\/fcspartaktrnava.com\/wp-content\/uploads\/2024\/11\/DSC_4076.jpg","width":1520,"height":1013},{"@type":"BreadcrumbList","@id":"https:\/\/fcspartaktrnava.com\/eticky-kodex-fanusika-fc-spartak-trnava-na-socialnych-sietach\/#breadcrumb","itemListElement":[{"@type":"ListItem","position":1,"name":"Home","item":"https:\/\/fcspartaktrnava.com\/"},{"@type":"ListItem","position":2,"name":"ETICK\u00dd K\u00d3DEX FAN\u00da\u0160IKA"}]},{"@type":"WebSite","@id":"https:\/\/fcspartaktrnava.com\/#website","url":"https:\/\/fcspartaktrnava.com\/","name":"FC Spartak Trnava","description":"ofici\u00e1lna webstr\u00e1nka futbalov\u00e9ho klubu","publisher":{"@id":"https:\/\/fcspartaktrnava.com\/#organization"},"potentialAction":[{"@type":"SearchAction","target":{"@type":"EntryPoint","urlTemplate":"https:\/\/fcspartaktrnava.com\/?s={search_term_string}"},"query-input":{"@type":"PropertyValueSpecification","valueRequired":true,"valueName":"search_term_string"}}],"inLanguage":"en-GB"},{"@type":"Organization","@id":"https:\/\/fcspartaktrnava.com\/#organization","name":"FC Spartak Trnava","alternateName":"Spartak","url":"https:\/\/fcspartaktrnava.com\/","logo":{"@type":"ImageObject","inLanguage":"en-GB","@id":"https:\/\/fcspartaktrnava.com\/#\/schema\/logo\/image\/","url":"https:\/\/fcspartaktrnava.com\/wp-content\/uploads\/2022\/08\/cropped-site_logo.png","contentUrl":"https:\/\/fcspartaktrnava.com\/wp-content\/uploads\/2022\/08\/cropped-site_logo.png","width":140,"height":140,"caption":"FC Spartak Trnava"},"image":{"@id":"https:\/\/fcspartaktrnava.com\/#\/schema\/logo\/image\/"},"sameAs":["https:\/\/www.facebook.com\/SpartakTrnava","https:\/\/x.com\/SpartakTrnava1","https:\/\/www.instagram.com\/spartak_sk\/"]}]}},"_links":{"self":[{"href":"https:\/\/fcspartaktrnava.com\/en\/wp-json\/wp\/v2\/pages\/24277","targetHints":{"allow":["GET"]}}],"collection":[{"href":"https:\/\/fcspartaktrnava.com\/en\/wp-json\/wp\/v2\/pages"}],"about":[{"href":"https:\/\/fcspartaktrnava.com\/en\/wp-json\/wp\/v2\/types\/page"}],"author":[{"embeddable":true,"href":"https:\/\/fcspartaktrnava.com\/en\/wp-json\/wp\/v2\/users\/2"}],"replies":[{"embeddable":true,"href":"https:\/\/fcspartaktrnava.com\/en\/wp-json\/wp\/v2\/comments?post=24277"}],"version-history":[{"count":0,"href":"https:\/\/fcspartaktrnava.com\/en\/wp-json\/wp\/v2\/pages\/24277\/revisions"}],"wp:featuredmedia":[{"embeddable":true,"href":"https:\/\/fcspartaktrnava.com\/en\/wp-json\/wp\/v2\/media\/24202"}],"wp:attachment":[{"href":"https:\/\/fcspartaktrnava.com\/en\/wp-json\/wp\/v2\/media?parent=24277"}],"curies":[{"name":"wp","href":"https:\/\/api.w.org\/{rel}","templated":true}]}}