{"id":1468,"date":"2022-09-28T12:59:03","date_gmt":"2022-09-28T12:59:03","guid":{"rendered":"https:\/\/fcspartaktrnava.com\/?page_id=1468"},"modified":"2026-04-30T09:54:41","modified_gmt":"2026-04-30T07:54:41","slug":"treningovy-mikrocyklus","status":"publish","type":"page","link":"https:\/\/fcspartaktrnava.com\/en\/treningovy-mikrocyklus\/","title":{"rendered":"Tr\u00e9ningov\u00fd mikrocyklus"},"content":{"rendered":"<figure class=\"wp-block-gallery has-nested-images columns-default is-cropped wp-block-gallery-1 is-layout-flex wp-block-gallery-is-layout-flex\">\n<figure class=\"wp-block-image size-large\"><img loading=\"lazy\" decoding=\"async\" width=\"1024\" height=\"638\" data-id=\"43177\" src=\"https:\/\/fcspartaktrnava.com\/wp-content\/uploads\/2026\/04\/TMC_18-1024x638.jpeg\" alt=\"\" class=\"wp-image-43177\" srcset=\"https:\/\/fcspartaktrnava.com\/wp-content\/uploads\/2026\/04\/TMC_18-1024x638.jpeg 1024w, https:\/\/fcspartaktrnava.com\/wp-content\/uploads\/2026\/04\/TMC_18-300x187.jpeg 300w, https:\/\/fcspartaktrnava.com\/wp-content\/uploads\/2026\/04\/TMC_18-768x478.jpeg 768w, https:\/\/fcspartaktrnava.com\/wp-content\/uploads\/2026\/04\/TMC_18-18x12.jpeg 18w, https:\/\/fcspartaktrnava.com\/wp-content\/uploads\/2026\/04\/TMC_18.jpeg 1199w\" sizes=\"auto, (max-width: 1024px) 100vw, 1024px\" \/><\/figure>\n<\/figure>\n\n\n\n<figure class=\"wp-block-image size-large\"><img loading=\"lazy\" decoding=\"async\" width=\"1024\" height=\"636\" src=\"https:\/\/fcspartaktrnava.com\/wp-content\/uploads\/2026\/04\/TMC_19-1024x636.jpeg\" alt=\"\" class=\"wp-image-43475\" srcset=\"https:\/\/fcspartaktrnava.com\/wp-content\/uploads\/2026\/04\/TMC_19-1024x636.jpeg 1024w, https:\/\/fcspartaktrnava.com\/wp-content\/uploads\/2026\/04\/TMC_19-300x186.jpeg 300w, https:\/\/fcspartaktrnava.com\/wp-content\/uploads\/2026\/04\/TMC_19-768x477.jpeg 768w, https:\/\/fcspartaktrnava.com\/wp-content\/uploads\/2026\/04\/TMC_19-18x12.jpeg 18w, https:\/\/fcspartaktrnava.com\/wp-content\/uploads\/2026\/04\/TMC_19.jpeg 1200w\" sizes=\"auto, (max-width: 1024px) 100vw, 1024px\" \/><\/figure>\n\n\n\n<figure class=\"wp-block-gallery has-nested-images columns-default is-cropped wp-block-gallery-2 is-layout-flex wp-block-gallery-is-layout-flex\"><\/figure>\n\n\n\n<p><\/p>","protected":false},"excerpt":{"rendered":"","protected":false},"author":5,"featured_media":0,"parent":0,"menu_order":0,"comment_status":"closed","ping_status":"closed","template":"","meta":{"footnotes":""},"class_list":["post-1468","page","type-page","status-publish","hentry","post-number-1"],"yoast_head":"<!-- This site is optimized with the Yoast SEO plugin v27.1.1 - https:\/\/yoast.com\/product\/yoast-seo-wordpress\/ -->\n<title>Tr\u00e9ningov\u00fd mikrocyklus - FC Spartak Trnava<\/title>\n<meta name=\"robots\" content=\"index, follow, max-snippet:-1, max-image-preview:large, max-video-preview:-1\" \/>\n<link rel=\"canonical\" href=\"https:\/\/fcspartaktrnava.com\/en\/treningovy-mikrocyklus\/\" \/>\n<meta name=\"twitter:label1\" content=\"Estimated reading time\" \/>\n\t<meta name=\"twitter:data1\" content=\"1 minute\" \/>\n<script type=\"application\/ld+json\" class=\"yoast-schema-graph\">{\"@context\":\"https:\/\/schema.org\",\"@graph\":[{\"@type\":\"WebPage\",\"@id\":\"https:\/\/fcspartaktrnava.com\/treningovy-mikrocyklus\/\",\"url\":\"https:\/\/fcspartaktrnava.com\/treningovy-mikrocyklus\/\",\"name\":\"Tr\u00e9ningov\u00fd mikrocyklus - FC Spartak Trnava\",\"isPartOf\":{\"@id\":\"https:\/\/fcspartaktrnava.com\/#website\"},\"primaryImageOfPage\":{\"@id\":\"https:\/\/fcspartaktrnava.com\/treningovy-mikrocyklus\/#primaryimage\"},\"image\":{\"@id\":\"https:\/\/fcspartaktrnava.com\/treningovy-mikrocyklus\/#primaryimage\"},\"thumbnailUrl\":\"https:\/\/fcspartaktrnava.com\/wp-content\/uploads\/2026\/04\/TMC_18-1024x638.jpeg\",\"datePublished\":\"2022-09-28T12:59:03+00:00\",\"dateModified\":\"2026-04-30T07:54:41+00:00\",\"breadcrumb\":{\"@id\":\"https:\/\/fcspartaktrnava.com\/treningovy-mikrocyklus\/#breadcrumb\"},\"inLanguage\":\"en-GB\",\"potentialAction\":[{\"@type\":\"ReadAction\",\"target\":[\"https:\/\/fcspartaktrnava.com\/treningovy-mikrocyklus\/\"]}]},{\"@type\":\"ImageObject\",\"inLanguage\":\"en-GB\",\"@id\":\"https:\/\/fcspartaktrnava.com\/treningovy-mikrocyklus\/#primaryimage\",\"url\":\"https:\/\/fcspartaktrnava.com\/wp-content\/uploads\/2026\/04\/TMC_18-1024x638.jpeg\",\"contentUrl\":\"https:\/\/fcspartaktrnava.com\/wp-content\/uploads\/2026\/04\/TMC_18-1024x638.jpeg\"},{\"@type\":\"BreadcrumbList\",\"@id\":\"https:\/\/fcspartaktrnava.com\/treningovy-mikrocyklus\/#breadcrumb\",\"itemListElement\":[{\"@type\":\"ListItem\",\"position\":1,\"name\":\"Home\",\"item\":\"https:\/\/fcspartaktrnava.com\/\"},{\"@type\":\"ListItem\",\"position\":2,\"name\":\"Tr\u00e9ningov\u00fd mikrocyklus\"}]},{\"@type\":\"WebSite\",\"@id\":\"https:\/\/fcspartaktrnava.com\/#website\",\"url\":\"https:\/\/fcspartaktrnava.com\/\",\"name\":\"FC Spartak Trnava\",\"description\":\"ofici\u00e1lna webstr\u00e1nka futbalov\u00e9ho klubu\",\"publisher\":{\"@id\":\"https:\/\/fcspartaktrnava.com\/#organization\"},\"potentialAction\":[{\"@type\":\"SearchAction\",\"target\":{\"@type\":\"EntryPoint\",\"urlTemplate\":\"https:\/\/fcspartaktrnava.com\/?s={search_term_string}\"},\"query-input\":{\"@type\":\"PropertyValueSpecification\",\"valueRequired\":true,\"valueName\":\"search_term_string\"}}],\"inLanguage\":\"en-GB\"},{\"@type\":\"Organization\",\"@id\":\"https:\/\/fcspartaktrnava.com\/#organization\",\"name\":\"FC Spartak Trnava\",\"alternateName\":\"Spartak\",\"url\":\"https:\/\/fcspartaktrnava.com\/\",\"logo\":{\"@type\":\"ImageObject\",\"inLanguage\":\"en-GB\",\"@id\":\"https:\/\/fcspartaktrnava.com\/#\/schema\/logo\/image\/\",\"url\":\"https:\/\/fcspartaktrnava.com\/wp-content\/uploads\/2022\/08\/cropped-site_logo.png\",\"contentUrl\":\"https:\/\/fcspartaktrnava.com\/wp-content\/uploads\/2022\/08\/cropped-site_logo.png\",\"width\":140,\"height\":140,\"caption\":\"FC Spartak Trnava\"},\"image\":{\"@id\":\"https:\/\/fcspartaktrnava.com\/#\/schema\/logo\/image\/\"},\"sameAs\":[\"https:\/\/www.facebook.com\/SpartakTrnava\",\"https:\/\/x.com\/SpartakTrnava1\",\"https:\/\/www.instagram.com\/spartak_sk\/\"]}]}<\/script>\n<!-- \/ Yoast SEO plugin. -->","yoast_head_json":{"title":"Tr\u00e9ningov\u00fd mikrocyklus - FC Spartak Trnava","robots":{"index":"index","follow":"follow","max-snippet":"max-snippet:-1","max-image-preview":"max-image-preview:large","max-video-preview":"max-video-preview:-1"},"canonical":"https:\/\/fcspartaktrnava.com\/en\/treningovy-mikrocyklus\/","twitter_misc":{"Estimated reading time":"1 minute"},"schema":{"@context":"https:\/\/schema.org","@graph":[{"@type":"WebPage","@id":"https:\/\/fcspartaktrnava.com\/treningovy-mikrocyklus\/","url":"https:\/\/fcspartaktrnava.com\/treningovy-mikrocyklus\/","name":"Tr\u00e9ningov\u00fd mikrocyklus - FC Spartak Trnava","isPartOf":{"@id":"https:\/\/fcspartaktrnava.com\/#website"},"primaryImageOfPage":{"@id":"https:\/\/fcspartaktrnava.com\/treningovy-mikrocyklus\/#primaryimage"},"image":{"@id":"https:\/\/fcspartaktrnava.com\/treningovy-mikrocyklus\/#primaryimage"},"thumbnailUrl":"https:\/\/fcspartaktrnava.com\/wp-content\/uploads\/2026\/04\/TMC_18-1024x638.jpeg","datePublished":"2022-09-28T12:59:03+00:00","dateModified":"2026-04-30T07:54:41+00:00","breadcrumb":{"@id":"https:\/\/fcspartaktrnava.com\/treningovy-mikrocyklus\/#breadcrumb"},"inLanguage":"en-GB","potentialAction":[{"@type":"ReadAction","target":["https:\/\/fcspartaktrnava.com\/treningovy-mikrocyklus\/"]}]},{"@type":"ImageObject","inLanguage":"en-GB","@id":"https:\/\/fcspartaktrnava.com\/treningovy-mikrocyklus\/#primaryimage","url":"https:\/\/fcspartaktrnava.com\/wp-content\/uploads\/2026\/04\/TMC_18-1024x638.jpeg","contentUrl":"https:\/\/fcspartaktrnava.com\/wp-content\/uploads\/2026\/04\/TMC_18-1024x638.jpeg"},{"@type":"BreadcrumbList","@id":"https:\/\/fcspartaktrnava.com\/treningovy-mikrocyklus\/#breadcrumb","itemListElement":[{"@type":"ListItem","position":1,"name":"Home","item":"https:\/\/fcspartaktrnava.com\/"},{"@type":"ListItem","position":2,"name":"Tr\u00e9ningov\u00fd mikrocyklus"}]},{"@type":"WebSite","@id":"https:\/\/fcspartaktrnava.com\/#website","url":"https:\/\/fcspartaktrnava.com\/","name":"FC Spartak Trnava","description":"ofici\u00e1lna webstr\u00e1nka futbalov\u00e9ho klubu","publisher":{"@id":"https:\/\/fcspartaktrnava.com\/#organization"},"potentialAction":[{"@type":"SearchAction","target":{"@type":"EntryPoint","urlTemplate":"https:\/\/fcspartaktrnava.com\/?s={search_term_string}"},"query-input":{"@type":"PropertyValueSpecification","valueRequired":true,"valueName":"search_term_string"}}],"inLanguage":"en-GB"},{"@type":"Organization","@id":"https:\/\/fcspartaktrnava.com\/#organization","name":"FC Spartak Trnava","alternateName":"Spartak","url":"https:\/\/fcspartaktrnava.com\/","logo":{"@type":"ImageObject","inLanguage":"en-GB","@id":"https:\/\/fcspartaktrnava.com\/#\/schema\/logo\/image\/","url":"https:\/\/fcspartaktrnava.com\/wp-content\/uploads\/2022\/08\/cropped-site_logo.png","contentUrl":"https:\/\/fcspartaktrnava.com\/wp-content\/uploads\/2022\/08\/cropped-site_logo.png","width":140,"height":140,"caption":"FC Spartak Trnava"},"image":{"@id":"https:\/\/fcspartaktrnava.com\/#\/schema\/logo\/image\/"},"sameAs":["https:\/\/www.facebook.com\/SpartakTrnava","https:\/\/x.com\/SpartakTrnava1","https:\/\/www.instagram.com\/spartak_sk\/"]}]}},"_links":{"self":[{"href":"https:\/\/fcspartaktrnava.com\/en\/wp-json\/wp\/v2\/pages\/1468","targetHints":{"allow":["GET"]}}],"collection":[{"href":"https:\/\/fcspartaktrnava.com\/en\/wp-json\/wp\/v2\/pages"}],"about":[{"href":"https:\/\/fcspartaktrnava.com\/en\/wp-json\/wp\/v2\/types\/page"}],"author":[{"embeddable":true,"href":"https:\/\/fcspartaktrnava.com\/en\/wp-json\/wp\/v2\/users\/5"}],"replies":[{"embeddable":true,"href":"https:\/\/fcspartaktrnava.com\/en\/wp-json\/wp\/v2\/comments?post=1468"}],"version-history":[{"count":0,"href":"https:\/\/fcspartaktrnava.com\/en\/wp-json\/wp\/v2\/pages\/1468\/revisions"}],"wp:attachment":[{"href":"https:\/\/fcspartaktrnava.com\/en\/wp-json\/wp\/v2\/media?parent=1468"}],"curies":[{"name":"wp","href":"https:\/\/api.w.org\/{rel}","templated":true}]}}