{"id":1462,"date":"2022-09-27T13:48:03","date_gmt":"2022-09-27T13:48:03","guid":{"rendered":"https:\/\/fcspartaktrnava.com\/?page_id=1462"},"modified":"2026-01-20T11:39:10","modified_gmt":"2026-01-20T09:39:10","slug":"realizacne-timy-mladeze","status":"publish","type":"page","link":"https:\/\/fcspartaktrnava.com\/en\/realizacne-timy-mladeze\/","title":{"rendered":"Kontakty &#8211; ml\u00e1de\u017e"},"content":{"rendered":"<h5 class=\"wp-block-heading margin_bottom_0 has-text-color\" style=\"color:#d40133\"><strong>Youth Sports Director:<\/strong><\/h5>\n\n\n\n<p>Mari\u00e1n H\u00fdbela<br><strong>Contact:<\/strong>&nbsp;0908 118 531, <a href=\"mailto:mladez@fcspartaktrnava.com\">mladez@fcspartaktrnava.com<\/a><\/p>\n\n\n\n<h5 class=\"wp-block-heading margin_bottom_0 has-text-color\" style=\"color:#d40133\"><strong>Kateg\u00f3ria U19 (2007 a 2008)<\/strong><\/h5>\n\n\n\n<p><strong>Coach:<\/strong>&nbsp;Peter Ga\u017ei<br><strong>Contact:&nbsp;<\/strong>0911 123 348, <a href=\"mailto:u19@fcspartaktrnava.com\">u19@fcspartaktrnava.com<\/a><br><strong>Assistant coach:&nbsp;<\/strong>Marek Mes\u00e1ro\u0161, Sasan Khademnematolahi<\/p>\n\n\n\n<h5 class=\"wp-block-heading margin_bottom_0 has-text-color\" style=\"color:#d40133\"><strong>Kateg\u00f3ria U17 (2009)<\/strong><\/h5>\n\n\n\n<p><strong>Coach:&nbsp;<\/strong>Karol Kantek<br><strong>Contact:&nbsp;<\/strong>0903 394 569, <a href=\"mailto:u17@fcspartaktrnava.com\">u17@fcspartaktrnava.com<\/a> <br><strong>Assistant coach:&nbsp;<\/strong>D\u00e1vid \u0160olt\u00e9s, Jaroslav Daniel<\/p>\n\n\n\n<h5 class=\"wp-block-heading margin_bottom_0 has-text-color\" style=\"color:#d40133\"><strong>Kateg\u00f3ria U16 (2010)<\/strong><\/h5>\n\n\n\n<p><strong>Coach:<\/strong>&nbsp;Tom\u00e1\u0161 K\u00e1nik<br><strong>Contact:&nbsp;<\/strong>0915 350 160, <a href=\"mailto:u16@fcspartaktrnava.com\">u16@fcspartaktrnava.com<\/a><br><strong>Assistant coach:<\/strong>&nbsp;Juraj Fe\u010do, Kamil Krali\u010d<\/p>\n\n\n\n<h5 class=\"wp-block-heading margin_bottom_0 has-text-color\" style=\"color:#d40133\"><strong>Kateg\u00f3ria U15 (2011)<\/strong><\/h5>\n\n\n\n<p><strong>Coach:&nbsp;<\/strong>Jozef Pa\u013eo <br><strong>Contact:<\/strong>&nbsp;0905 978 845, <a href=\"mailto:u15@fcspartaktrnava.com\">u15@fcspartaktrnava.com<\/a><br><strong>Assistant coach:<\/strong>&nbsp;Andrej G\u00e1bri\u0161, R\u00f3bert Richn\u00e1k<\/p>\n\n\n\n<h5 class=\"wp-block-heading margin_bottom_0 has-text-color\" style=\"color:#d40133\"><strong>Kateg\u00f3ria U14 (2012)<\/strong><\/h5>\n\n\n\n<p><strong>Coach:<\/strong>&nbsp;R\u00f3bert Polakovi\u010d<br><strong>Contact:<\/strong>&nbsp;0904 949 351, <a href=\"mailto:u14@fcspartaktrnava.com\">u14@fcspartaktrnava.com<\/a><br><strong>Assistant coach:<\/strong>&nbsp;Leonard Farkas, Vladim\u00edr Ronec<\/p>\n\n\n\n<h5 class=\"wp-block-heading margin_bottom_0 has-text-color\" style=\"color:#d40133\"><strong>Kateg\u00f3ria U13 (2013)<\/strong><\/h5>\n\n\n\n<p><strong>Coach:<\/strong>&nbsp;Filip Tomovi\u010d<br><strong>Contact:<\/strong>&nbsp;0918 946 656, <a href=\"mailto:u13@fcspartaktrnava.com\">u13@fcspartaktrnava.com<\/a><br><strong>Assistant coach:<\/strong>&nbsp;Michal Gazd\u00edk, Marek Kro\u010dka<\/p>\n\n\n\n<h5 class=\"wp-block-heading margin_bottom_0 has-text-color\" style=\"color:#d40133\"><strong>Kateg\u00f3ria U12 (2014)<\/strong><\/h5>\n\n\n\n<p><strong>Coach:<\/strong>&nbsp;D\u00e1vid Mi\u0161kovi\u010d<br><strong>Contact:<\/strong>&nbsp;0902 783 341, <a href=\"mailto:u12@fcspartaktrnava.com\">u12@fcspartaktrnava.com<\/a><br><strong>Assistant coach:<\/strong> D\u00e1vid Novansk\u00fd, \u0160imon Forg\u00e1\u010d<\/p>\n\n\n\n<h5 class=\"wp-block-heading margin_bottom_0 has-text-color\" style=\"color:#d40133\"><strong>Kateg\u00f3ria U11 (2015)<\/strong><\/h5>\n\n\n\n<p><strong>Coach:<\/strong> Juraj Koleni\u010d<br><strong>Contact:<\/strong>&nbsp;0911 438 616, <a href=\"mailto:u11@fcspartaktrnava.com\">u11@fcspartaktrnava.com<\/a><br><strong>Assistant coach:&nbsp;<\/strong>Christian Ilavsk\u00fd, Pavol Morong<\/p>\n\n\n\n<h5 class=\"wp-block-heading margin_bottom_0 has-text-color\" style=\"color:#d40133\"><strong>Kateg\u00f3ria U10 (2016)<\/strong><\/h5>\n\n\n\n<p><strong>Coach:<\/strong> Michal Gazd\u00edk<br><strong>Contact:<\/strong>&nbsp;0918 528 157, <a href=\"mailto:u10@fcspartaktrnava.com\">u10@fcspartaktrnava.com<\/a><br><strong>Assistant coach:<\/strong>&nbsp;\u0160imon Forg\u00e1\u010d, Luk\u00e1\u0161 Bal\u00e1\u017e<\/p>\n\n\n\n<h5 class=\"wp-block-heading margin_bottom_0 has-text-color\" style=\"color:#d40133\"><strong>Kateg\u00f3ria U9 (2017)<\/strong><\/h5>\n\n\n\n<p><strong>Coach:<\/strong>&nbsp;Juraj Fe\u010do<br><strong>Contact:<\/strong>&nbsp;0915 316 871, <a href=\"mailto:u9@fcspartaktrnava.com\">u9@fcspartaktrnava.com<\/a><br><strong>Assistant coach:<\/strong> Jakub Siv\u00e1k<\/p>\n\n\n\n<h5 class=\"wp-block-heading margin_bottom_0 has-text-color\" style=\"color:#d40133\"><strong>Kateg\u00f3ria U8 (2018)<\/strong><\/h5>\n\n\n\n<p><strong>Coach:<\/strong>&nbsp;Luk\u00e1\u0161 Horansk\u00fd<br><strong>Contact:<\/strong> 0907 960 965, <a href=\"mailto:u8@fcspartaktrnava.com\">u8@fcspartaktrnava.com<\/a><br><strong>Assistant coach:<\/strong> Katar\u00edna Petr\u00edkov\u00e1<\/p>\n\n\n\n<h5 class=\"wp-block-heading margin_bottom_0 has-text-color\" style=\"color:#d40133\"><strong>Kateg\u00f3ria U7 (2019)<\/strong><\/h5>\n\n\n\n<p><strong>Coach:<\/strong>&nbsp;Alexander Gubala<br><strong>Contact:<\/strong> 0949 811 042, <a href=\"mailto:u7@fcspartaktrnava.com\">u7@fcspartaktrnava.com<\/a><br><strong>Assistant coach:<\/strong><\/p>\n\n\n\n<h5 class=\"wp-block-heading margin_bottom_0 has-text-color\" style=\"color:#d40133\"><strong>Kateg\u00f3ria U6 (2020)<\/strong><\/h5>\n\n\n\n<p><strong>Coach:<\/strong> <br><strong>Contact:<\/strong> , <a href=\"mailto:u6@fcspartaktrnava.com\">u6@fcspartaktrnava.com<\/a><\/p>\n\n\n\n<h5 class=\"wp-block-heading margin_bottom_0 has-text-color\" style=\"color:#d40133\"><strong>Football school<\/strong><\/h5>\n\n\n\n<p>Kateg\u00f3ria je ur\u010den\u00e1 pre v\u0161etky za\u010d\u00ednaj\u00face deti (chlapcov aj diev\u010dat\u00e1) s rokom narodenia 2020 a mlad\u0161\u00ed<br><strong>Coach:<\/strong> Mari\u00e1n Kov\u00e1\u010dik<br><strong>Contact:<\/strong> 0910914712, <a href=\"mailto:skolicka@fcspartaktrnava.com\">skolicka@fcspartaktrnava.com<\/a><\/p>\n\n\n\n<h5 class=\"wp-block-heading margin_bottom_0 has-text-color\" style=\"color:#d40133\"><strong>Category of woman:<\/strong><\/h5>\n\n\n\n<p><strong>Coach:<\/strong>&nbsp;Vikt\u00f3ria \u010ceriov\u00e1<br><strong>Contact:<\/strong>&nbsp;0911 239 995, <a href=\"mailto:zeny@fcspartaktrnava.com\">zeny@fcspartaktrnava.com<\/a><br><strong>Assistant coach:<\/strong> Igor Ga\u017eovi\u010d<\/p>\n\n\n\n<h5 class=\"wp-block-heading margin_bottom_0 has-text-color\" style=\"color:#d40133\"><strong>Category WU19:<\/strong><\/h5>\n\n\n\n<p><strong>Coach:<\/strong>&nbsp;Jakub Bla\u017ei<br><strong>Contact:<\/strong> 0903 064 907, <a href=\"mailto:zeny@fcspartaktrnava.com\">zeny@fcspartaktrnava.com<\/a><br><strong>Assistant coach:<\/strong> Barbora Kozlov\u00e1<\/p>\n\n\n\n<h5 class=\"wp-block-heading margin_bottom_0 has-text-color\" style=\"color:#d40133\"><strong>Category WU15:<\/strong><\/h5>\n\n\n\n<p><strong>Coach:<\/strong>&nbsp;Henrieta Pola\u010dikov\u00e1<br><strong>Contact:<\/strong> 0908 307 069, <a href=\"mailto:zeny@fcspartaktrnava.com\">zeny@fcspartaktrnava.com<\/a><br><strong>Assistant coach:<\/strong> R\u00f3bert Halada, Pavol Koi\u0161<\/p>\n\n\n\n<h5 class=\"wp-block-heading margin_bottom_0 has-text-color\" style=\"color:#d40133\"><strong>Kateg\u00f3ria WU13<\/strong><\/h5>\n\n\n\n<p><strong>Coach:<\/strong>&nbsp;R\u00f3bert Gajdo\u0161<br><strong>Contact:<\/strong> 0948 793 996, <a href=\"mailto:zeny@fcspartaktrnava.com\">zeny@fcspartaktrnava.com<\/a><br><strong>Assistant coach:<\/strong> Tobi\u00e1\u0161 Prokop<\/p>\n\n\n\n<h5 class=\"wp-block-heading margin_bottom_0 has-text-color\" style=\"color:#d40133\"><strong>Kateg\u00f3ria WU11:<\/strong><\/h5>\n\n\n\n<p><strong>Coach:<\/strong>\u00a0J\u00e1n Bla\u0161ko<br><strong>Contact:<\/strong> 0905 012 829, <a href=\"mailto:zeny@fcspartaktrnava.com\">zeny@fcspartaktrnava.com<\/a><br><strong>Assistant coach:<\/strong> <\/p>\n\n\n\n<h5 class=\"wp-block-heading margin_bottom_0 has-text-color\" style=\"color:#d40133\"><strong>Kateg\u00f3ria WU9:<\/strong><\/h5>\n\n\n\n<p><strong>Coach:<\/strong> Nat\u00e1lia Cimermanov\u00e1<br><strong>Contact:<\/strong> 0948 330 336, <a href=\"mailto:zeny@fcspartaktrnava.com\">zeny@fcspartaktrnava.com<\/a><br><strong>Assistant coach:<\/strong> Martin Pavlech, R\u00f3bert K\u00f3\u0161a<\/p>\n\n\n\n<p><\/p>\n\n\n\n<h5 class=\"wp-block-heading margin_bottom_0 has-text-color\" style=\"color:#d40133\"><strong>\u0160\u00e9ftr\u00e9ner brank\u00e1rov:<\/strong><\/h5>\n\n\n\n<p>J\u00e1n Pol\u00f3ny<br><strong>Contact:<\/strong>&nbsp;0917 292 161, <a href=\"mailto:gka@fcspartaktrnava.com\">gka@fcspartaktrnava.com<\/a><\/p>\n\n\n\n<h5 class=\"wp-block-heading margin_bottom_0 has-text-color\" style=\"color:#d40133\"><strong>Tr\u00e9ner brank\u00e1rov U16, U17:<\/strong><\/h5>\n\n\n\n<p>Matej Babic<strong><br>Contact:<\/strong> 0918 038 633, <a href=\"mailto:gka@fcspartaktrnava.com\">gka@fcspartaktrnava.com<\/a><\/p>\n\n\n\n<h5 class=\"wp-block-heading margin_bottom_0 has-text-color\" style=\"color:#d40133\"><strong>Tr\u00e9ner brank\u00e1rov U14, U15:<\/strong><\/h5>\n\n\n\n<p>Andrej G\u00e1bri\u0161<strong><br>Contact:<\/strong> 0905 860 551, <a href=\"mailto:gka@fcspartaktrnava.com\">gka@fcspartaktrnava.com<\/a><\/p>\n\n\n\n<h5 class=\"wp-block-heading margin_bottom_0 has-text-color\" style=\"color:#d40133\"><strong>Goalkeeper coach U12, U13:<\/strong><\/h5>\n\n\n\n<p>Bruno Ondru\u0161<br><strong>Contact:<\/strong> 0902 709 709,\u00a0<a href=\"mailto:gka@fcspartaktrnava.com\">gka@fcspartaktrnava.com<\/a><\/p>\n\n\n\n<h5 class=\"wp-block-heading margin_bottom_0 has-text-color\" style=\"color:#d40133\"><strong>Tr\u00e9ner brank\u00e1rov U11, U10:<\/strong><\/h5>\n\n\n\n<p>Dominik Holl\u00f3sy<br><strong>Contact:<\/strong>&nbsp;0903 959 577, <a href=\"mailto:gka@fcspartaktrnava.com\">gka@fcspartaktrnava.com<\/a><\/p>\n\n\n\n<h5 class=\"wp-block-heading margin_bottom_0 has-text-color\" style=\"color:#d40133\"><strong>Tr\u00e9ner brank\u00e1rok:<\/strong><\/h5>\n\n\n\n<p>Matej Babic<br><strong>Contact:<\/strong> 0918 038 633, <a href=\"mailto:gka@fcspartaktrnava.com\">gka@fcspartaktrnava.com<\/a><\/p>\n\n\n\n<h5 class=\"wp-block-heading margin_bottom_0 has-text-color\" style=\"color:#d40133\"><strong>Fitness coach:<\/strong><\/h5>\n\n\n\n<p>Daniel Martinka<br><strong>Contact:<\/strong>&nbsp;0917 284 500<\/p>\n\n\n\n<h5 class=\"wp-block-heading margin_bottom_0 has-text-color\" style=\"color:#d40133\"><strong>Skauting:<\/strong><\/h5>\n\n\n\n<p>Jaroslav Daniel<br><strong>Contact:<\/strong>&nbsp;0908 549 719<\/p>\n\n\n\n<p>Oliver Burian<br><strong>Contact: <\/strong>0948 629 514<\/p>","protected":false},"excerpt":{"rendered":"<p>&#8230;<\/p>","protected":false},"author":5,"featured_media":0,"parent":0,"menu_order":5,"comment_status":"closed","ping_status":"closed","template":"","meta":{"footnotes":""},"class_list":["post-1462","page","type-page","status-publish","hentry","post-number-1"],"yoast_head":"<!-- This site is optimized with the Yoast SEO plugin v27.1.1 - https:\/\/yoast.com\/product\/yoast-seo-wordpress\/ -->\n<title>Kontakty - ml\u00e1de\u017e - FC Spartak Trnava<\/title>\n<meta name=\"robots\" content=\"index, follow, max-snippet:-1, max-image-preview:large, max-video-preview:-1\" \/>\n<link rel=\"canonical\" href=\"https:\/\/fcspartaktrnava.com\/en\/realizacne-timy-mladeze\/\" \/>\n<meta name=\"twitter:label1\" content=\"Estimated reading time\" \/>\n\t<meta name=\"twitter:data1\" content=\"3 minutes\" \/>\n<script type=\"application\/ld+json\" class=\"yoast-schema-graph\">{\"@context\":\"https:\/\/schema.org\",\"@graph\":[{\"@type\":\"WebPage\",\"@id\":\"https:\/\/fcspartaktrnava.com\/realizacne-timy-mladeze\/\",\"url\":\"https:\/\/fcspartaktrnava.com\/realizacne-timy-mladeze\/\",\"name\":\"Kontakty - ml\u00e1de\u017e - FC Spartak Trnava\",\"isPartOf\":{\"@id\":\"https:\/\/fcspartaktrnava.com\/#website\"},\"datePublished\":\"2022-09-27T13:48:03+00:00\",\"dateModified\":\"2026-01-20T09:39:10+00:00\",\"breadcrumb\":{\"@id\":\"https:\/\/fcspartaktrnava.com\/realizacne-timy-mladeze\/#breadcrumb\"},\"inLanguage\":\"en-GB\",\"potentialAction\":[{\"@type\":\"ReadAction\",\"target\":[\"https:\/\/fcspartaktrnava.com\/realizacne-timy-mladeze\/\"]}]},{\"@type\":\"BreadcrumbList\",\"@id\":\"https:\/\/fcspartaktrnava.com\/realizacne-timy-mladeze\/#breadcrumb\",\"itemListElement\":[{\"@type\":\"ListItem\",\"position\":1,\"name\":\"Home\",\"item\":\"https:\/\/fcspartaktrnava.com\/\"},{\"@type\":\"ListItem\",\"position\":2,\"name\":\"Kontakty &#8211; ml\u00e1de\u017e\"}]},{\"@type\":\"WebSite\",\"@id\":\"https:\/\/fcspartaktrnava.com\/#website\",\"url\":\"https:\/\/fcspartaktrnava.com\/\",\"name\":\"FC Spartak Trnava\",\"description\":\"ofici\u00e1lna webstr\u00e1nka futbalov\u00e9ho klubu\",\"publisher\":{\"@id\":\"https:\/\/fcspartaktrnava.com\/#organization\"},\"potentialAction\":[{\"@type\":\"SearchAction\",\"target\":{\"@type\":\"EntryPoint\",\"urlTemplate\":\"https:\/\/fcspartaktrnava.com\/?s={search_term_string}\"},\"query-input\":{\"@type\":\"PropertyValueSpecification\",\"valueRequired\":true,\"valueName\":\"search_term_string\"}}],\"inLanguage\":\"en-GB\"},{\"@type\":\"Organization\",\"@id\":\"https:\/\/fcspartaktrnava.com\/#organization\",\"name\":\"FC Spartak Trnava\",\"alternateName\":\"Spartak\",\"url\":\"https:\/\/fcspartaktrnava.com\/\",\"logo\":{\"@type\":\"ImageObject\",\"inLanguage\":\"en-GB\",\"@id\":\"https:\/\/fcspartaktrnava.com\/#\/schema\/logo\/image\/\",\"url\":\"https:\/\/fcspartaktrnava.com\/wp-content\/uploads\/2022\/08\/cropped-site_logo.png\",\"contentUrl\":\"https:\/\/fcspartaktrnava.com\/wp-content\/uploads\/2022\/08\/cropped-site_logo.png\",\"width\":140,\"height\":140,\"caption\":\"FC Spartak Trnava\"},\"image\":{\"@id\":\"https:\/\/fcspartaktrnava.com\/#\/schema\/logo\/image\/\"},\"sameAs\":[\"https:\/\/www.facebook.com\/SpartakTrnava\",\"https:\/\/x.com\/SpartakTrnava1\",\"https:\/\/www.instagram.com\/spartak_sk\/\"]}]}<\/script>\n<!-- \/ Yoast SEO plugin. -->","yoast_head_json":{"title":"Kontakty - ml\u00e1de\u017e - FC Spartak Trnava","robots":{"index":"index","follow":"follow","max-snippet":"max-snippet:-1","max-image-preview":"max-image-preview:large","max-video-preview":"max-video-preview:-1"},"canonical":"https:\/\/fcspartaktrnava.com\/en\/realizacne-timy-mladeze\/","twitter_misc":{"Estimated reading time":"3 minutes"},"schema":{"@context":"https:\/\/schema.org","@graph":[{"@type":"WebPage","@id":"https:\/\/fcspartaktrnava.com\/realizacne-timy-mladeze\/","url":"https:\/\/fcspartaktrnava.com\/realizacne-timy-mladeze\/","name":"Kontakty - ml\u00e1de\u017e - FC Spartak Trnava","isPartOf":{"@id":"https:\/\/fcspartaktrnava.com\/#website"},"datePublished":"2022-09-27T13:48:03+00:00","dateModified":"2026-01-20T09:39:10+00:00","breadcrumb":{"@id":"https:\/\/fcspartaktrnava.com\/realizacne-timy-mladeze\/#breadcrumb"},"inLanguage":"en-GB","potentialAction":[{"@type":"ReadAction","target":["https:\/\/fcspartaktrnava.com\/realizacne-timy-mladeze\/"]}]},{"@type":"BreadcrumbList","@id":"https:\/\/fcspartaktrnava.com\/realizacne-timy-mladeze\/#breadcrumb","itemListElement":[{"@type":"ListItem","position":1,"name":"Home","item":"https:\/\/fcspartaktrnava.com\/"},{"@type":"ListItem","position":2,"name":"Kontakty &#8211; ml\u00e1de\u017e"}]},{"@type":"WebSite","@id":"https:\/\/fcspartaktrnava.com\/#website","url":"https:\/\/fcspartaktrnava.com\/","name":"FC Spartak Trnava","description":"ofici\u00e1lna webstr\u00e1nka futbalov\u00e9ho klubu","publisher":{"@id":"https:\/\/fcspartaktrnava.com\/#organization"},"potentialAction":[{"@type":"SearchAction","target":{"@type":"EntryPoint","urlTemplate":"https:\/\/fcspartaktrnava.com\/?s={search_term_string}"},"query-input":{"@type":"PropertyValueSpecification","valueRequired":true,"valueName":"search_term_string"}}],"inLanguage":"en-GB"},{"@type":"Organization","@id":"https:\/\/fcspartaktrnava.com\/#organization","name":"FC Spartak Trnava","alternateName":"Spartak","url":"https:\/\/fcspartaktrnava.com\/","logo":{"@type":"ImageObject","inLanguage":"en-GB","@id":"https:\/\/fcspartaktrnava.com\/#\/schema\/logo\/image\/","url":"https:\/\/fcspartaktrnava.com\/wp-content\/uploads\/2022\/08\/cropped-site_logo.png","contentUrl":"https:\/\/fcspartaktrnava.com\/wp-content\/uploads\/2022\/08\/cropped-site_logo.png","width":140,"height":140,"caption":"FC Spartak Trnava"},"image":{"@id":"https:\/\/fcspartaktrnava.com\/#\/schema\/logo\/image\/"},"sameAs":["https:\/\/www.facebook.com\/SpartakTrnava","https:\/\/x.com\/SpartakTrnava1","https:\/\/www.instagram.com\/spartak_sk\/"]}]}},"_links":{"self":[{"href":"https:\/\/fcspartaktrnava.com\/en\/wp-json\/wp\/v2\/pages\/1462","targetHints":{"allow":["GET"]}}],"collection":[{"href":"https:\/\/fcspartaktrnava.com\/en\/wp-json\/wp\/v2\/pages"}],"about":[{"href":"https:\/\/fcspartaktrnava.com\/en\/wp-json\/wp\/v2\/types\/page"}],"author":[{"embeddable":true,"href":"https:\/\/fcspartaktrnava.com\/en\/wp-json\/wp\/v2\/users\/5"}],"replies":[{"embeddable":true,"href":"https:\/\/fcspartaktrnava.com\/en\/wp-json\/wp\/v2\/comments?post=1462"}],"version-history":[{"count":0,"href":"https:\/\/fcspartaktrnava.com\/en\/wp-json\/wp\/v2\/pages\/1462\/revisions"}],"wp:attachment":[{"href":"https:\/\/fcspartaktrnava.com\/en\/wp-json\/wp\/v2\/media?parent=1462"}],"curies":[{"name":"wp","href":"https:\/\/api.w.org\/{rel}","templated":true}]}}