{"id":1461,"date":"2022-09-27T13:47:10","date_gmt":"2022-09-27T13:47:10","guid":{"rendered":"https:\/\/fcspartaktrnava.com\/?page_id=1461"},"modified":"2025-02-25T18:16:58","modified_gmt":"2025-02-25T16:16:58","slug":"chces-hrat-za-spartak","status":"publish","type":"page","link":"https:\/\/fcspartaktrnava.com\/en\/chces-hrat-za-spartak\/","title":{"rendered":"Do you want to play for Spartak?"},"content":{"rendered":"<p class=\"has-medium-font-size\">Pokia\u013e chcete pr\u00eds\u0165 na n\u00e1\u0161 tr\u00e9ning s va\u0161im chlapcom alebo diev\u010da\u0165om, kontaktujte pros\u00edm n\u00e1\u0161ho tr\u00e9nera pod\u013ea roku narodenia v\u00e1\u0161ho die\u0165a\u0165a. Doty\u010dn\u00fd tr\u00e9ner v\u00e1m poskytne v\u0161etky inform\u00e1cie, resp. kde, kedy a o ko\u013ekej tr\u00e9nujeme.<br><br>Die\u0165a naroden\u00e9 v roku 2019 a mlad\u0161ie: volajte tr\u00e9nerovi &#8211; Mari\u00e1n Kov\u00e1\u010dik 0910 914 712<br>Die\u0165a naroden\u00e9 v roku 2018: volajte tr\u00e9nerovi &#8211; Luk\u00e1\u0161 Horansk\u00fd 0907 960 965<br>Die\u0165a naroden\u00e9 v roku 2017: volajte tr\u00e9nerovi &#8211; Patrik Petko 0944 531 538<br>Die\u0165a naroden\u00e9 v roku 2016: volajte tr\u00e9nerovi &#8211; Michal Gazd\u00edk 0918 528 157<br>Die\u0165a naroden\u00e9 v roku 2015: volajte tr\u00e9nerovi &#8211; Juraj Koleni\u010d 0911 438 616<br>Die\u0165a naroden\u00e9 v roku 2014: volajte tr\u00e9nerovi &#8211; D\u00e1vid Mi\u0161kovi\u010d 0902 783 341<br>Die\u0165a naroden\u00e9 v roku 2013: volajte tr\u00e9nerovi &#8211; Filip Tomovi\u010d 0918 946 656<br>Die\u0165a naroden\u00e9 v roku 2012: volajte tr\u00e9nerovi &#8211; R\u00f3bert Polakovi\u010d 0904 949 351<br>Die\u0165a naroden\u00e9 v roku 2011: volajte tr\u00e9nerovi &#8211; Tom\u00e1\u0161 K\u00e1nik 0915 350 160<br><br>Pokia\u013e chcete pr\u00eds\u0165 na diev\u010densk\u00fd tr\u00e9ning, kontaktujte n\u00e1\u0161ho tr\u00e9nera Michala Machu\u010da 0911 240 019.<br><\/p>\n\n\n\n<div style=\"height:40px\" aria-hidden=\"true\" class=\"wp-block-spacer\"><\/div>","protected":false},"excerpt":{"rendered":"<p>&#8230;<\/p>","protected":false},"author":5,"featured_media":0,"parent":0,"menu_order":0,"comment_status":"closed","ping_status":"closed","template":"","meta":{"footnotes":""},"class_list":["post-1461","page","type-page","status-publish","hentry","post-number-1"],"yoast_head":"<!-- This site is optimized with the Yoast SEO plugin v27.1.1 - https:\/\/yoast.com\/product\/yoast-seo-wordpress\/ -->\n<title>Chce\u0161 hra\u0165 za Spartak? - FC Spartak Trnava<\/title>\n<meta name=\"robots\" content=\"index, follow, max-snippet:-1, max-image-preview:large, max-video-preview:-1\" \/>\n<link rel=\"canonical\" href=\"https:\/\/fcspartaktrnava.com\/en\/chces-hrat-za-spartak\/\" \/>\n<meta name=\"twitter:label1\" content=\"Estimated reading time\" \/>\n\t<meta name=\"twitter:data1\" content=\"1 minute\" \/>\n<script type=\"application\/ld+json\" class=\"yoast-schema-graph\">{\"@context\":\"https:\/\/schema.org\",\"@graph\":[{\"@type\":\"WebPage\",\"@id\":\"https:\/\/fcspartaktrnava.com\/chces-hrat-za-spartak\/\",\"url\":\"https:\/\/fcspartaktrnava.com\/chces-hrat-za-spartak\/\",\"name\":\"Chce\u0161 hra\u0165 za Spartak? - FC Spartak Trnava\",\"isPartOf\":{\"@id\":\"https:\/\/fcspartaktrnava.com\/#website\"},\"datePublished\":\"2022-09-27T13:47:10+00:00\",\"dateModified\":\"2025-02-25T16:16:58+00:00\",\"breadcrumb\":{\"@id\":\"https:\/\/fcspartaktrnava.com\/chces-hrat-za-spartak\/#breadcrumb\"},\"inLanguage\":\"en-GB\",\"potentialAction\":[{\"@type\":\"ReadAction\",\"target\":[\"https:\/\/fcspartaktrnava.com\/chces-hrat-za-spartak\/\"]}]},{\"@type\":\"BreadcrumbList\",\"@id\":\"https:\/\/fcspartaktrnava.com\/chces-hrat-za-spartak\/#breadcrumb\",\"itemListElement\":[{\"@type\":\"ListItem\",\"position\":1,\"name\":\"Home\",\"item\":\"https:\/\/fcspartaktrnava.com\/\"},{\"@type\":\"ListItem\",\"position\":2,\"name\":\"Chce\u0161 hra\u0165 za Spartak?\"}]},{\"@type\":\"WebSite\",\"@id\":\"https:\/\/fcspartaktrnava.com\/#website\",\"url\":\"https:\/\/fcspartaktrnava.com\/\",\"name\":\"FC Spartak Trnava\",\"description\":\"ofici\u00e1lna webstr\u00e1nka futbalov\u00e9ho klubu\",\"publisher\":{\"@id\":\"https:\/\/fcspartaktrnava.com\/#organization\"},\"potentialAction\":[{\"@type\":\"SearchAction\",\"target\":{\"@type\":\"EntryPoint\",\"urlTemplate\":\"https:\/\/fcspartaktrnava.com\/?s={search_term_string}\"},\"query-input\":{\"@type\":\"PropertyValueSpecification\",\"valueRequired\":true,\"valueName\":\"search_term_string\"}}],\"inLanguage\":\"en-GB\"},{\"@type\":\"Organization\",\"@id\":\"https:\/\/fcspartaktrnava.com\/#organization\",\"name\":\"FC Spartak Trnava\",\"alternateName\":\"Spartak\",\"url\":\"https:\/\/fcspartaktrnava.com\/\",\"logo\":{\"@type\":\"ImageObject\",\"inLanguage\":\"en-GB\",\"@id\":\"https:\/\/fcspartaktrnava.com\/#\/schema\/logo\/image\/\",\"url\":\"https:\/\/fcspartaktrnava.com\/wp-content\/uploads\/2022\/08\/cropped-site_logo.png\",\"contentUrl\":\"https:\/\/fcspartaktrnava.com\/wp-content\/uploads\/2022\/08\/cropped-site_logo.png\",\"width\":140,\"height\":140,\"caption\":\"FC Spartak Trnava\"},\"image\":{\"@id\":\"https:\/\/fcspartaktrnava.com\/#\/schema\/logo\/image\/\"},\"sameAs\":[\"https:\/\/www.facebook.com\/SpartakTrnava\",\"https:\/\/x.com\/SpartakTrnava1\",\"https:\/\/www.instagram.com\/spartak_sk\/\"]}]}<\/script>\n<!-- \/ Yoast SEO plugin. -->","yoast_head_json":{"title":"Chce\u0161 hra\u0165 za Spartak? - FC Spartak Trnava","robots":{"index":"index","follow":"follow","max-snippet":"max-snippet:-1","max-image-preview":"max-image-preview:large","max-video-preview":"max-video-preview:-1"},"canonical":"https:\/\/fcspartaktrnava.com\/en\/chces-hrat-za-spartak\/","twitter_misc":{"Estimated reading time":"1 minute"},"schema":{"@context":"https:\/\/schema.org","@graph":[{"@type":"WebPage","@id":"https:\/\/fcspartaktrnava.com\/chces-hrat-za-spartak\/","url":"https:\/\/fcspartaktrnava.com\/chces-hrat-za-spartak\/","name":"Chce\u0161 hra\u0165 za Spartak? - FC Spartak Trnava","isPartOf":{"@id":"https:\/\/fcspartaktrnava.com\/#website"},"datePublished":"2022-09-27T13:47:10+00:00","dateModified":"2025-02-25T16:16:58+00:00","breadcrumb":{"@id":"https:\/\/fcspartaktrnava.com\/chces-hrat-za-spartak\/#breadcrumb"},"inLanguage":"en-GB","potentialAction":[{"@type":"ReadAction","target":["https:\/\/fcspartaktrnava.com\/chces-hrat-za-spartak\/"]}]},{"@type":"BreadcrumbList","@id":"https:\/\/fcspartaktrnava.com\/chces-hrat-za-spartak\/#breadcrumb","itemListElement":[{"@type":"ListItem","position":1,"name":"Home","item":"https:\/\/fcspartaktrnava.com\/"},{"@type":"ListItem","position":2,"name":"Chce\u0161 hra\u0165 za Spartak?"}]},{"@type":"WebSite","@id":"https:\/\/fcspartaktrnava.com\/#website","url":"https:\/\/fcspartaktrnava.com\/","name":"FC Spartak Trnava","description":"ofici\u00e1lna webstr\u00e1nka futbalov\u00e9ho klubu","publisher":{"@id":"https:\/\/fcspartaktrnava.com\/#organization"},"potentialAction":[{"@type":"SearchAction","target":{"@type":"EntryPoint","urlTemplate":"https:\/\/fcspartaktrnava.com\/?s={search_term_string}"},"query-input":{"@type":"PropertyValueSpecification","valueRequired":true,"valueName":"search_term_string"}}],"inLanguage":"en-GB"},{"@type":"Organization","@id":"https:\/\/fcspartaktrnava.com\/#organization","name":"FC Spartak Trnava","alternateName":"Spartak","url":"https:\/\/fcspartaktrnava.com\/","logo":{"@type":"ImageObject","inLanguage":"en-GB","@id":"https:\/\/fcspartaktrnava.com\/#\/schema\/logo\/image\/","url":"https:\/\/fcspartaktrnava.com\/wp-content\/uploads\/2022\/08\/cropped-site_logo.png","contentUrl":"https:\/\/fcspartaktrnava.com\/wp-content\/uploads\/2022\/08\/cropped-site_logo.png","width":140,"height":140,"caption":"FC Spartak Trnava"},"image":{"@id":"https:\/\/fcspartaktrnava.com\/#\/schema\/logo\/image\/"},"sameAs":["https:\/\/www.facebook.com\/SpartakTrnava","https:\/\/x.com\/SpartakTrnava1","https:\/\/www.instagram.com\/spartak_sk\/"]}]}},"_links":{"self":[{"href":"https:\/\/fcspartaktrnava.com\/en\/wp-json\/wp\/v2\/pages\/1461","targetHints":{"allow":["GET"]}}],"collection":[{"href":"https:\/\/fcspartaktrnava.com\/en\/wp-json\/wp\/v2\/pages"}],"about":[{"href":"https:\/\/fcspartaktrnava.com\/en\/wp-json\/wp\/v2\/types\/page"}],"author":[{"embeddable":true,"href":"https:\/\/fcspartaktrnava.com\/en\/wp-json\/wp\/v2\/users\/5"}],"replies":[{"embeddable":true,"href":"https:\/\/fcspartaktrnava.com\/en\/wp-json\/wp\/v2\/comments?post=1461"}],"version-history":[{"count":0,"href":"https:\/\/fcspartaktrnava.com\/en\/wp-json\/wp\/v2\/pages\/1461\/revisions"}],"wp:attachment":[{"href":"https:\/\/fcspartaktrnava.com\/en\/wp-json\/wp\/v2\/media?parent=1461"}],"curies":[{"name":"wp","href":"https:\/\/api.w.org\/{rel}","templated":true}]}}